{"id":1299,"date":"2023-10-24T11:25:29","date_gmt":"2023-10-24T11:25:29","guid":{"rendered":"https:\/\/safetycultureladder.com\/?page_id=1299"},"modified":"2023-10-30T10:05:20","modified_gmt":"2023-10-30T10:05:20","slug":"eisenbahnsektor","status":"publish","type":"page","link":"https:\/\/safetycultureladder.com\/de\/eisenbahnsektor\/","title":{"rendered":"Eisenbahnsektor"},"content":{"rendered":"<div data-elementor-type=\"wp-page\" data-elementor-id=\"1299\" class=\"elementor elementor-1299\" data-elementor-post-type=\"page\">\n\t\t\t\t<div class=\"elementor-element elementor-element-3f6a5b6 e-con-full e-flex e-con e-parent\" data-id=\"3f6a5b6\" data-element_type=\"container\" data-settings=\"{&quot;jet_parallax_layout_list&quot;:[],&quot;background_background&quot;:&quot;classic&quot;}\">\n\t\t<div class=\"elementor-element elementor-element-266261c e-flex e-con-boxed e-con e-child\" data-id=\"266261c\" data-element_type=\"container\" data-settings=\"{&quot;jet_parallax_layout_list&quot;:[]}\">\n\t\t\t\t\t<div class=\"e-con-inner\">\n\t\t<div class=\"elementor-element elementor-element-62f524c e-con-full e-flex e-con e-child\" data-id=\"62f524c\" data-element_type=\"container\" data-settings=\"{&quot;jet_parallax_layout_list&quot;:[]}\">\n\t\t<div class=\"elementor-element elementor-element-78774a7 e-con-full e-flex e-con e-child\" data-id=\"78774a7\" data-element_type=\"container\" data-settings=\"{&quot;jet_parallax_layout_list&quot;:[]}\">\n\t\t\t\t<div class=\"elementor-element elementor-element-3541965 elementor-widget__width-initial elementor-widget-mobile__width-auto elementor-widget elementor-widget-heading\" data-id=\"3541965\" data-element_type=\"widget\" data-widget_type=\"heading.default\">\n\t\t\t\t<div class=\"elementor-widget-container\">\n\t\t\t\t\t<h1 class=\"elementor-heading-title elementor-size-default\">Eisenbahnsektor<\/h1>\t\t\t\t<\/div>\n\t\t\t\t<\/div>\n\t\t\t\t<\/div>\n\t\t\t\t<\/div>\n\t\t<div class=\"elementor-element elementor-element-c70efd8 e-con-full e-flex e-con e-child\" data-id=\"c70efd8\" data-element_type=\"container\" data-settings=\"{&quot;jet_parallax_layout_list&quot;:[]}\">\n\t\t\t\t<\/div>\n\t\t\t\t\t<\/div>\n\t\t\t\t<\/div>\n\t\t\t\t<\/div>\n\t\t<div class=\"elementor-element elementor-element-e23f5b0 e-flex e-con-boxed e-con e-parent\" data-id=\"e23f5b0\" data-element_type=\"container\" data-settings=\"{&quot;jet_parallax_layout_list&quot;:[]}\">\n\t\t\t\t\t<div class=\"e-con-inner\">\n\t\t\t\t<div class=\"elementor-element elementor-element-9e239d3 elementor-view-default elementor-widget elementor-widget-icon\" data-id=\"9e239d3\" data-element_type=\"widget\" data-widget_type=\"icon.default\">\n\t\t\t\t<div class=\"elementor-widget-container\">\n\t\t\t\t\t\t\t<div class=\"elementor-icon-wrapper\">\n\t\t\t<div class=\"elementor-icon\">\n\t\t\t\t\t\t<\/div>\n\t\t<\/div>\n\t\t\t\t\t\t<\/div>\n\t\t\t\t<\/div>\n\t\t\t\t\t<\/div>\n\t\t\t\t<\/div>\n\t\t<div class=\"elementor-element elementor-element-5c56c0c e-flex e-con-boxed e-con e-parent\" data-id=\"5c56c0c\" data-element_type=\"container\" data-settings=\"{&quot;jet_parallax_layout_list&quot;:[]}\">\n\t\t\t\t\t<div class=\"e-con-inner\">\n\t\t<div class=\"elementor-element elementor-element-9fbff4d e-flex e-con-boxed e-con e-child\" data-id=\"9fbff4d\" data-element_type=\"container\" data-settings=\"{&quot;jet_parallax_layout_list&quot;:[]}\">\n\t\t\t\t\t<div class=\"e-con-inner\">\n\t\t\t\t<div class=\"elementor-element elementor-element-b003a6b elementor-widget__width-initial elementor-widget elementor-widget-heading\" data-id=\"b003a6b\" data-element_type=\"widget\" data-widget_type=\"heading.default\">\n\t\t\t\t<div class=\"elementor-widget-container\">\n\t\t\t\t\t<h2 class=\"elementor-heading-title elementor-size-default\">Sicherheitskultur-Leiter f\u00fcr den Eisenbahnsektor <\/h2>\t\t\t\t<\/div>\n\t\t\t\t<\/div>\n\t\t\t\t<div class=\"elementor-element elementor-element-a201325 elementor-widget elementor-widget-text-editor\" data-id=\"a201325\" data-element_type=\"widget\" data-widget_type=\"text-editor.default\">\n\t\t\t\t<div class=\"elementor-widget-container\">\n\t\t\t\t\t\t\t\t\tSicheres und unfallfreies Arbeiten auf, an und vor der Schiene. Das ist das Sicherheitsziel f\u00fcr den Eisenbahnsektor. Um die Sicherheit aller, die am Gleis arbeiten, zu gew\u00e4hrleisten, gibt es Vorschriften und Regeln. Aber sicheres Arbeiten h\u00f6rt nicht bei den Mitarbeitern auf. Bewusstes sicheres Arbeiten ist auch f\u00fcr Auftragnehmer sehr wichtig.  \n\n \t\t\t\t\t\t\t\t<\/div>\n\t\t\t\t<\/div>\n\t\t\t\t<div class=\"elementor-element elementor-element-8bcc177 elementor-view-default elementor-widget elementor-widget-icon\" data-id=\"8bcc177\" data-element_type=\"widget\" data-widget_type=\"icon.default\">\n\t\t\t\t<div class=\"elementor-widget-container\">\n\t\t\t\t\t\t\t<div class=\"elementor-icon-wrapper\">\n\t\t\t<div class=\"elementor-icon\">\n\t\t\t\t\t\t<\/div>\n\t\t<\/div>\n\t\t\t\t\t\t<\/div>\n\t\t\t\t<\/div>\n\t\t\t\t<div class=\"elementor-element elementor-element-db52832 elementor-widget elementor-widget-jet-carousel\" data-id=\"db52832\" data-element_type=\"widget\" data-settings=\"{&quot;slides_to_show_mobile&quot;:&quot;1&quot;,&quot;slides_to_show&quot;:&quot;1&quot;,&quot;slides_to_scroll&quot;:&quot;1&quot;}\" data-widget_type=\"jet-carousel.default\">\n\t\t\t\t<div class=\"elementor-widget-container\">\n\t\t\t\t\t<div class=\"elementor-jet-carousel jet-elements\"><div class=\"jet-carousel-wrap\">\n\t<div class=\"jet-carousel\" data-slider_options=\"{&quot;autoplaySpeed&quot;:5000,&quot;autoplay&quot;:false,&quot;infinite&quot;:false,&quot;centerMode&quot;:false,&quot;centerPadding&quot;:&quot;50px&quot;,&quot;pauseOnHover&quot;:false,&quot;speed&quot;:500,&quot;arrows&quot;:false,&quot;dots&quot;:true,&quot;variableWidth&quot;:false,&quot;prevArrow&quot;:&quot;.jet-carousel__prev-arrow-db52832&quot;,&quot;nextArrow&quot;:&quot;.jet-carousel__next-arrow-db52832&quot;,&quot;rtl&quot;:false,&quot;fractionNav&quot;:false,&quot;fade&quot;:false}\" dir=\"ltr\">\n\t<div class=\"elementor-slick-slider\">\n\n<div class=\"jet-carousel__item\">\n\t<div class=\"jet-carousel__item-inner\"><div class=\"jet-carousel__content\"><h5 class=\"jet-carousel__item-title\"><\/h5><div class=\"jet-carousel__item-text\"><p>noch zu besetzen<\/p><p><span style=\"font-weight: 600; font-style: normal;\">...<\/span><\/p><\/div><\/div><\/div>\n<\/div>\n<\/div><\/div>\n<\/div>\n<\/div>\t\t\t\t<\/div>\n\t\t\t\t<\/div>\n\t\t\t\t\t<\/div>\n\t\t\t\t<\/div>\n\t\t\t\t\t<\/div>\n\t\t\t\t<\/div>\n\t\t<div class=\"elementor-element elementor-element-b152a04 e-flex e-con-boxed e-con e-parent\" data-id=\"b152a04\" data-element_type=\"container\" data-settings=\"{&quot;background_background&quot;:&quot;classic&quot;,&quot;jet_parallax_layout_list&quot;:[]}\">\n\t\t\t\t\t<div class=\"e-con-inner\">\n\t\t<div class=\"elementor-element elementor-element-108df0e e-flex e-con-boxed e-con e-child\" data-id=\"108df0e\" data-element_type=\"container\" data-settings=\"{&quot;jet_parallax_layout_list&quot;:[]}\">\n\t\t\t\t\t<div class=\"e-con-inner\">\n\t\t\t\t<div class=\"elementor-element elementor-element-7b4b584 elementor-widget elementor-widget-image\" data-id=\"7b4b584\" data-element_type=\"widget\" data-widget_type=\"image.default\">\n\t\t\t\t<div class=\"elementor-widget-container\">\n\t\t\t\t\t\t\t\t\t\t\t\t\t\t\t<img decoding=\"async\" src=\"https:\/\/safetycultureladder.com\/app\/uploads\/2023\/10\/arbeider.jpg\" title=\"\" alt=\"\" loading=\"lazy\" \/>\t\t\t\t\t\t\t\t\t\t\t\t\t\t\t<\/div>\n\t\t\t\t<\/div>\n\t\t\t\t\t<\/div>\n\t\t\t\t<\/div>\n\t\t<div class=\"elementor-element elementor-element-8d4b930 e-flex e-con-boxed e-con e-child\" data-id=\"8d4b930\" data-element_type=\"container\" data-settings=\"{&quot;jet_parallax_layout_list&quot;:[]}\">\n\t\t\t\t\t<div class=\"e-con-inner\">\n\t\t\t\t<div class=\"elementor-element elementor-element-d70b2ab elementor-widget__width-auto elementor-widget elementor-widget-heading\" data-id=\"d70b2ab\" data-element_type=\"widget\" data-widget_type=\"heading.default\">\n\t\t\t\t<div class=\"elementor-widget-container\">\n\t\t\t\t\t<h2 class=\"elementor-heading-title elementor-size-default\">Vorteile der SCL f\u00fcr Ausschreibungen <\/h2>\t\t\t\t<\/div>\n\t\t\t\t<\/div>\n\t\t\t\t<div class=\"elementor-element elementor-element-e838cb2 elementor-widget elementor-widget-text-editor\" data-id=\"e838cb2\" data-element_type=\"widget\" data-widget_type=\"text-editor.default\">\n\t\t\t\t<div class=\"elementor-widget-container\">\n\t\t\t\t\t\t\t\t\t<p>Mit einem einfachen Zertifizierungssystem weist die SCL nach, wie sicherheitsbewusst Ihr Unternehmen ist. Es ist f\u00fcr eine Firma von gro\u00dfem Nutzen bei einer Ausschreibung teilzunehmen. Je h\u00f6her das Sicherheitsbewusstsein, desto gr\u00f6\u00dfer sind Ihre Chancen, eine Ausschreibung zu gewinnen.\u00a0<\/p><p>Sie fragen sich, welches SCL-Produkt f\u00fcr den Bahnsektor ben\u00f6tigt wird? Pr\u00fcfen Sie es hier!<\/p>\t\t\t\t\t\t\t\t<\/div>\n\t\t\t\t<\/div>\n\t\t\t\t<div class=\"elementor-element elementor-element-1a83900 elementor-widget elementor-widget-button\" data-id=\"1a83900\" data-element_type=\"widget\" data-widget_type=\"button.default\">\n\t\t\t\t<div class=\"elementor-widget-container\">\n\t\t\t\t\t\t\t\t\t<div class=\"elementor-button-wrapper\">\n\t\t\t\t\t<a class=\"elementor-button elementor-button-link elementor-size-sm\" href=\"https:\/\/safetycultureladder.com\/de\/scl-produkte\/scl-produkte-prorail\/\">\n\t\t\t\t\t\t<span class=\"elementor-button-content-wrapper\">\n\t\t\t\t\t\t\t\t\t<span class=\"elementor-button-text\">Weiterlesen<\/span>\n\t\t\t\t\t<\/span>\n\t\t\t\t\t<\/a>\n\t\t\t\t<\/div>\n\t\t\t\t\t\t\t\t<\/div>\n\t\t\t\t<\/div>\n\t\t\t\t\t<\/div>\n\t\t\t\t<\/div>\n\t\t\t\t\t<\/div>\n\t\t\t\t<\/div>\n\t\t<div class=\"elementor-element elementor-element-86d56f1 e-flex e-con-boxed e-con e-parent\" data-id=\"86d56f1\" data-element_type=\"container\" data-settings=\"{&quot;jet_parallax_layout_list&quot;:[]}\">\n\t\t\t\t\t<div class=\"e-con-inner\">\n\t\t<div class=\"elementor-element elementor-element-64f245c e-flex e-con-boxed e-con e-child\" data-id=\"64f245c\" data-element_type=\"container\" data-settings=\"{&quot;jet_parallax_layout_list&quot;:[]}\">\n\t\t\t\t\t<div class=\"e-con-inner\">\n\t\t\t\t<div class=\"elementor-element elementor-element-d820267 elementor-widget__width-initial elementor-widget-mobile__width-inherit elementor-widget-tablet__width-initial elementor-widget elementor-widget-heading\" data-id=\"d820267\" data-element_type=\"widget\" data-widget_type=\"heading.default\">\n\t\t\t\t<div class=\"elementor-widget-container\">\n\t\t\t\t\t<h2 class=\"elementor-heading-title elementor-size-default\">SCL tr\u00e4gt zur sicheren Gleisarbeit bei <\/h2>\t\t\t\t<\/div>\n\t\t\t\t<\/div>\n\t\t\t\t\t<\/div>\n\t\t\t\t<\/div>\n\t\t<div class=\"elementor-element elementor-element-40cf1bf e-flex e-con-boxed e-con e-child\" data-id=\"40cf1bf\" data-element_type=\"container\" data-settings=\"{&quot;jet_parallax_layout_list&quot;:[]}\">\n\t\t\t\t\t<div class=\"e-con-inner\">\n\t\t<div class=\"elementor-element elementor-element-6e788d2 e-con-full e-flex e-con e-child\" data-id=\"6e788d2\" data-element_type=\"container\" data-settings=\"{&quot;jet_parallax_layout_list&quot;:[]}\">\n\t\t\t\t<div class=\"elementor-element elementor-element-2d206f7 elementor-widget elementor-widget-text-editor\" data-id=\"2d206f7\" data-element_type=\"widget\" data-widget_type=\"text-editor.default\">\n\t\t\t\t<div class=\"elementor-widget-container\">\n\t\t\t\t\t\t\t\t\t<p>Die Urspr\u00fcnge der Safety Culture Ladder, fr\u00fcher Safety Ladder, liegen bei ProRail. Der Bahnbetreiber wollte die Sicherheit erh\u00f6hen. Zu diesem Zweck wurde die Safety Culture Ladder entwickelt. Da Sicherheit viel breiter angelegt und in allen Branchen anwendbar ist, \u00fcbernahm die NEN die SCL. Die Safety Culture Ladder ist in allen Branchen anwendbar.<\/p><p>M\u00f6chten Sie mehr \u00fcber SCL im Eisenbahnsektor erfahren? Informieren Sie sich auf der Website von <a href=\"https:\/\/www.prorail.nl\/samenwerken\/leveranciers\/regelingen\/veiligheidsladder\" target=\"_blank\" rel=\"noopener\">ProRail<\/a>.<\/p>\t\t\t\t\t\t\t\t<\/div>\n\t\t\t\t<\/div>\n\t\t\t\t<\/div>\n\t\t<div class=\"elementor-element elementor-element-5c37705 e-flex e-con-boxed e-con e-child\" data-id=\"5c37705\" data-element_type=\"container\" data-settings=\"{&quot;jet_parallax_layout_list&quot;:[],&quot;background_background&quot;:&quot;classic&quot;}\">\n\t\t\t\t\t<div class=\"e-con-inner\">\n\t\t\t\t<div class=\"elementor-element elementor-element-1c57f8e elementor-widget elementor-widget-image\" data-id=\"1c57f8e\" data-element_type=\"widget\" data-widget_type=\"image.default\">\n\t\t\t\t<div class=\"elementor-widget-container\">\n\t\t\t\t\t\t\t\t\t\t\t\t\t\t\t<img decoding=\"async\" src=\"https:\/\/safetycultureladder.com\/app\/uploads\/2023\/09\/foto2.png\" title=\"\" alt=\"\" loading=\"lazy\" \/>\t\t\t\t\t\t\t\t\t\t\t\t\t\t\t<\/div>\n\t\t\t\t<\/div>\n\t\t\t\t\t<\/div>\n\t\t\t\t<\/div>\n\t\t\t\t\t<\/div>\n\t\t\t\t<\/div>\n\t\t\t\t\t<\/div>\n\t\t\t\t<\/div>\n\t\t\t\t<\/div>","protected":false},"excerpt":{"rendered":"<p>Sicherheitskultur im Eisenbahnsektor Leiter f\u00fcr den Eisenbahnsektor Sicheres und unfallfreies Arbeiten auf, an und vor der Eisenbahn. Das ist das Sicherheitsziel f\u00fcr den Eisenbahnsektor. Um die Sicherheit aller, die am Gleis arbeiten, zu gew\u00e4hrleisten, gibt es Vorschriften und Regeln. Aber sicheres Arbeiten h\u00f6rt nicht bei den Mitarbeitern auf. Auch f\u00fcr Auftragnehmer gilt: Bewusst [...]<\/p>","protected":false},"author":1,"featured_media":0,"parent":0,"menu_order":0,"comment_status":"closed","ping_status":"closed","template":"","meta":{"_acf_changed":false,"footnotes":""},"class_list":["post-1299","page","type-page","status-publish","hentry"],"acf":[],"yoast_head":"<!-- This site is optimized with the Yoast SEO plugin v26.7 - https:\/\/yoast.com\/wordpress\/plugins\/seo\/ -->\n<title>Spoorsector - Safety Culture Ladder<\/title>\n<meta name=\"robots\" content=\"index, follow, max-snippet:-1, max-image-preview:large, max-video-preview:-1\" \/>\n<link rel=\"canonical\" href=\"https:\/\/safetycultureladder.com\/de\/eisenbahnsektor\/\" \/>\n<meta property=\"og:locale\" content=\"de_DE\" \/>\n<meta property=\"og:type\" content=\"article\" \/>\n<meta property=\"og:title\" content=\"Spoorsector - Safety Culture Ladder\" \/>\n<meta property=\"og:description\" content=\"Spoorsector Safety Culture Ladder voor de spoorsector Veilig werken aan, op of voor het spoor, zonder ongevallen. Dat is het veiligheidsdoel voor de spoorsector. Om de veiligheid van iedereen die aan het spoor werkt te garanderen, zijn er voorschriften en regels. Maar veilig werken houdt niet op bij de medewerkers. Ook voor opdrachtnemers is bewust [&hellip;]\" \/>\n<meta property=\"og:url\" content=\"https:\/\/safetycultureladder.com\/de\/eisenbahnsektor\/\" \/>\n<meta property=\"og:site_name\" content=\"Safety Culture Ladder\" \/>\n<meta property=\"article:modified_time\" content=\"2023-10-30T10:05:20+00:00\" \/>\n<meta property=\"og:image\" content=\"https:\/\/safetycultureladder.com\/app\/uploads\/2023\/10\/arbeider.jpg\" \/>\n<meta name=\"twitter:card\" content=\"summary_large_image\" \/>\n<script type=\"application\/ld+json\" class=\"yoast-schema-graph\">{\"@context\":\"https:\/\/schema.org\",\"@graph\":[{\"@type\":\"WebPage\",\"@id\":\"https:\/\/safetycultureladder.com\/spoorsector\/\",\"url\":\"https:\/\/safetycultureladder.com\/spoorsector\/\",\"name\":\"Spoorsector - Safety Culture Ladder\",\"isPartOf\":{\"@id\":\"https:\/\/safetycultureladder.com\/en\/#website\"},\"primaryImageOfPage\":{\"@id\":\"https:\/\/safetycultureladder.com\/spoorsector\/#primaryimage\"},\"image\":{\"@id\":\"https:\/\/safetycultureladder.com\/spoorsector\/#primaryimage\"},\"thumbnailUrl\":\"https:\/\/safetycultureladder.com\/app\/uploads\/2023\/10\/arbeider.jpg\",\"datePublished\":\"2023-10-24T11:25:29+00:00\",\"dateModified\":\"2023-10-30T10:05:20+00:00\",\"breadcrumb\":{\"@id\":\"https:\/\/safetycultureladder.com\/spoorsector\/#breadcrumb\"},\"inLanguage\":\"de-DE\",\"potentialAction\":[{\"@type\":\"ReadAction\",\"target\":[\"https:\/\/safetycultureladder.com\/spoorsector\/\"]}]},{\"@type\":\"ImageObject\",\"inLanguage\":\"de-DE\",\"@id\":\"https:\/\/safetycultureladder.com\/spoorsector\/#primaryimage\",\"url\":\"https:\/\/safetycultureladder.com\/app\/uploads\/2023\/10\/arbeider.jpg\",\"contentUrl\":\"https:\/\/safetycultureladder.com\/app\/uploads\/2023\/10\/arbeider.jpg\"},{\"@type\":\"BreadcrumbList\",\"@id\":\"https:\/\/safetycultureladder.com\/spoorsector\/#breadcrumb\",\"itemListElement\":[{\"@type\":\"ListItem\",\"position\":1,\"name\":\"Home\",\"item\":\"https:\/\/safetycultureladder.com\/\"},{\"@type\":\"ListItem\",\"position\":2,\"name\":\"Spoorsector\"}]},{\"@type\":\"WebSite\",\"@id\":\"https:\/\/safetycultureladder.com\/en\/#website\",\"url\":\"https:\/\/safetycultureladder.com\/en\/\",\"name\":\"Safety Culture Ladder\",\"description\":\"\",\"publisher\":{\"@id\":\"https:\/\/safetycultureladder.com\/en\/#organization\"},\"potentialAction\":[{\"@type\":\"SearchAction\",\"target\":{\"@type\":\"EntryPoint\",\"urlTemplate\":\"https:\/\/safetycultureladder.com\/en\/?s={search_term_string}\"},\"query-input\":{\"@type\":\"PropertyValueSpecification\",\"valueRequired\":true,\"valueName\":\"search_term_string\"}}],\"inLanguage\":\"de-DE\"},{\"@type\":\"Organization\",\"@id\":\"https:\/\/safetycultureladder.com\/en\/#organization\",\"name\":\"Safety Culture Ladder\",\"url\":\"https:\/\/safetycultureladder.com\/en\/\",\"logo\":{\"@type\":\"ImageObject\",\"inLanguage\":\"de-DE\",\"@id\":\"https:\/\/safetycultureladder.com\/en\/#\/schema\/logo\/image\/\",\"url\":\"https:\/\/safetycultureladder.com\/app\/uploads\/2023\/09\/NEN-Safety-Culture-Ladder_Logo-RGB-1.svg\",\"contentUrl\":\"https:\/\/safetycultureladder.com\/app\/uploads\/2023\/09\/NEN-Safety-Culture-Ladder_Logo-RGB-1.svg\",\"width\":456,\"height\":36,\"caption\":\"Safety Culture Ladder\"},\"image\":{\"@id\":\"https:\/\/safetycultureladder.com\/en\/#\/schema\/logo\/image\/\"}}]}<\/script>\n<!-- \/ Yoast SEO plugin. -->","yoast_head_json":{"title":"Eisenbahnsektor - Leiter der Sicherheitskultur","robots":{"index":"index","follow":"follow","max-snippet":"max-snippet:-1","max-image-preview":"max-image-preview:large","max-video-preview":"max-video-preview:-1"},"canonical":"https:\/\/safetycultureladder.com\/de\/eisenbahnsektor\/","og_locale":"de_DE","og_type":"article","og_title":"Spoorsector - Safety Culture Ladder","og_description":"Spoorsector Safety Culture Ladder voor de spoorsector Veilig werken aan, op of voor het spoor, zonder ongevallen. Dat is het veiligheidsdoel voor de spoorsector. Om de veiligheid van iedereen die aan het spoor werkt te garanderen, zijn er voorschriften en regels. Maar veilig werken houdt niet op bij de medewerkers. Ook voor opdrachtnemers is bewust [&hellip;]","og_url":"https:\/\/safetycultureladder.com\/de\/eisenbahnsektor\/","og_site_name":"Safety Culture Ladder","article_modified_time":"2023-10-30T10:05:20+00:00","og_image":[{"url":"https:\/\/safetycultureladder.com\/app\/uploads\/2023\/10\/arbeider.jpg","type":"","width":"","height":""}],"twitter_card":"summary_large_image","schema":{"@context":"https:\/\/schema.org","@graph":[{"@type":"WebPage","@id":"https:\/\/safetycultureladder.com\/spoorsector\/","url":"https:\/\/safetycultureladder.com\/spoorsector\/","name":"Eisenbahnsektor - Leiter der Sicherheitskultur","isPartOf":{"@id":"https:\/\/safetycultureladder.com\/en\/#website"},"primaryImageOfPage":{"@id":"https:\/\/safetycultureladder.com\/spoorsector\/#primaryimage"},"image":{"@id":"https:\/\/safetycultureladder.com\/spoorsector\/#primaryimage"},"thumbnailUrl":"https:\/\/safetycultureladder.com\/app\/uploads\/2023\/10\/arbeider.jpg","datePublished":"2023-10-24T11:25:29+00:00","dateModified":"2023-10-30T10:05:20+00:00","breadcrumb":{"@id":"https:\/\/safetycultureladder.com\/spoorsector\/#breadcrumb"},"inLanguage":"de-DE","potentialAction":[{"@type":"ReadAction","target":["https:\/\/safetycultureladder.com\/spoorsector\/"]}]},{"@type":"ImageObject","inLanguage":"de-DE","@id":"https:\/\/safetycultureladder.com\/spoorsector\/#primaryimage","url":"https:\/\/safetycultureladder.com\/app\/uploads\/2023\/10\/arbeider.jpg","contentUrl":"https:\/\/safetycultureladder.com\/app\/uploads\/2023\/10\/arbeider.jpg"},{"@type":"BreadcrumbList","@id":"https:\/\/safetycultureladder.com\/spoorsector\/#breadcrumb","itemListElement":[{"@type":"ListItem","position":1,"name":"Home","item":"https:\/\/safetycultureladder.com\/"},{"@type":"ListItem","position":2,"name":"Spoorsector"}]},{"@type":"WebSite","@id":"https:\/\/safetycultureladder.com\/en\/#website","url":"https:\/\/safetycultureladder.com\/en\/","name":"Leiter f\u00fcr Sicherheitskultur","description":"","publisher":{"@id":"https:\/\/safetycultureladder.com\/en\/#organization"},"potentialAction":[{"@type":"SearchAction","target":{"@type":"EntryPoint","urlTemplate":"https:\/\/safetycultureladder.com\/en\/?s={search_term_string}"},"query-input":{"@type":"PropertyValueSpecification","valueRequired":true,"valueName":"search_term_string"}}],"inLanguage":"de-DE"},{"@type":"Organization","@id":"https:\/\/safetycultureladder.com\/en\/#organization","name":"Leiter f\u00fcr Sicherheitskultur","url":"https:\/\/safetycultureladder.com\/en\/","logo":{"@type":"ImageObject","inLanguage":"de-DE","@id":"https:\/\/safetycultureladder.com\/en\/#\/schema\/logo\/image\/","url":"https:\/\/safetycultureladder.com\/app\/uploads\/2023\/09\/NEN-Safety-Culture-Ladder_Logo-RGB-1.svg","contentUrl":"https:\/\/safetycultureladder.com\/app\/uploads\/2023\/09\/NEN-Safety-Culture-Ladder_Logo-RGB-1.svg","width":456,"height":36,"caption":"Safety Culture Ladder"},"image":{"@id":"https:\/\/safetycultureladder.com\/en\/#\/schema\/logo\/image\/"}}]}},"_links":{"self":[{"href":"https:\/\/safetycultureladder.com\/de\/wp-json\/wp\/v2\/pages\/1299","targetHints":{"allow":["GET"]}}],"collection":[{"href":"https:\/\/safetycultureladder.com\/de\/wp-json\/wp\/v2\/pages"}],"about":[{"href":"https:\/\/safetycultureladder.com\/de\/wp-json\/wp\/v2\/types\/page"}],"author":[{"embeddable":true,"href":"https:\/\/safetycultureladder.com\/de\/wp-json\/wp\/v2\/users\/1"}],"replies":[{"embeddable":true,"href":"https:\/\/safetycultureladder.com\/de\/wp-json\/wp\/v2\/comments?post=1299"}],"version-history":[{"count":46,"href":"https:\/\/safetycultureladder.com\/de\/wp-json\/wp\/v2\/pages\/1299\/revisions"}],"predecessor-version":[{"id":1935,"href":"https:\/\/safetycultureladder.com\/de\/wp-json\/wp\/v2\/pages\/1299\/revisions\/1935"}],"wp:attachment":[{"href":"https:\/\/safetycultureladder.com\/de\/wp-json\/wp\/v2\/media?parent=1299"}],"curies":[{"name":"wp","href":"https:\/\/api.w.org\/{rel}","templated":true}]}}