{"id":1344,"date":"2023-10-24T12:42:49","date_gmt":"2023-10-24T12:42:49","guid":{"rendered":"https:\/\/safetycultureladder.com\/?page_id=1344"},"modified":"2026-04-13T13:11:47","modified_gmt":"2026-04-13T13:11:47","slug":"andere-sektoren","status":"publish","type":"page","link":"https:\/\/safetycultureladder.com\/de\/andere-sektoren\/","title":{"rendered":"Weitere Branchen"},"content":{"rendered":"<div data-elementor-type=\"wp-page\" data-elementor-id=\"1344\" class=\"elementor elementor-1344\" data-elementor-post-type=\"page\">\n\t\t\t\t<div class=\"elementor-element elementor-element-3f6a5b6 e-con-full e-flex e-con e-parent\" data-id=\"3f6a5b6\" data-element_type=\"container\" data-settings=\"{&quot;jet_parallax_layout_list&quot;:[],&quot;background_background&quot;:&quot;classic&quot;}\">\n\t\t<div class=\"elementor-element elementor-element-266261c e-flex e-con-boxed e-con e-child\" data-id=\"266261c\" data-element_type=\"container\" data-settings=\"{&quot;jet_parallax_layout_list&quot;:[]}\">\n\t\t\t\t\t<div class=\"e-con-inner\">\n\t\t<div class=\"elementor-element elementor-element-62f524c e-con-full e-flex e-con e-child\" data-id=\"62f524c\" data-element_type=\"container\" data-settings=\"{&quot;jet_parallax_layout_list&quot;:[]}\">\n\t\t<div class=\"elementor-element elementor-element-78774a7 e-con-full e-flex e-con e-child\" data-id=\"78774a7\" data-element_type=\"container\" data-settings=\"{&quot;jet_parallax_layout_list&quot;:[]}\">\n\t\t\t\t<div class=\"elementor-element elementor-element-3541965 elementor-widget__width-initial elementor-widget-mobile__width-auto elementor-widget elementor-widget-heading\" data-id=\"3541965\" data-element_type=\"widget\" data-widget_type=\"heading.default\">\n\t\t\t\t<div class=\"elementor-widget-container\">\n\t\t\t\t\t<h1 class=\"elementor-heading-title elementor-size-default\">F\u00fcr wen<\/h1>\t\t\t\t<\/div>\n\t\t\t\t<\/div>\n\t\t\t\t<div class=\"elementor-element elementor-element-95ed270 elementor-widget elementor-widget-text-editor\" data-id=\"95ed270\" data-element_type=\"widget\" data-widget_type=\"text-editor.default\">\n\t\t\t\t<div class=\"elementor-widget-container\">\n\t\t\t\t\t\t\t\t\tDie SCL tr\u00e4gt dazu bei, die Anzahl unsicherer und ungesunder Situationen am Arbeitsplatz zu reduzieren. \t\t\t\t\t\t\t\t<\/div>\n\t\t\t\t<\/div>\n\t\t\t\t<\/div>\n\t\t\t\t<\/div>\n\t\t<div class=\"elementor-element elementor-element-c70efd8 e-con-full e-flex e-con e-child\" data-id=\"c70efd8\" data-element_type=\"container\" data-settings=\"{&quot;jet_parallax_layout_list&quot;:[]}\">\n\t\t\t\t<\/div>\n\t\t\t\t\t<\/div>\n\t\t\t\t<\/div>\n\t\t\t\t<\/div>\n\t\t<div class=\"elementor-element elementor-element-5c56c0c e-flex e-con-boxed e-con e-parent\" data-id=\"5c56c0c\" data-element_type=\"container\" data-settings=\"{&quot;jet_parallax_layout_list&quot;:[]}\">\n\t\t\t\t\t<div class=\"e-con-inner\">\n\t\t<div class=\"elementor-element elementor-element-9fbff4d e-flex e-con-boxed e-con e-child\" data-id=\"9fbff4d\" data-element_type=\"container\" data-settings=\"{&quot;jet_parallax_layout_list&quot;:[]}\">\n\t\t\t\t\t<div class=\"e-con-inner\">\n\t\t\t\t<div class=\"elementor-element elementor-element-b003a6b elementor-widget__width-initial elementor-widget elementor-widget-heading\" data-id=\"b003a6b\" data-element_type=\"widget\" data-widget_type=\"heading.default\">\n\t\t\t\t<div class=\"elementor-widget-container\">\n\t\t\t\t\t<h2 class=\"elementor-heading-title elementor-size-default\">Die SCL eignet sich f\u00fcr alle Branchen <\/h2>\t\t\t\t<\/div>\n\t\t\t\t<\/div>\n\t\t\t\t<div class=\"elementor-element elementor-element-a201325 elementor-widget elementor-widget-text-editor\" data-id=\"a201325\" data-element_type=\"widget\" data-widget_type=\"text-editor.default\">\n\t\t\t\t<div class=\"elementor-widget-container\">\n\t\t\t\t\t\t\t\t\t<p style=\"text-align: left;\">Die Safety Culture Ladder ist so konzipiert, dass sie in allen Branchen angewendet werden kann. Sie tr\u00e4gt dazu bei, die Anzahl unsicherer und ungesunder Situationen am Arbeitsplatz zu reduzieren. Dadurch gibt es weniger Unf\u00e4lle, Fehlzeiten und Sch\u00e4den. Ein sicheres Arbeitsumfeld ist f\u00fcr jedes Unternehmen wichtig, egal in welcher Branche.<\/p><p style=\"text-align: left;\">Sehen Sie sich die verschiedenen Erfahrungsberichte unten an.<\/p>\t\t\t\t\t\t\t\t<\/div>\n\t\t\t\t<\/div>\n\t\t<div class=\"elementor-element elementor-element-e460562 e-con-full e-flex e-con e-child\" data-id=\"e460562\" data-element_type=\"container\" data-settings=\"{&quot;jet_parallax_layout_list&quot;:[]}\">\n\t\t\t\t<div class=\"elementor-element elementor-element-17992be elementor-grid-3 elementor-grid-tablet-2 elementor-grid-mobile-1 elementor-posts--thumbnail-top elementor-posts__hover-gradient elementor-widget elementor-widget-posts\" data-id=\"17992be\" data-element_type=\"widget\" data-settings=\"{&quot;pagination_type&quot;:&quot;numbers&quot;,&quot;cards_columns&quot;:&quot;3&quot;,&quot;cards_columns_tablet&quot;:&quot;2&quot;,&quot;cards_columns_mobile&quot;:&quot;1&quot;,&quot;cards_row_gap&quot;:{&quot;unit&quot;:&quot;px&quot;,&quot;size&quot;:35,&quot;sizes&quot;:[]},&quot;cards_row_gap_tablet&quot;:{&quot;unit&quot;:&quot;px&quot;,&quot;size&quot;:&quot;&quot;,&quot;sizes&quot;:[]},&quot;cards_row_gap_mobile&quot;:{&quot;unit&quot;:&quot;px&quot;,&quot;size&quot;:&quot;&quot;,&quot;sizes&quot;:[]}}\" data-widget_type=\"posts.cards\">\n\t\t\t\t<div class=\"elementor-widget-container\">\n\t\t\t\t\t\t\t<div class=\"elementor-posts-container elementor-posts elementor-posts--skin-cards elementor-grid\" role=\"list\">\n\t\t\t\t<article class=\"elementor-post elementor-grid-item post-2878 post type-post status-publish format-standard has-post-thumbnail hentry category-testimonials\" role=\"listitem\">\n\t\t\t<div class=\"elementor-post__card\">\n\t\t\t\t<a class=\"elementor-post__thumbnail__link\" href=\"https:\/\/safetycultureladder.com\/de\/die-leiter-der-sicherheitskultur-hat-eneco-sicherer-gemacht\/\" tabindex=\"-1\" ><div class=\"elementor-post__thumbnail\"><img fetchpriority=\"high\" decoding=\"async\" width=\"300\" height=\"214\" src=\"https:\/\/safetycultureladder.com\/app\/uploads\/2023\/11\/eneco-300x214.jpg\" class=\"attachment-medium size-medium wp-image-3308\" alt=\"\" srcset=\"https:\/\/safetycultureladder.com\/app\/uploads\/2023\/11\/eneco-300x214.jpg 300w, https:\/\/safetycultureladder.com\/app\/uploads\/2023\/11\/eneco-18x12.jpg 18w, https:\/\/safetycultureladder.com\/app\/uploads\/2023\/11\/eneco.jpg 700w\" sizes=\"(max-width: 300px) 100vw, 300px\" \/><\/div><\/a>\n\t\t\t\t<div class=\"elementor-post__text\">\n\t\t\t\t<h3 class=\"elementor-post__title\">\n\t\t\t<a href=\"https:\/\/safetycultureladder.com\/de\/die-leiter-der-sicherheitskultur-hat-eneco-sicherer-gemacht\/\" >\n\t\t\t\tDie Safety Culture Ladder hat Eneco sicherer gemacht\t\t\t<\/a>\n\t\t<\/h3>\n\t\t\t\t<div class=\"elementor-post__excerpt\">\n\t\t\t<p>Viele Unternehmen haben das Thema Sicherheit mit allerlei Vereinbarungen und Vorschriften gut abgedeckt. Aber eine wichtige Komponente wird oft vergessen. Durch Einstellung und Verhalten von<\/p>\n\t\t<\/div>\n\t\t\n\t\t<a class=\"elementor-post__read-more\" href=\"https:\/\/safetycultureladder.com\/de\/die-leiter-der-sicherheitskultur-hat-eneco-sicherer-gemacht\/\" aria-label=\"Lesen Sie mehr zu Die Leiter der Sicherheitskultur hat Eneco sicherer gemacht\" tabindex=\"-1\" >\n\t\t\tWeiterlesen \u00bb\t\t<\/a>\n\n\t\t\t\t<\/div>\n\t\t\t\t\t<\/div>\n\t\t<\/article>\n\t\t\t\t<article class=\"elementor-post elementor-grid-item post-2877 post type-post status-publish format-standard has-post-thumbnail hentry category-testimonials\" role=\"listitem\">\n\t\t\t<div class=\"elementor-post__card\">\n\t\t\t\t<a class=\"elementor-post__thumbnail__link\" href=\"https:\/\/safetycultureladder.com\/de\/scl-hat-den-ruf-der-sicherheit-von-prorail-verbessert\/\" tabindex=\"-1\" ><div class=\"elementor-post__thumbnail\"><img decoding=\"async\" width=\"300\" height=\"214\" src=\"https:\/\/safetycultureladder.com\/app\/uploads\/2023\/11\/prorail-300x214.jpg\" class=\"attachment-medium size-medium wp-image-3282\" alt=\"\" srcset=\"https:\/\/safetycultureladder.com\/app\/uploads\/2023\/11\/prorail-300x214.jpg 300w, https:\/\/safetycultureladder.com\/app\/uploads\/2023\/11\/prorail-18x12.jpg 18w, https:\/\/safetycultureladder.com\/app\/uploads\/2023\/11\/prorail.jpg 700w\" sizes=\"(max-width: 300px) 100vw, 300px\" \/><\/div><\/a>\n\t\t\t\t<div class=\"elementor-post__text\">\n\t\t\t\t<h3 class=\"elementor-post__title\">\n\t\t\t<a href=\"https:\/\/safetycultureladder.com\/de\/scl-hat-den-ruf-der-sicherheit-von-prorail-verbessert\/\" >\n\t\t\t\tSCL hat den Ruf von ProRail in Sachen Sicherheit verbessert\t\t\t<\/a>\n\t\t<\/h3>\n\t\t\t\t<div class=\"elementor-post__excerpt\">\n\t\t\t<p>Dieter van Delft von ProRail kann sozusagen als der geistige Vater der Safety Culture Ladder angesehen werden. Er liebt<\/p>\n\t\t<\/div>\n\t\t\n\t\t<a class=\"elementor-post__read-more\" href=\"https:\/\/safetycultureladder.com\/de\/scl-hat-den-ruf-der-sicherheit-von-prorail-verbessert\/\" aria-label=\"Lesen Sie mehr \u00fcber SCL hat den Ruf von ProRail in Sachen Sicherheit verbessert\" tabindex=\"-1\" >\n\t\t\tWeiterlesen \u00bb\t\t<\/a>\n\n\t\t\t\t<\/div>\n\t\t\t\t\t<\/div>\n\t\t<\/article>\n\t\t\t\t<article class=\"elementor-post elementor-grid-item post-2830 post type-post status-publish format-standard has-post-thumbnail hentry category-testimonials\" role=\"listitem\">\n\t\t\t<div class=\"elementor-post__card\">\n\t\t\t\t<a class=\"elementor-post__thumbnail__link\" href=\"https:\/\/safetycultureladder.com\/de\/scl-und-bam-nederland-sind-eine-erfolgreiche-kombination\/\" tabindex=\"-1\" ><div class=\"elementor-post__thumbnail\"><img decoding=\"async\" width=\"300\" height=\"214\" src=\"https:\/\/safetycultureladder.com\/app\/uploads\/2023\/11\/bam-300x214.jpg\" class=\"attachment-medium size-medium wp-image-3307\" alt=\"\" srcset=\"https:\/\/safetycultureladder.com\/app\/uploads\/2023\/11\/bam-300x214.jpg 300w, https:\/\/safetycultureladder.com\/app\/uploads\/2023\/11\/bam-18x12.jpg 18w, https:\/\/safetycultureladder.com\/app\/uploads\/2023\/11\/bam.jpg 700w\" sizes=\"(max-width: 300px) 100vw, 300px\" \/><\/div><\/a>\n\t\t\t\t<div class=\"elementor-post__text\">\n\t\t\t\t<h3 class=\"elementor-post__title\">\n\t\t\t<a href=\"https:\/\/safetycultureladder.com\/de\/scl-und-bam-nederland-sind-eine-erfolgreiche-kombination\/\" >\n\t\t\t\tSCL und Bauunternehmen BAM sind eine Erfolgskombination\t\t\t<\/a>\n\t\t<\/h3>\n\t\t\t\t<div class=\"elementor-post__excerpt\">\n\t\t\t<p>Bei der BAM Niederlande ist die Safety Culture Ladder (SCL) auf fruchtbaren Boden gefallen. Die verschiedenen Facetten der Philosophie bilden dort eine von zwei Str\u00f6mungen<\/p>\n\t\t<\/div>\n\t\t\n\t\t<a class=\"elementor-post__read-more\" href=\"https:\/\/safetycultureladder.com\/de\/scl-und-bam-nederland-sind-eine-erfolgreiche-kombination\/\" aria-label=\"Lesen Sie mehr \u00fcber SCL und BAM Niederlande sind eine erfolgreiche Kombination\" tabindex=\"-1\" >\n\t\t\tWeiterlesen \u00bb\t\t<\/a>\n\n\t\t\t\t<\/div>\n\t\t\t\t\t<\/div>\n\t\t<\/article>\n\t\t\t\t<\/div>\n\t\t\n\t\t\t\t\t\t<\/div>\n\t\t\t\t<\/div>\n\t\t\t\t<\/div>\n\t\t\t\t\t<\/div>\n\t\t\t\t<\/div>\n\t\t\t\t\t<\/div>\n\t\t\t\t<\/div>\n\t\t<div class=\"elementor-element elementor-element-b152a04 e-flex e-con-boxed e-con e-parent\" data-id=\"b152a04\" data-element_type=\"container\" data-settings=\"{&quot;background_background&quot;:&quot;classic&quot;,&quot;jet_parallax_layout_list&quot;:[]}\">\n\t\t\t\t\t<div class=\"e-con-inner\">\n\t\t<div class=\"elementor-element elementor-element-108df0e e-flex e-con-boxed e-con e-child\" data-id=\"108df0e\" data-element_type=\"container\" data-settings=\"{&quot;jet_parallax_layout_list&quot;:[]}\">\n\t\t\t\t\t<div class=\"e-con-inner\">\n\t\t\t\t<div class=\"elementor-element elementor-element-7b4b584 elementor-widget elementor-widget-image\" data-id=\"7b4b584\" data-element_type=\"widget\" data-widget_type=\"image.default\">\n\t\t\t\t<div class=\"elementor-widget-container\">\n\t\t\t\t\t\t\t\t\t\t\t\t\t\t\t<img loading=\"lazy\" decoding=\"async\" width=\"2000\" height=\"1204\" src=\"https:\/\/safetycultureladder.com\/app\/uploads\/2023\/11\/proces-scl.jpg\" class=\"attachment-full size-full wp-image-3161\" alt=\"\" srcset=\"https:\/\/safetycultureladder.com\/app\/uploads\/2023\/11\/proces-scl.jpg 2000w, https:\/\/safetycultureladder.com\/app\/uploads\/2023\/11\/proces-scl-300x181.jpg 300w, https:\/\/safetycultureladder.com\/app\/uploads\/2023\/11\/proces-scl-1024x616.jpg 1024w, https:\/\/safetycultureladder.com\/app\/uploads\/2023\/11\/proces-scl-768x462.jpg 768w, https:\/\/safetycultureladder.com\/app\/uploads\/2023\/11\/proces-scl-1536x925.jpg 1536w, https:\/\/safetycultureladder.com\/app\/uploads\/2023\/11\/proces-scl-18x12.jpg 18w\" sizes=\"(max-width: 2000px) 100vw, 2000px\" \/>\t\t\t\t\t\t\t\t\t\t\t\t\t\t\t<\/div>\n\t\t\t\t<\/div>\n\t\t\t\t\t<\/div>\n\t\t\t\t<\/div>\n\t\t<div class=\"elementor-element elementor-element-8d4b930 e-flex e-con-boxed e-con e-child\" data-id=\"8d4b930\" data-element_type=\"container\" data-settings=\"{&quot;jet_parallax_layout_list&quot;:[]}\">\n\t\t\t\t\t<div class=\"e-con-inner\">\n\t\t\t\t<div class=\"elementor-element elementor-element-d70b2ab elementor-widget__width-auto elementor-widget elementor-widget-heading\" data-id=\"d70b2ab\" data-element_type=\"widget\" data-widget_type=\"heading.default\">\n\t\t\t\t<div class=\"elementor-widget-container\">\n\t\t\t\t\t<h2 class=\"elementor-heading-title elementor-size-default\">Sicher arbeiten ist zusammenarbeiten<\/h2>\t\t\t\t<\/div>\n\t\t\t\t<\/div>\n\t\t\t\t<div class=\"elementor-element elementor-element-e838cb2 elementor-widget elementor-widget-text-editor\" data-id=\"e838cb2\" data-element_type=\"widget\" data-widget_type=\"text-editor.default\">\n\t\t\t\t<div class=\"elementor-widget-container\">\n\t\t\t\t\t\t\t\t\t<p>Sicheres Arbeiten bedeutet nicht nur, dass die Sicherheitsvorschriften eingehalten werden. Die Grundlage einer sicheren Arbeitsumgebung hat viel mit Einstellung, Verhalten und Kultur zu tun. Die Safety Culture Ladder motiviert Unternehmen und ihre Zulieferer, sicher und gesund zu arbeiten. Dabei wird nicht zwischen Kunden, Auftragnehmern oder Lieferanten unterschieden. Sicheres Arbeiten ist gemeinsames Arbeiten. Die SCL unterteilt das Sicherheitsbewusstsein und -verhalten in <a href=\"https:\/\/safetycultureladder.com\/omschrijving-treden-scl\/\">f\u00fcnf Schritte<\/a>.\u00a0<\/p>\t\t\t\t\t\t\t\t<\/div>\n\t\t\t\t<\/div>\n\t\t\t\t<div class=\"elementor-element elementor-element-867584a elementor-widget elementor-widget-button\" data-id=\"867584a\" data-element_type=\"widget\" data-widget_type=\"button.default\">\n\t\t\t\t<div class=\"elementor-widget-container\">\n\t\t\t\t\t\t\t\t\t<div class=\"elementor-button-wrapper\">\n\t\t\t\t\t<a class=\"elementor-button elementor-button-link elementor-size-sm\" href=\"https:\/\/safetycultureladder.com\/de\/scl-produkte\/\">\n\t\t\t\t\t\t<span class=\"elementor-button-content-wrapper\">\n\t\t\t\t\t\t\t\t\t<span class=\"elementor-button-text\">Die Produkte ansehen<\/span>\n\t\t\t\t\t<\/span>\n\t\t\t\t\t<\/a>\n\t\t\t\t<\/div>\n\t\t\t\t\t\t\t\t<\/div>\n\t\t\t\t<\/div>\n\t\t\t\t\t<\/div>\n\t\t\t\t<\/div>\n\t\t\t\t\t<\/div>\n\t\t\t\t<\/div>\n\t\t\t\t<\/div>","protected":false},"excerpt":{"rendered":"<p>F\u00fcr wen Die SCL tr\u00e4gt dazu bei, die Zahl der unsicheren und gesundheitssch\u00e4dlichen Situationen am Arbeitsplatz zu verringern. Die SCL ist f\u00fcr alle Sektoren geeignet Die Safety Culture Ladder ist so konzipiert, dass sie in allen Sektoren anwendbar ist. Sie tr\u00e4gt dazu bei, die Zahl der unsicheren und gesundheitsgef\u00e4hrdenden Situationen am Arbeitsplatz zu verringern. [...]<\/p>","protected":false},"author":1,"featured_media":0,"parent":0,"menu_order":0,"comment_status":"closed","ping_status":"closed","template":"","meta":{"_acf_changed":false,"footnotes":""},"class_list":["post-1344","page","type-page","status-publish","hentry"],"acf":[],"yoast_head":"<!-- This site is optimized with the Yoast SEO plugin v26.7 - https:\/\/yoast.com\/wordpress\/plugins\/seo\/ -->\n<title>Overige sectoren - Safety Culture Ladder<\/title>\n<meta name=\"robots\" content=\"index, follow, max-snippet:-1, max-image-preview:large, max-video-preview:-1\" \/>\n<link rel=\"canonical\" href=\"https:\/\/safetycultureladder.com\/de\/andere-sektoren\/\" \/>\n<meta property=\"og:locale\" content=\"de_DE\" \/>\n<meta property=\"og:type\" content=\"article\" \/>\n<meta property=\"og:title\" content=\"Overige sectoren - Safety Culture Ladder\" \/>\n<meta property=\"og:description\" content=\"Voor wie De SCL draagt bij aan het terugdringen van het aantal onveilige en ongezonde situaties op de werkvloer. De SCL is voor alle sectoren De Safety Culture Ladder is zo ontworpen dat het in alle sectoren toepasbaar is. Het draagt bij aan het terugdringen van het aantal onveilige en ongezonde situaties op de werkvloer. [&hellip;]\" \/>\n<meta property=\"og:url\" content=\"https:\/\/safetycultureladder.com\/de\/andere-sektoren\/\" \/>\n<meta property=\"og:site_name\" content=\"Safety Culture Ladder\" \/>\n<meta property=\"article:modified_time\" content=\"2026-04-13T13:11:47+00:00\" \/>\n<meta property=\"og:image\" content=\"https:\/\/safetycultureladder.com\/app\/uploads\/2023\/11\/proces-scl.jpg\" \/>\n<meta name=\"twitter:card\" content=\"summary_large_image\" \/>\n<meta name=\"twitter:label1\" content=\"Gesch\u00e4tzte Lesezeit\" \/>\n\t<meta name=\"twitter:data1\" content=\"4 Minuten\" \/>\n<script type=\"application\/ld+json\" class=\"yoast-schema-graph\">{\"@context\":\"https:\/\/schema.org\",\"@graph\":[{\"@type\":\"WebPage\",\"@id\":\"https:\/\/safetycultureladder.com\/overige-sectoren\/\",\"url\":\"https:\/\/safetycultureladder.com\/overige-sectoren\/\",\"name\":\"Overige sectoren - Safety Culture Ladder\",\"isPartOf\":{\"@id\":\"https:\/\/safetycultureladder.com\/en\/#website\"},\"primaryImageOfPage\":{\"@id\":\"https:\/\/safetycultureladder.com\/overige-sectoren\/#primaryimage\"},\"image\":{\"@id\":\"https:\/\/safetycultureladder.com\/overige-sectoren\/#primaryimage\"},\"thumbnailUrl\":\"https:\/\/safetycultureladder.com\/app\/uploads\/2023\/11\/proces-scl.jpg\",\"datePublished\":\"2023-10-24T12:42:49+00:00\",\"dateModified\":\"2026-04-13T13:11:47+00:00\",\"breadcrumb\":{\"@id\":\"https:\/\/safetycultureladder.com\/overige-sectoren\/#breadcrumb\"},\"inLanguage\":\"de-DE\",\"potentialAction\":[{\"@type\":\"ReadAction\",\"target\":[\"https:\/\/safetycultureladder.com\/overige-sectoren\/\"]}]},{\"@type\":\"ImageObject\",\"inLanguage\":\"de-DE\",\"@id\":\"https:\/\/safetycultureladder.com\/overige-sectoren\/#primaryimage\",\"url\":\"https:\/\/safetycultureladder.com\/app\/uploads\/2023\/11\/proces-scl.jpg\",\"contentUrl\":\"https:\/\/safetycultureladder.com\/app\/uploads\/2023\/11\/proces-scl.jpg\"},{\"@type\":\"BreadcrumbList\",\"@id\":\"https:\/\/safetycultureladder.com\/overige-sectoren\/#breadcrumb\",\"itemListElement\":[{\"@type\":\"ListItem\",\"position\":1,\"name\":\"Home\",\"item\":\"https:\/\/safetycultureladder.com\/\"},{\"@type\":\"ListItem\",\"position\":2,\"name\":\"Overige sectoren\"}]},{\"@type\":\"WebSite\",\"@id\":\"https:\/\/safetycultureladder.com\/en\/#website\",\"url\":\"https:\/\/safetycultureladder.com\/en\/\",\"name\":\"Safety Culture Ladder\",\"description\":\"\",\"publisher\":{\"@id\":\"https:\/\/safetycultureladder.com\/en\/#organization\"},\"potentialAction\":[{\"@type\":\"SearchAction\",\"target\":{\"@type\":\"EntryPoint\",\"urlTemplate\":\"https:\/\/safetycultureladder.com\/en\/?s={search_term_string}\"},\"query-input\":{\"@type\":\"PropertyValueSpecification\",\"valueRequired\":true,\"valueName\":\"search_term_string\"}}],\"inLanguage\":\"de-DE\"},{\"@type\":\"Organization\",\"@id\":\"https:\/\/safetycultureladder.com\/en\/#organization\",\"name\":\"Safety Culture Ladder\",\"url\":\"https:\/\/safetycultureladder.com\/en\/\",\"logo\":{\"@type\":\"ImageObject\",\"inLanguage\":\"de-DE\",\"@id\":\"https:\/\/safetycultureladder.com\/en\/#\/schema\/logo\/image\/\",\"url\":\"https:\/\/safetycultureladder.com\/app\/uploads\/2023\/09\/NEN-Safety-Culture-Ladder_Logo-RGB-1.svg\",\"contentUrl\":\"https:\/\/safetycultureladder.com\/app\/uploads\/2023\/09\/NEN-Safety-Culture-Ladder_Logo-RGB-1.svg\",\"width\":456,\"height\":36,\"caption\":\"Safety Culture Ladder\"},\"image\":{\"@id\":\"https:\/\/safetycultureladder.com\/en\/#\/schema\/logo\/image\/\"}}]}<\/script>\n<!-- \/ Yoast SEO plugin. -->","yoast_head_json":{"title":"Andere Sektoren - Leiter der Sicherheitskultur","robots":{"index":"index","follow":"follow","max-snippet":"max-snippet:-1","max-image-preview":"max-image-preview:large","max-video-preview":"max-video-preview:-1"},"canonical":"https:\/\/safetycultureladder.com\/de\/andere-sektoren\/","og_locale":"de_DE","og_type":"article","og_title":"Overige sectoren - Safety Culture Ladder","og_description":"Voor wie De SCL draagt bij aan het terugdringen van het aantal onveilige en ongezonde situaties op de werkvloer. De SCL is voor alle sectoren De Safety Culture Ladder is zo ontworpen dat het in alle sectoren toepasbaar is. Het draagt bij aan het terugdringen van het aantal onveilige en ongezonde situaties op de werkvloer. [&hellip;]","og_url":"https:\/\/safetycultureladder.com\/de\/andere-sektoren\/","og_site_name":"Safety Culture Ladder","article_modified_time":"2026-04-13T13:11:47+00:00","og_image":[{"url":"https:\/\/safetycultureladder.com\/app\/uploads\/2023\/11\/proces-scl.jpg","type":"","width":"","height":""}],"twitter_card":"summary_large_image","twitter_misc":{"Gesch\u00e4tzte Lesezeit":"4 Minuten"},"schema":{"@context":"https:\/\/schema.org","@graph":[{"@type":"WebPage","@id":"https:\/\/safetycultureladder.com\/overige-sectoren\/","url":"https:\/\/safetycultureladder.com\/overige-sectoren\/","name":"Andere Sektoren - Leiter der Sicherheitskultur","isPartOf":{"@id":"https:\/\/safetycultureladder.com\/en\/#website"},"primaryImageOfPage":{"@id":"https:\/\/safetycultureladder.com\/overige-sectoren\/#primaryimage"},"image":{"@id":"https:\/\/safetycultureladder.com\/overige-sectoren\/#primaryimage"},"thumbnailUrl":"https:\/\/safetycultureladder.com\/app\/uploads\/2023\/11\/proces-scl.jpg","datePublished":"2023-10-24T12:42:49+00:00","dateModified":"2026-04-13T13:11:47+00:00","breadcrumb":{"@id":"https:\/\/safetycultureladder.com\/overige-sectoren\/#breadcrumb"},"inLanguage":"de-DE","potentialAction":[{"@type":"ReadAction","target":["https:\/\/safetycultureladder.com\/overige-sectoren\/"]}]},{"@type":"ImageObject","inLanguage":"de-DE","@id":"https:\/\/safetycultureladder.com\/overige-sectoren\/#primaryimage","url":"https:\/\/safetycultureladder.com\/app\/uploads\/2023\/11\/proces-scl.jpg","contentUrl":"https:\/\/safetycultureladder.com\/app\/uploads\/2023\/11\/proces-scl.jpg"},{"@type":"BreadcrumbList","@id":"https:\/\/safetycultureladder.com\/overige-sectoren\/#breadcrumb","itemListElement":[{"@type":"ListItem","position":1,"name":"Home","item":"https:\/\/safetycultureladder.com\/"},{"@type":"ListItem","position":2,"name":"Overige sectoren"}]},{"@type":"WebSite","@id":"https:\/\/safetycultureladder.com\/en\/#website","url":"https:\/\/safetycultureladder.com\/en\/","name":"Leiter f\u00fcr Sicherheitskultur","description":"","publisher":{"@id":"https:\/\/safetycultureladder.com\/en\/#organization"},"potentialAction":[{"@type":"SearchAction","target":{"@type":"EntryPoint","urlTemplate":"https:\/\/safetycultureladder.com\/en\/?s={search_term_string}"},"query-input":{"@type":"PropertyValueSpecification","valueRequired":true,"valueName":"search_term_string"}}],"inLanguage":"de-DE"},{"@type":"Organization","@id":"https:\/\/safetycultureladder.com\/en\/#organization","name":"Leiter f\u00fcr Sicherheitskultur","url":"https:\/\/safetycultureladder.com\/en\/","logo":{"@type":"ImageObject","inLanguage":"de-DE","@id":"https:\/\/safetycultureladder.com\/en\/#\/schema\/logo\/image\/","url":"https:\/\/safetycultureladder.com\/app\/uploads\/2023\/09\/NEN-Safety-Culture-Ladder_Logo-RGB-1.svg","contentUrl":"https:\/\/safetycultureladder.com\/app\/uploads\/2023\/09\/NEN-Safety-Culture-Ladder_Logo-RGB-1.svg","width":456,"height":36,"caption":"Safety Culture Ladder"},"image":{"@id":"https:\/\/safetycultureladder.com\/en\/#\/schema\/logo\/image\/"}}]}},"_links":{"self":[{"href":"https:\/\/safetycultureladder.com\/de\/wp-json\/wp\/v2\/pages\/1344","targetHints":{"allow":["GET"]}}],"collection":[{"href":"https:\/\/safetycultureladder.com\/de\/wp-json\/wp\/v2\/pages"}],"about":[{"href":"https:\/\/safetycultureladder.com\/de\/wp-json\/wp\/v2\/types\/page"}],"author":[{"embeddable":true,"href":"https:\/\/safetycultureladder.com\/de\/wp-json\/wp\/v2\/users\/1"}],"replies":[{"embeddable":true,"href":"https:\/\/safetycultureladder.com\/de\/wp-json\/wp\/v2\/comments?post=1344"}],"version-history":[{"count":109,"href":"https:\/\/safetycultureladder.com\/de\/wp-json\/wp\/v2\/pages\/1344\/revisions"}],"predecessor-version":[{"id":7047,"href":"https:\/\/safetycultureladder.com\/de\/wp-json\/wp\/v2\/pages\/1344\/revisions\/7047"}],"wp:attachment":[{"href":"https:\/\/safetycultureladder.com\/de\/wp-json\/wp\/v2\/media?parent=1344"}],"curies":[{"name":"wp","href":"https:\/\/api.w.org\/{rel}","templated":true}]}}