{"id":1775,"date":"2023-10-26T07:43:31","date_gmt":"2023-10-26T07:43:31","guid":{"rendered":"https:\/\/safetycultureladder.com\/?page_id=1775"},"modified":"2026-04-08T08:05:49","modified_gmt":"2026-04-08T08:05:49","slug":"das-scl-web-tool","status":"publish","type":"page","link":"https:\/\/safetycultureladder.com\/de\/das-scl-web-tool\/","title":{"rendered":"Das SCL-Webtool"},"content":{"rendered":"<div data-elementor-type=\"wp-page\" data-elementor-id=\"1775\" class=\"elementor elementor-1775\" data-elementor-post-type=\"page\">\n\t\t\t\t<div class=\"elementor-element elementor-element-23a3838 e-con-full e-flex e-con e-parent\" data-id=\"23a3838\" data-element_type=\"container\" data-settings=\"{&quot;jet_parallax_layout_list&quot;:[],&quot;background_background&quot;:&quot;classic&quot;}\">\n\t\t<div class=\"elementor-element elementor-element-931c5f5 e-flex e-con-boxed e-con e-child\" data-id=\"931c5f5\" data-element_type=\"container\" data-settings=\"{&quot;jet_parallax_layout_list&quot;:[]}\">\n\t\t\t\t\t<div class=\"e-con-inner\">\n\t\t<div class=\"elementor-element elementor-element-995c47d e-con-full e-flex e-con e-child\" data-id=\"995c47d\" data-element_type=\"container\" data-settings=\"{&quot;jet_parallax_layout_list&quot;:[]}\">\n\t\t<div class=\"elementor-element elementor-element-3c283e6 e-con-full e-flex e-con e-child\" data-id=\"3c283e6\" data-element_type=\"container\" data-settings=\"{&quot;jet_parallax_layout_list&quot;:[]}\">\n\t\t\t\t<div class=\"elementor-element elementor-element-7ca397b elementor-widget__width-initial elementor-widget-mobile__width-auto elementor-widget elementor-widget-heading\" data-id=\"7ca397b\" data-element_type=\"widget\" data-widget_type=\"heading.default\">\n\t\t\t\t<div class=\"elementor-widget-container\">\n\t\t\t\t\t<h1 class=\"elementor-heading-title elementor-size-default\">Das SCL-Webtool <\/h1>\t\t\t\t<\/div>\n\t\t\t\t<\/div>\n\t\t\t\t<div class=\"elementor-element elementor-element-f3af78f elementor-widget elementor-widget-text-editor\" data-id=\"f3af78f\" data-element_type=\"widget\" data-widget_type=\"text-editor.default\">\n\t\t\t\t<div class=\"elementor-widget-container\">\n\t\t\t\t\t\t\t\t\tWie hoch ist das Sicherheitsbewusstsein in diesem Augenblick in Ihrem Unternehmen? Verwenden Sie das Webtool, um es herauszufinden. \t\t\t\t\t\t\t\t<\/div>\n\t\t\t\t<\/div>\n\t\t\t\t<\/div>\n\t\t\t\t<\/div>\n\t\t<div class=\"elementor-element elementor-element-5ad1a78 e-con-full e-flex e-con e-child\" data-id=\"5ad1a78\" data-element_type=\"container\" data-settings=\"{&quot;jet_parallax_layout_list&quot;:[]}\">\n\t\t\t\t<\/div>\n\t\t\t\t\t<\/div>\n\t\t\t\t<\/div>\n\t\t\t\t<\/div>\n\t\t<div class=\"elementor-element elementor-element-e2de220 e-flex e-con-boxed e-con e-parent\" data-id=\"e2de220\" data-element_type=\"container\" data-settings=\"{&quot;jet_parallax_layout_list&quot;:[]}\">\n\t\t\t\t\t<div class=\"e-con-inner\">\n\t\t<div class=\"elementor-element elementor-element-3aa7a38 e-flex e-con-boxed e-con e-child\" data-id=\"3aa7a38\" data-element_type=\"container\" data-settings=\"{&quot;jet_parallax_layout_list&quot;:[]}\">\n\t\t\t\t\t<div class=\"e-con-inner\">\n\t\t\t\t<div class=\"elementor-element elementor-element-f011fa5 elementor-widget__width-initial elementor-widget elementor-widget-heading\" data-id=\"f011fa5\" data-element_type=\"widget\" data-widget_type=\"heading.default\">\n\t\t\t\t<div class=\"elementor-widget-container\">\n\t\t\t\t\t<h2 class=\"elementor-heading-title elementor-size-default\">Mit dem Webtool beginnen. <\/h2>\t\t\t\t<\/div>\n\t\t\t\t<\/div>\n\t\t\t\t<div class=\"elementor-element elementor-element-2abbf1c elementor-widget elementor-widget-text-editor\" data-id=\"2abbf1c\" data-element_type=\"widget\" data-widget_type=\"text-editor.default\">\n\t\t\t\t<div class=\"elementor-widget-container\">\n\t\t\t\t\t\t\t\t\tBevor Sie \u00fcber ein Zertifikat nachdenken, sollten Sie sich einen \u00dcberblick \u00fcber Ihr Unternehmen verschaffen. Wie hoch ist das Sicherheitsbewusstsein in diesem Augenblick in Ihrem Unternehmen? Lassen Sie sich von dem\/der Verantwortlichen f\u00fcr Gesundheit, Sicherheit und Umwelt oder einer Sicherheitsfachkraft dabei unterst\u00fctzen. Sie k\u00f6nnen einen vorbereiteten Fragebogen ausf\u00fcllen lassen. Es ist wichtig, dass der Fragebogen von allen Mitarbeitenden auf s\u00e4mtlichen Unternehmensebenen ausgef\u00fcllt wird. Die Ergebnisse bieten eine Gesamt\u00fcbersicht. Daraus wird ersichtlich, wo Verbesserungsbedarf besteht und wo Ihr Unternehmen bereits gute Leistungen erzielt.  \t\t\t\t\t\t\t\t<\/div>\n\t\t\t\t<\/div>\n\t\t\t\t\t<\/div>\n\t\t\t\t<\/div>\n\t\t\t\t\t<\/div>\n\t\t\t\t<\/div>\n\t\t<div class=\"elementor-element elementor-element-b6375d3 e-flex e-con-boxed e-con e-parent\" data-id=\"b6375d3\" data-element_type=\"container\" data-settings=\"{&quot;background_background&quot;:&quot;classic&quot;,&quot;jet_parallax_layout_list&quot;:[]}\">\n\t\t\t\t\t<div class=\"e-con-inner\">\n\t\t<div class=\"elementor-element elementor-element-42277be e-flex e-con-boxed e-con e-child\" data-id=\"42277be\" data-element_type=\"container\" data-settings=\"{&quot;jet_parallax_layout_list&quot;:[]}\">\n\t\t\t\t\t<div class=\"e-con-inner\">\n\t\t\t\t<div class=\"elementor-element elementor-element-3cc8859 elementor-widget elementor-widget-image\" data-id=\"3cc8859\" data-element_type=\"widget\" data-widget_type=\"image.default\">\n\t\t\t\t<div class=\"elementor-widget-container\">\n\t\t\t\t\t\t\t\t\t\t\t\t\t\t\t<img fetchpriority=\"high\" decoding=\"async\" width=\"2000\" height=\"1204\" src=\"https:\/\/safetycultureladder.com\/app\/uploads\/2023\/11\/proces-scl.jpg\" class=\"attachment-full size-full wp-image-3161\" alt=\"\" srcset=\"https:\/\/safetycultureladder.com\/app\/uploads\/2023\/11\/proces-scl.jpg 2000w, https:\/\/safetycultureladder.com\/app\/uploads\/2023\/11\/proces-scl-300x181.jpg 300w, https:\/\/safetycultureladder.com\/app\/uploads\/2023\/11\/proces-scl-1024x616.jpg 1024w, https:\/\/safetycultureladder.com\/app\/uploads\/2023\/11\/proces-scl-768x462.jpg 768w, https:\/\/safetycultureladder.com\/app\/uploads\/2023\/11\/proces-scl-1536x925.jpg 1536w, https:\/\/safetycultureladder.com\/app\/uploads\/2023\/11\/proces-scl-18x12.jpg 18w\" sizes=\"(max-width: 2000px) 100vw, 2000px\" \/>\t\t\t\t\t\t\t\t\t\t\t\t\t\t\t<\/div>\n\t\t\t\t<\/div>\n\t\t\t\t\t<\/div>\n\t\t\t\t<\/div>\n\t\t<div class=\"elementor-element elementor-element-0a0e04e e-flex e-con-boxed e-con e-child\" data-id=\"0a0e04e\" data-element_type=\"container\" data-settings=\"{&quot;jet_parallax_layout_list&quot;:[]}\">\n\t\t\t\t\t<div class=\"e-con-inner\">\n\t\t\t\t<div class=\"elementor-element elementor-element-1bf5c05 elementor-widget__width-auto elementor-widget elementor-widget-heading\" data-id=\"1bf5c05\" data-element_type=\"widget\" data-widget_type=\"heading.default\">\n\t\t\t\t<div class=\"elementor-widget-container\">\n\t\t\t\t\t<h2 class=\"elementor-heading-title elementor-size-default\">Das Webtool umfasst: <\/h2>\t\t\t\t<\/div>\n\t\t\t\t<\/div>\n\t\t\t\t<div class=\"elementor-element elementor-element-f2d2b9c elementor-widget elementor-widget-text-editor\" data-id=\"f2d2b9c\" data-element_type=\"widget\" data-widget_type=\"text-editor.default\">\n\t\t\t\t<div class=\"elementor-widget-container\">\n\t\t\t\t\t\t\t\t\t<ul><li>Umfrage-Tool: der SCL-Fragebogen wird an die Mitarbeitenden geschickt<\/li><li>Ma\u00dfnahmenplan: es wird ein Ma\u00dfnahmenplan erstellt (der ab Ende 2023 verf\u00fcgbar sein wird), um die gew\u00fcnschte SCL-Stufe zu erreichen<\/li><li>Online-Akte: SCL-Dokumente werden hochgeladen und zusammen gespeichert, sodass diese auch Dritten (z. B. Auditoren\/Auditorinnen oder Beratern\/Beraterinnen) zur Verf\u00fcgung gestellt werden k\u00f6nnen<\/li><\/ul>\t\t\t\t\t\t\t\t<\/div>\n\t\t\t\t<\/div>\n\t\t\t\t<div class=\"elementor-element elementor-element-809e1dd elementor-widget elementor-widget-button\" data-id=\"809e1dd\" data-element_type=\"widget\" data-widget_type=\"button.default\">\n\t\t\t\t<div class=\"elementor-widget-container\">\n\t\t\t\t\t\t\t\t\t<div class=\"elementor-button-wrapper\">\n\t\t\t\t\t<a class=\"elementor-button elementor-button-link elementor-size-sm\" href=\"https:\/\/www.webtoolscl.nl\/de\" target=\"_blank\">\n\t\t\t\t\t\t<span class=\"elementor-button-content-wrapper\">\n\t\t\t\t\t\t\t\t\t<span class=\"elementor-button-text\">Zum Webtool<\/span>\n\t\t\t\t\t<\/span>\n\t\t\t\t\t<\/a>\n\t\t\t\t<\/div>\n\t\t\t\t\t\t\t\t<\/div>\n\t\t\t\t<\/div>\n\t\t\t\t\t<\/div>\n\t\t\t\t<\/div>\n\t\t\t\t\t<\/div>\n\t\t\t\t<\/div>\n\t\t\t\t<\/div>","protected":false},"excerpt":{"rendered":"<p>Das SCL-Webtool Wie hoch ist das Sicherheitsbewusstsein in Ihrer Organisation derzeit? Finden Sie es mit Hilfe des Webtools heraus. Erste Schritte mit dem Webtool Bevor Sie eine Zertifizierung in Erw\u00e4gung ziehen, ist es gut, einen ersten Blick darauf zu werfen. Wie hoch ist das Sicherheitsbewusstsein derzeit in [...]<\/p>","protected":false},"author":1,"featured_media":0,"parent":0,"menu_order":0,"comment_status":"closed","ping_status":"closed","template":"","meta":{"_acf_changed":false,"footnotes":""},"class_list":["post-1775","page","type-page","status-publish","hentry"],"acf":[],"yoast_head":"<!-- This site is optimized with the Yoast SEO plugin v26.7 - https:\/\/yoast.com\/wordpress\/plugins\/seo\/ -->\n<title>De SCL webtool - Safety Culture Ladder<\/title>\n<meta name=\"robots\" content=\"index, follow, max-snippet:-1, max-image-preview:large, max-video-preview:-1\" \/>\n<link rel=\"canonical\" href=\"https:\/\/safetycultureladder.com\/de\/das-scl-web-tool\/\" \/>\n<meta property=\"og:locale\" content=\"de_DE\" \/>\n<meta property=\"og:type\" content=\"article\" \/>\n<meta property=\"og:title\" content=\"De SCL webtool - Safety Culture Ladder\" \/>\n<meta property=\"og:description\" content=\"De SCL webtool Hoe groot is het veiligheidsbewustzijn op dit moment in uw organisatie? Ontdek het door gebruik te maken van de webtool. Van start gaan met behulp van de webtool Voordat u certificatie overweegt, is het goed om een eerste blik naar binnen te werpen. Hoe groot is het veiligheidsbewustzijn op dit moment in [&hellip;]\" \/>\n<meta property=\"og:url\" content=\"https:\/\/safetycultureladder.com\/de\/das-scl-web-tool\/\" \/>\n<meta property=\"og:site_name\" content=\"Safety Culture Ladder\" \/>\n<meta property=\"article:modified_time\" content=\"2026-04-08T08:05:49+00:00\" \/>\n<meta property=\"og:image\" content=\"https:\/\/safetycultureladder.com\/app\/uploads\/2023\/11\/proces-scl.jpg\" \/>\n\t<meta property=\"og:image:width\" content=\"2000\" \/>\n\t<meta property=\"og:image:height\" content=\"1204\" \/>\n\t<meta property=\"og:image:type\" content=\"image\/jpeg\" \/>\n<meta name=\"twitter:card\" content=\"summary_large_image\" \/>\n<meta name=\"twitter:label1\" content=\"Gesch\u00e4tzte Lesezeit\" \/>\n\t<meta name=\"twitter:data1\" content=\"1 Minute\" \/>\n<script type=\"application\/ld+json\" class=\"yoast-schema-graph\">{\"@context\":\"https:\/\/schema.org\",\"@graph\":[{\"@type\":\"WebPage\",\"@id\":\"https:\/\/safetycultureladder.com\/de-scl-webtool\/\",\"url\":\"https:\/\/safetycultureladder.com\/de-scl-webtool\/\",\"name\":\"De SCL webtool - Safety Culture Ladder\",\"isPartOf\":{\"@id\":\"https:\/\/safetycultureladder.com\/en\/#website\"},\"primaryImageOfPage\":{\"@id\":\"https:\/\/safetycultureladder.com\/de-scl-webtool\/#primaryimage\"},\"image\":{\"@id\":\"https:\/\/safetycultureladder.com\/de-scl-webtool\/#primaryimage\"},\"thumbnailUrl\":\"https:\/\/safetycultureladder.com\/app\/uploads\/2023\/11\/proces-scl.jpg\",\"datePublished\":\"2023-10-26T07:43:31+00:00\",\"dateModified\":\"2026-04-08T08:05:49+00:00\",\"breadcrumb\":{\"@id\":\"https:\/\/safetycultureladder.com\/de-scl-webtool\/#breadcrumb\"},\"inLanguage\":\"de-DE\",\"potentialAction\":[{\"@type\":\"ReadAction\",\"target\":[\"https:\/\/safetycultureladder.com\/de-scl-webtool\/\"]}]},{\"@type\":\"ImageObject\",\"inLanguage\":\"de-DE\",\"@id\":\"https:\/\/safetycultureladder.com\/de-scl-webtool\/#primaryimage\",\"url\":\"https:\/\/safetycultureladder.com\/app\/uploads\/2023\/11\/proces-scl.jpg\",\"contentUrl\":\"https:\/\/safetycultureladder.com\/app\/uploads\/2023\/11\/proces-scl.jpg\"},{\"@type\":\"BreadcrumbList\",\"@id\":\"https:\/\/safetycultureladder.com\/de-scl-webtool\/#breadcrumb\",\"itemListElement\":[{\"@type\":\"ListItem\",\"position\":1,\"name\":\"Home\",\"item\":\"https:\/\/safetycultureladder.com\/\"},{\"@type\":\"ListItem\",\"position\":2,\"name\":\"De SCL webtool\"}]},{\"@type\":\"WebSite\",\"@id\":\"https:\/\/safetycultureladder.com\/en\/#website\",\"url\":\"https:\/\/safetycultureladder.com\/en\/\",\"name\":\"Safety Culture Ladder\",\"description\":\"\",\"publisher\":{\"@id\":\"https:\/\/safetycultureladder.com\/en\/#organization\"},\"potentialAction\":[{\"@type\":\"SearchAction\",\"target\":{\"@type\":\"EntryPoint\",\"urlTemplate\":\"https:\/\/safetycultureladder.com\/en\/?s={search_term_string}\"},\"query-input\":{\"@type\":\"PropertyValueSpecification\",\"valueRequired\":true,\"valueName\":\"search_term_string\"}}],\"inLanguage\":\"de-DE\"},{\"@type\":\"Organization\",\"@id\":\"https:\/\/safetycultureladder.com\/en\/#organization\",\"name\":\"Safety Culture Ladder\",\"url\":\"https:\/\/safetycultureladder.com\/en\/\",\"logo\":{\"@type\":\"ImageObject\",\"inLanguage\":\"de-DE\",\"@id\":\"https:\/\/safetycultureladder.com\/en\/#\/schema\/logo\/image\/\",\"url\":\"https:\/\/safetycultureladder.com\/app\/uploads\/2023\/09\/NEN-Safety-Culture-Ladder_Logo-RGB-1.svg\",\"contentUrl\":\"https:\/\/safetycultureladder.com\/app\/uploads\/2023\/09\/NEN-Safety-Culture-Ladder_Logo-RGB-1.svg\",\"width\":456,\"height\":36,\"caption\":\"Safety Culture Ladder\"},\"image\":{\"@id\":\"https:\/\/safetycultureladder.com\/en\/#\/schema\/logo\/image\/\"}}]}<\/script>\n<!-- \/ Yoast SEO plugin. -->","yoast_head_json":{"title":"Das SCL-Webtool - Safety Culture Ladder","robots":{"index":"index","follow":"follow","max-snippet":"max-snippet:-1","max-image-preview":"max-image-preview:large","max-video-preview":"max-video-preview:-1"},"canonical":"https:\/\/safetycultureladder.com\/de\/das-scl-web-tool\/","og_locale":"de_DE","og_type":"article","og_title":"De SCL webtool - Safety Culture Ladder","og_description":"De SCL webtool Hoe groot is het veiligheidsbewustzijn op dit moment in uw organisatie? Ontdek het door gebruik te maken van de webtool. Van start gaan met behulp van de webtool Voordat u certificatie overweegt, is het goed om een eerste blik naar binnen te werpen. Hoe groot is het veiligheidsbewustzijn op dit moment in [&hellip;]","og_url":"https:\/\/safetycultureladder.com\/de\/das-scl-web-tool\/","og_site_name":"Safety Culture Ladder","article_modified_time":"2026-04-08T08:05:49+00:00","og_image":[{"width":2000,"height":1204,"url":"https:\/\/safetycultureladder.com\/app\/uploads\/2023\/11\/proces-scl.jpg","type":"image\/jpeg"}],"twitter_card":"summary_large_image","twitter_misc":{"Gesch\u00e4tzte Lesezeit":"1 Minute"},"schema":{"@context":"https:\/\/schema.org","@graph":[{"@type":"WebPage","@id":"https:\/\/safetycultureladder.com\/de-scl-webtool\/","url":"https:\/\/safetycultureladder.com\/de-scl-webtool\/","name":"Das SCL-Webtool - Safety Culture Ladder","isPartOf":{"@id":"https:\/\/safetycultureladder.com\/en\/#website"},"primaryImageOfPage":{"@id":"https:\/\/safetycultureladder.com\/de-scl-webtool\/#primaryimage"},"image":{"@id":"https:\/\/safetycultureladder.com\/de-scl-webtool\/#primaryimage"},"thumbnailUrl":"https:\/\/safetycultureladder.com\/app\/uploads\/2023\/11\/proces-scl.jpg","datePublished":"2023-10-26T07:43:31+00:00","dateModified":"2026-04-08T08:05:49+00:00","breadcrumb":{"@id":"https:\/\/safetycultureladder.com\/de-scl-webtool\/#breadcrumb"},"inLanguage":"de-DE","potentialAction":[{"@type":"ReadAction","target":["https:\/\/safetycultureladder.com\/de-scl-webtool\/"]}]},{"@type":"ImageObject","inLanguage":"de-DE","@id":"https:\/\/safetycultureladder.com\/de-scl-webtool\/#primaryimage","url":"https:\/\/safetycultureladder.com\/app\/uploads\/2023\/11\/proces-scl.jpg","contentUrl":"https:\/\/safetycultureladder.com\/app\/uploads\/2023\/11\/proces-scl.jpg"},{"@type":"BreadcrumbList","@id":"https:\/\/safetycultureladder.com\/de-scl-webtool\/#breadcrumb","itemListElement":[{"@type":"ListItem","position":1,"name":"Home","item":"https:\/\/safetycultureladder.com\/"},{"@type":"ListItem","position":2,"name":"De SCL webtool"}]},{"@type":"WebSite","@id":"https:\/\/safetycultureladder.com\/en\/#website","url":"https:\/\/safetycultureladder.com\/en\/","name":"Leiter f\u00fcr Sicherheitskultur","description":"","publisher":{"@id":"https:\/\/safetycultureladder.com\/en\/#organization"},"potentialAction":[{"@type":"SearchAction","target":{"@type":"EntryPoint","urlTemplate":"https:\/\/safetycultureladder.com\/en\/?s={search_term_string}"},"query-input":{"@type":"PropertyValueSpecification","valueRequired":true,"valueName":"search_term_string"}}],"inLanguage":"de-DE"},{"@type":"Organization","@id":"https:\/\/safetycultureladder.com\/en\/#organization","name":"Leiter f\u00fcr Sicherheitskultur","url":"https:\/\/safetycultureladder.com\/en\/","logo":{"@type":"ImageObject","inLanguage":"de-DE","@id":"https:\/\/safetycultureladder.com\/en\/#\/schema\/logo\/image\/","url":"https:\/\/safetycultureladder.com\/app\/uploads\/2023\/09\/NEN-Safety-Culture-Ladder_Logo-RGB-1.svg","contentUrl":"https:\/\/safetycultureladder.com\/app\/uploads\/2023\/09\/NEN-Safety-Culture-Ladder_Logo-RGB-1.svg","width":456,"height":36,"caption":"Safety Culture Ladder"},"image":{"@id":"https:\/\/safetycultureladder.com\/en\/#\/schema\/logo\/image\/"}}]}},"_links":{"self":[{"href":"https:\/\/safetycultureladder.com\/de\/wp-json\/wp\/v2\/pages\/1775","targetHints":{"allow":["GET"]}}],"collection":[{"href":"https:\/\/safetycultureladder.com\/de\/wp-json\/wp\/v2\/pages"}],"about":[{"href":"https:\/\/safetycultureladder.com\/de\/wp-json\/wp\/v2\/types\/page"}],"author":[{"embeddable":true,"href":"https:\/\/safetycultureladder.com\/de\/wp-json\/wp\/v2\/users\/1"}],"replies":[{"embeddable":true,"href":"https:\/\/safetycultureladder.com\/de\/wp-json\/wp\/v2\/comments?post=1775"}],"version-history":[{"count":41,"href":"https:\/\/safetycultureladder.com\/de\/wp-json\/wp\/v2\/pages\/1775\/revisions"}],"predecessor-version":[{"id":6980,"href":"https:\/\/safetycultureladder.com\/de\/wp-json\/wp\/v2\/pages\/1775\/revisions\/6980"}],"wp:attachment":[{"href":"https:\/\/safetycultureladder.com\/de\/wp-json\/wp\/v2\/media?parent=1775"}],"curies":[{"name":"wp","href":"https:\/\/api.w.org\/{rel}","templated":true}]}}