{"id":1797,"date":"2023-10-26T08:04:11","date_gmt":"2023-10-26T08:04:11","guid":{"rendered":"https:\/\/safetycultureladder.com\/?page_id=1797"},"modified":"2026-04-08T07:59:03","modified_gmt":"2026-04-08T07:59:03","slug":"wissenspartner","status":"publish","type":"page","link":"https:\/\/safetycultureladder.com\/de\/wissenspartner\/","title":{"rendered":"Kompetenzpartner"},"content":{"rendered":"<div data-elementor-type=\"wp-page\" data-elementor-id=\"1797\" class=\"elementor elementor-1797\" data-elementor-post-type=\"page\">\n\t\t\t\t<div class=\"elementor-element elementor-element-3f6a5b6 e-con-full e-flex e-con e-parent\" data-id=\"3f6a5b6\" data-element_type=\"container\" data-settings=\"{&quot;jet_parallax_layout_list&quot;:[],&quot;background_background&quot;:&quot;classic&quot;}\">\n\t\t<div class=\"elementor-element elementor-element-266261c e-flex e-con-boxed e-con e-child\" data-id=\"266261c\" data-element_type=\"container\" data-settings=\"{&quot;jet_parallax_layout_list&quot;:[]}\">\n\t\t\t\t\t<div class=\"e-con-inner\">\n\t\t<div class=\"elementor-element elementor-element-62f524c e-con-full e-flex e-con e-child\" data-id=\"62f524c\" data-element_type=\"container\" data-settings=\"{&quot;jet_parallax_layout_list&quot;:[]}\">\n\t\t<div class=\"elementor-element elementor-element-78774a7 e-con-full e-flex e-con e-child\" data-id=\"78774a7\" data-element_type=\"container\" data-settings=\"{&quot;jet_parallax_layout_list&quot;:[]}\">\n\t\t\t\t<div class=\"elementor-element elementor-element-3541965 elementor-widget__width-initial elementor-widget-mobile__width-auto elementor-widget elementor-widget-heading\" data-id=\"3541965\" data-element_type=\"widget\" data-widget_type=\"heading.default\">\n\t\t\t\t<div class=\"elementor-widget-container\">\n\t\t\t\t\t<h1 class=\"elementor-heading-title elementor-size-default\">Unterst\u00fctzung bei der Umsetzung: <br>SCL Wissenspartner<\/h1>\t\t\t\t<\/div>\n\t\t\t\t<\/div>\n\t\t\t\t<\/div>\n\t\t\t\t<\/div>\n\t\t<div class=\"elementor-element elementor-element-c70efd8 e-con-full e-flex e-con e-child\" data-id=\"c70efd8\" data-element_type=\"container\" data-settings=\"{&quot;jet_parallax_layout_list&quot;:[]}\">\n\t\t\t\t<\/div>\n\t\t\t\t\t<\/div>\n\t\t\t\t<\/div>\n\t\t\t\t<\/div>\n\t\t<div class=\"elementor-element elementor-element-5c56c0c e-flex e-con-boxed e-con e-parent\" data-id=\"5c56c0c\" data-element_type=\"container\" data-settings=\"{&quot;jet_parallax_layout_list&quot;:[]}\">\n\t\t\t\t\t<div class=\"e-con-inner\">\n\t\t<div class=\"elementor-element elementor-element-9fbff4d e-flex e-con-boxed e-con e-child\" data-id=\"9fbff4d\" data-element_type=\"container\" data-settings=\"{&quot;jet_parallax_layout_list&quot;:[]}\">\n\t\t\t\t\t<div class=\"e-con-inner\">\n\t\t\t\t<div class=\"elementor-element elementor-element-b003a6b elementor-widget__width-initial elementor-widget elementor-widget-heading\" data-id=\"b003a6b\" data-element_type=\"widget\" data-widget_type=\"heading.default\">\n\t\t\t\t<div class=\"elementor-widget-container\">\n\t\t\t\t\t<h2 class=\"elementor-heading-title elementor-size-default translation-block\">Sicherheitskultur in Unternehmen verbessern<\/h2>\t\t\t\t<\/div>\n\t\t\t\t<\/div>\n\t\t\t\t<div class=\"elementor-element elementor-element-a201325 elementor-widget elementor-widget-text-editor\" data-id=\"a201325\" data-element_type=\"widget\" data-widget_type=\"text-editor.default\">\n\t\t\t\t<div class=\"elementor-widget-container\">\n\t\t\t\t\t\t\t\t\t<p style=\"text-align: left;\"><strong>Sie m\u00f6chten mit der Safety Culture Ladder beginnen, wissen aber nicht, wo Sie anfangen sollen? Die Arbeit an Kultur und Verhalten kann manchmal abstrakt erscheinen. Zum Gl\u00fcck sind Sie nicht allein.<\/strong><\/p><p style=\"text-align: left;\">Es ist m\u00f6glich, SCL eigenst\u00e4ndig einzuf\u00fchren. Viele Unternehmen stellen jedoch fest, dass zus\u00e4tzliche Unterst\u00fctzung dabei hilft, eine Dynamik zu entwickeln und Fallstricke zu vermeiden.\u00a0<\/p>\t\t\t\t\t\t\t\t<\/div>\n\t\t\t\t<\/div>\n\t\t\t\t<div class=\"elementor-element elementor-element-f850466 elementor-widget elementor-widget-heading\" data-id=\"f850466\" data-element_type=\"widget\" data-widget_type=\"heading.default\">\n\t\t\t\t<div class=\"elementor-widget-container\">\n\t\t\t\t\t<h2 class=\"elementor-heading-title elementor-size-default\">Was ist ein SCL Knowledge Partner?<\/h2>\t\t\t\t<\/div>\n\t\t\t\t<\/div>\n\t\t\t\t<div class=\"elementor-element elementor-element-6a78276 elementor-widget elementor-widget-text-editor\" data-id=\"6a78276\" data-element_type=\"widget\" data-widget_type=\"text-editor.default\">\n\t\t\t\t<div class=\"elementor-widget-container\">\n\t\t\t\t\t\t\t\t\t<p>SCL Knowledge Partners sind Beratungsunternehmen, die eng mit der NEN zusammenarbeiten. Sie sind nah an der Quelle und erfahren als erste von den neuesten Entwicklungen rund um die Norm und die Zertifizierung. Da sie an der zentralen SCL-Wissensplattform teilnehmen, tauschen sie st\u00e4ndig praktische Erfahrungen und erfolgreiche Ans\u00e4tze aus (<em>beste Praktiken<\/em>) miteinander.<\/p>\t\t\t\t\t\t\t\t<\/div>\n\t\t\t\t<\/div>\n\t\t\t\t<div class=\"elementor-element elementor-element-e8e499e elementor-widget elementor-widget-heading\" data-id=\"e8e499e\" data-element_type=\"widget\" data-widget_type=\"heading.default\">\n\t\t\t\t<div class=\"elementor-widget-container\">\n\t\t\t\t\t<h2 class=\"elementor-heading-title elementor-size-default\">Warum einen Experten beauftragen?<\/h2>\t\t\t\t<\/div>\n\t\t\t\t<\/div>\n\t\t\t\t<div class=\"elementor-element elementor-element-f7041d8 elementor-widget elementor-widget-text-editor\" data-id=\"f7041d8\" data-element_type=\"widget\" data-widget_type=\"text-editor.default\">\n\t\t\t\t<div class=\"elementor-widget-container\">\n\t\t\t\t\t\t\t\t\t<p>Ein Knowledge Partner hilft Ihnen, den Standard f\u00fcr Ihr Unternehmen praktisch und verst\u00e4ndlich zu machen.<\/p><ul><li><strong>Gewissheit:<\/strong> Sie arbeiten mit Beratern zusammen, die die SCL-Mentalit\u00e4t in- und auswendig kennen.<\/li><li><strong>Praktisch:<\/strong> Sie setzen die Theorie in praktikable Schritte am Arbeitsplatz um.<\/li><li><strong>Geschwindigkeit:<\/strong> Sie werden an die Hand genommen und arbeiten zielgerichtet auf das gew\u00fcnschte Ergebnis hin (z. B. Schritt 3).<\/li><\/ul>\t\t\t\t\t\t\t\t<\/div>\n\t\t\t\t<\/div>\n\t\t\t\t\t<\/div>\n\t\t\t\t<\/div>\n\t\t\t\t\t<\/div>\n\t\t\t\t<\/div>\n\t\t<div class=\"elementor-element elementor-element-699187c e-flex e-con-boxed e-con e-parent\" data-id=\"699187c\" data-element_type=\"container\" data-settings=\"{&quot;jet_parallax_layout_list&quot;:[]}\">\n\t\t\t\t\t<div class=\"e-con-inner\">\n\t\t\t\t<div class=\"elementor-element elementor-element-f809628 elementor-widget elementor-widget-heading\" data-id=\"f809628\" data-element_type=\"widget\" data-widget_type=\"heading.default\">\n\t\t\t\t<div class=\"elementor-widget-container\">\n\t\t\t\t\t<h2 class=\"elementor-heading-title elementor-size-default\">Unsere aktuellen Wissenspartner<\/h2>\t\t\t\t<\/div>\n\t\t\t\t<\/div>\n\t\t<div class=\"elementor-element elementor-element-d60544a e-con-full e-flex e-con e-child\" data-id=\"d60544a\" data-element_type=\"container\" data-settings=\"{&quot;jet_parallax_layout_list&quot;:[]}\">\n\t\t<div class=\"elementor-element elementor-element-f05175c e-flex e-con-boxed e-con e-child\" data-id=\"f05175c\" data-element_type=\"container\" data-settings=\"{&quot;background_background&quot;:&quot;classic&quot;,&quot;jet_parallax_layout_list&quot;:[]}\">\n\t\t\t\t\t<div class=\"e-con-inner\">\n\t\t\t\t<div class=\"elementor-element elementor-element-e532594 elementor-widget elementor-widget-button\" data-id=\"e532594\" data-element_type=\"widget\" data-widget_type=\"button.default\">\n\t\t\t\t<div class=\"elementor-widget-container\">\n\t\t\t\t\t\t\t\t\t<div class=\"elementor-button-wrapper\">\n\t\t\t\t\t<a class=\"elementor-button elementor-button-link elementor-size-sm\" href=\"https:\/\/safetycultureladder.com\/kennispartners\/learn2bsafe\/\">\n\t\t\t\t\t\t<span class=\"elementor-button-content-wrapper\">\n\t\t\t\t\t\t\t\t\t<span class=\"elementor-button-text\">Learn2BSafe<\/span>\n\t\t\t\t\t<\/span>\n\t\t\t\t\t<\/a>\n\t\t\t\t<\/div>\n\t\t\t\t\t\t\t\t<\/div>\n\t\t\t\t<\/div>\n\t\t\t\t\t<\/div>\n\t\t\t\t<\/div>\n\t\t<div class=\"elementor-element elementor-element-4ca5032 e-con-full e-flex e-con e-child\" data-id=\"4ca5032\" data-element_type=\"container\" data-settings=\"{&quot;background_background&quot;:&quot;classic&quot;,&quot;jet_parallax_layout_list&quot;:[]}\">\n\t\t\t\t<div class=\"elementor-element elementor-element-a560ee0 elementor-widget elementor-widget-button\" data-id=\"a560ee0\" data-element_type=\"widget\" data-widget_type=\"button.default\">\n\t\t\t\t<div class=\"elementor-widget-container\">\n\t\t\t\t\t\t\t\t\t<div class=\"elementor-button-wrapper\">\n\t\t\t\t\t<a class=\"elementor-button elementor-button-link elementor-size-sm\" href=\"https:\/\/safetycultureladder.com\/kennispartners\/daamen-support\/\">\n\t\t\t\t\t\t<span class=\"elementor-button-content-wrapper\">\n\t\t\t\t\t\t\t\t\t<span class=\"elementor-button-text\">Daamen-Unterst\u00fctzung<\/span>\n\t\t\t\t\t<\/span>\n\t\t\t\t\t<\/a>\n\t\t\t\t<\/div>\n\t\t\t\t\t\t\t\t<\/div>\n\t\t\t\t<\/div>\n\t\t\t\t<\/div>\n\t\t<div class=\"elementor-element elementor-element-48bd2f3 e-flex e-con-boxed e-con e-child\" data-id=\"48bd2f3\" data-element_type=\"container\" data-settings=\"{&quot;background_background&quot;:&quot;classic&quot;,&quot;jet_parallax_layout_list&quot;:[]}\">\n\t\t\t\t\t<div class=\"e-con-inner\">\n\t\t\t\t<div class=\"elementor-element elementor-element-c570557 elementor-widget elementor-widget-button\" data-id=\"c570557\" data-element_type=\"widget\" data-widget_type=\"button.default\">\n\t\t\t\t<div class=\"elementor-widget-container\">\n\t\t\t\t\t\t\t\t\t<div class=\"elementor-button-wrapper\">\n\t\t\t\t\t<a class=\"elementor-button elementor-button-link elementor-size-sm\" href=\"https:\/\/safetycultureladder.com\/kennispartners\/i-k-boost\/\">\n\t\t\t\t\t\t<span class=\"elementor-button-content-wrapper\">\n\t\t\t\t\t\t\t\t\t<span class=\"elementor-button-text\">I.K. BOOST <\/span>\n\t\t\t\t\t<\/span>\n\t\t\t\t\t<\/a>\n\t\t\t\t<\/div>\n\t\t\t\t\t\t\t\t<\/div>\n\t\t\t\t<\/div>\n\t\t\t\t\t<\/div>\n\t\t\t\t<\/div>\n\t\t<div class=\"elementor-element elementor-element-dda485f e-con-full e-flex e-con e-child\" data-id=\"dda485f\" data-element_type=\"container\" data-settings=\"{&quot;background_background&quot;:&quot;classic&quot;,&quot;jet_parallax_layout_list&quot;:[]}\">\n\t\t\t\t<div class=\"elementor-element elementor-element-182b5e7 elementor-widget elementor-widget-button\" data-id=\"182b5e7\" data-element_type=\"widget\" data-widget_type=\"button.default\">\n\t\t\t\t<div class=\"elementor-widget-container\">\n\t\t\t\t\t\t\t\t\t<div class=\"elementor-button-wrapper\">\n\t\t\t\t\t<a class=\"elementor-button elementor-button-link elementor-size-sm\" href=\"https:\/\/safetycultureladder.com\/kennispartners\/kwa\/\">\n\t\t\t\t\t\t<span class=\"elementor-button-content-wrapper\">\n\t\t\t\t\t\t\t\t\t<span class=\"elementor-button-text\">KWA Unternehmensberater<\/span>\n\t\t\t\t\t<\/span>\n\t\t\t\t\t<\/a>\n\t\t\t\t<\/div>\n\t\t\t\t\t\t\t\t<\/div>\n\t\t\t\t<\/div>\n\t\t\t\t<\/div>\n\t\t\t\t<\/div>\n\t\t<div class=\"elementor-element elementor-element-6b50cc0 e-con-full e-flex e-con e-child\" data-id=\"6b50cc0\" data-element_type=\"container\" data-settings=\"{&quot;jet_parallax_layout_list&quot;:[]}\">\n\t\t<div class=\"elementor-element elementor-element-21b4283 e-flex e-con-boxed e-con e-child\" data-id=\"21b4283\" data-element_type=\"container\" data-settings=\"{&quot;background_background&quot;:&quot;classic&quot;,&quot;jet_parallax_layout_list&quot;:[]}\">\n\t\t\t\t\t<div class=\"e-con-inner\">\n\t\t\t\t<div class=\"elementor-element elementor-element-cb310c0 elementor-widget elementor-widget-button\" data-id=\"cb310c0\" data-element_type=\"widget\" data-widget_type=\"button.default\">\n\t\t\t\t<div class=\"elementor-widget-container\">\n\t\t\t\t\t\t\t\t\t<div class=\"elementor-button-wrapper\">\n\t\t\t\t\t<a class=\"elementor-button elementor-button-link elementor-size-sm\" href=\"https:\/\/safetycultureladder.com\/kennispartners\/samurai-at-work\/\">\n\t\t\t\t\t\t<span class=\"elementor-button-content-wrapper\">\n\t\t\t\t\t\t\t\t\t<span class=\"elementor-button-text\">Samurai bei der Arbeit<\/span>\n\t\t\t\t\t<\/span>\n\t\t\t\t\t<\/a>\n\t\t\t\t<\/div>\n\t\t\t\t\t\t\t\t<\/div>\n\t\t\t\t<\/div>\n\t\t\t\t\t<\/div>\n\t\t\t\t<\/div>\n\t\t<div class=\"elementor-element elementor-element-4732214 e-con-full e-flex e-con e-child\" data-id=\"4732214\" data-element_type=\"container\" data-settings=\"{&quot;background_background&quot;:&quot;classic&quot;,&quot;jet_parallax_layout_list&quot;:[]}\">\n\t\t\t\t<div class=\"elementor-element elementor-element-c913189 elementor-widget elementor-widget-button\" data-id=\"c913189\" data-element_type=\"widget\" data-widget_type=\"button.default\">\n\t\t\t\t<div class=\"elementor-widget-container\">\n\t\t\t\t\t\t\t\t\t<div class=\"elementor-button-wrapper\">\n\t\t\t\t\t<a class=\"elementor-button elementor-button-link elementor-size-sm\" href=\"https:\/\/safetycultureladder.com\/kennispartners\/thoon\/\">\n\t\t\t\t\t\t<span class=\"elementor-button-content-wrapper\">\n\t\t\t\t\t\t\t\t\t<span class=\"elementor-button-text\">Thoon Organisation Beratung<\/span>\n\t\t\t\t\t<\/span>\n\t\t\t\t\t<\/a>\n\t\t\t\t<\/div>\n\t\t\t\t\t\t\t\t<\/div>\n\t\t\t\t<\/div>\n\t\t\t\t<\/div>\n\t\t<div class=\"elementor-element elementor-element-ca02189 e-con-full e-flex e-con e-child\" data-id=\"ca02189\" data-element_type=\"container\" data-settings=\"{&quot;background_background&quot;:&quot;classic&quot;,&quot;jet_parallax_layout_list&quot;:[]}\">\n\t\t\t\t<div class=\"elementor-element elementor-element-c5bb478 elementor-widget elementor-widget-button\" data-id=\"c5bb478\" data-element_type=\"widget\" data-widget_type=\"button.default\">\n\t\t\t\t<div class=\"elementor-widget-container\">\n\t\t\t\t\t\t\t\t\t<div class=\"elementor-button-wrapper\">\n\t\t\t\t\t<a class=\"elementor-button elementor-button-link elementor-size-sm\" href=\"https:\/\/safetycultureladder.com\/kennispartners\/prevent\/\">\n\t\t\t\t\t\t<span class=\"elementor-button-content-wrapper\">\n\t\t\t\t\t\t\t\t\t<span class=\"elementor-button-text\">Verhindern<\/span>\n\t\t\t\t\t<\/span>\n\t\t\t\t\t<\/a>\n\t\t\t\t<\/div>\n\t\t\t\t\t\t\t\t<\/div>\n\t\t\t\t<\/div>\n\t\t\t\t<\/div>\n\t\t\t\t<\/div>\n\t\t\t\t<div class=\"elementor-element elementor-element-5f88f39 elementor-widget elementor-widget-text-editor\" data-id=\"5f88f39\" data-element_type=\"widget\" data-widget_type=\"text-editor.default\">\n\t\t\t\t<div class=\"elementor-widget-container\">\n\t\t\t\t\t\t\t\t\t<p><strong>Auch Wissenspartner sind:<\/strong><\/p>\n<ul>\n<li><span style=\"text-decoration: underline;\"><span style=\"color: #000000; text-decoration: underline;\"><a style=\"color: #000000; text-decoration: underline;\" href=\"https:\/\/kader.nl\/\">Kader Consultancy &amp; Interim<\/a><\/span><\/span><\/li>\n<li><span style=\"text-decoration: underline;\"><span style=\"color: #000000; text-decoration: underline;\"><a style=\"color: #000000; text-decoration: underline;\" href=\"https:\/\/www.v-kam.nl\/\">V-Cam Bildung<\/a><\/span><\/span><\/li>\n<li><a href=\"https:\/\/www.veiligheidsklimmers.nl\/de-hub\"><span style=\"text-decoration: underline;\"><span style=\"color: #000000; text-decoration: underline;\">Sicherheits-Kletterer-und-Hub-Kreationen-Erkl\u00e4rung<\/span><\/span><\/a><\/li>\n<\/ul>\t\t\t\t\t\t\t\t<\/div>\n\t\t\t\t<\/div>\n\t\t\t\t\t<\/div>\n\t\t\t\t<\/div>\n\t\t<div class=\"elementor-element elementor-element-49f4e88 e-flex e-con-boxed e-con e-parent\" data-id=\"49f4e88\" data-element_type=\"container\" data-settings=\"{&quot;jet_parallax_layout_list&quot;:[]}\">\n\t\t\t\t\t<div class=\"e-con-inner\">\n\t\t\t\t<div class=\"elementor-element elementor-element-146b22b elementor-widget elementor-widget-heading\" data-id=\"146b22b\" data-element_type=\"widget\" data-widget_type=\"heading.default\">\n\t\t\t\t<div class=\"elementor-widget-container\">\n\t\t\t\t\t<h2 class=\"elementor-heading-title elementor-size-default\">Werden Sie SCL Knowledge Partner: Teilen Sie Ihr Fachwissen<\/h2>\t\t\t\t<\/div>\n\t\t\t\t<\/div>\n\t\t\t\t<div class=\"elementor-element elementor-element-0005e0a elementor-widget elementor-widget-text-editor\" data-id=\"0005e0a\" data-element_type=\"widget\" data-widget_type=\"text-editor.default\">\n\t\t\t\t<div class=\"elementor-widget-container\">\n\t\t\t\t\t\t\t\t\t<p>Die Nachfrage nach Unterst\u00fctzung bei der Safety Culture Ladder w\u00e4chst. Angesichts der (nahenden) Verpflichtung durch den Governance Code Sicherheit im Bauwesen (GCVB) suchen viele KMU nach praktischer Anleitung, um Stufe 3 zu erreichen. Als Beratungsunternehmen oder unabh\u00e4ngiger Spezialist k\u00f6nnen Sie einen Unterschied machen.<\/p><p>Sind Sie Experte f\u00fcr Sicherheitskultur, Einstellung und Verhalten? Und m\u00f6chten Sie Organisationen dabei helfen, sichere Arbeitsverfahren strukturell zu verankern? Dann kommen Sie zu uns als <strong>SCL Wissenspartner<\/strong>.<\/p><p><strong>Warum sollten Sie der SCL-Wissensplattform beitreten?<\/strong><br \/>Als Wissenspartner arbeiten Sie mit dem NEN und anderen Experten zusammen. Sie profitieren davon:<\/p><ul><li><strong>Direktes Wissen:<\/strong> erfahren Sie als Erster von den Entwicklungen rund um das Zertifizierungssystem und den Standard.<\/li><li><strong>Sichtbarkeit:<\/strong> Ihre Agentur wird im offiziellen Verzeichnis auf dieser Website erscheinen, wo Kunden und Auftragnehmer Unterst\u00fctzung suchen.<\/li><li><strong>Kollaboration:<\/strong> erhalten Sie Zugang zur Wissensplattform zum Austausch von Erfahrungen und Praxisbeispielen.<\/li><\/ul><p><strong>\u00a0<\/strong><\/p><p><strong>Eintragen<\/strong><br \/>Werden Sie dazu beitragen, die Kette sicherer zu machen? Wir w\u00fcrden uns freuen, mit Ihnen in Kontakt zu treten. Melden Sie sich an!<\/p>\t\t\t\t\t\t\t\t<\/div>\n\t\t\t\t<\/div>\n\t\t\t\t<div class=\"elementor-element elementor-element-787e3f0 elementor-widget elementor-widget-button\" data-id=\"787e3f0\" data-element_type=\"widget\" data-widget_type=\"button.default\">\n\t\t\t\t<div class=\"elementor-widget-container\">\n\t\t\t\t\t\t\t\t\t<div class=\"elementor-button-wrapper\">\n\t\t\t\t\t<a class=\"elementor-button elementor-button-link elementor-size-sm\" href=\"https:\/\/safetycultureladder.com\/contact\/\">\n\t\t\t\t\t\t<span class=\"elementor-button-content-wrapper\">\n\t\t\t\t\t\t\t\t\t<span class=\"elementor-button-text\">Registrieren Sie sich als Wissenspartner<\/span>\n\t\t\t\t\t<\/span>\n\t\t\t\t\t<\/a>\n\t\t\t\t<\/div>\n\t\t\t\t\t\t\t\t<\/div>\n\t\t\t\t<\/div>\n\t\t\t\t\t<\/div>\n\t\t\t\t<\/div>\n\t\t\t\t<\/div>","protected":false},"excerpt":{"rendered":"<p>Hilfe bei der Umsetzung: SCL Knowledge Partners Verbesserung der Sicherheitskultur in Organisationen Sie m\u00f6chten mit der Safety Culture Ladder beginnen, wissen aber nicht, wo Sie anfangen sollen? Die Arbeit an Kultur und Verhalten kann manchmal abstrakt erscheinen. Zum Gl\u00fcck sind Sie nicht allein. Es ist m\u00f6glich, die SCL eigenst\u00e4ndig umzusetzen. Dennoch, [...]<\/p>","protected":false},"author":1,"featured_media":0,"parent":0,"menu_order":0,"comment_status":"closed","ping_status":"closed","template":"","meta":{"_acf_changed":false,"footnotes":""},"class_list":["post-1797","page","type-page","status-publish","hentry"],"acf":[],"yoast_head":"<!-- This site is optimized with the Yoast SEO plugin v26.7 - https:\/\/yoast.com\/wordpress\/plugins\/seo\/ -->\n<title>Kennispartners - Safety Culture Ladder<\/title>\n<meta name=\"robots\" content=\"index, follow, max-snippet:-1, max-image-preview:large, max-video-preview:-1\" \/>\n<link rel=\"canonical\" href=\"https:\/\/safetycultureladder.com\/de\/wissenspartner\/\" \/>\n<meta property=\"og:locale\" content=\"de_DE\" \/>\n<meta property=\"og:type\" content=\"article\" \/>\n<meta property=\"og:title\" content=\"Kennispartners - Safety Culture Ladder\" \/>\n<meta property=\"og:description\" content=\"Hulp bij implementatie: SCL Kennispartners Veiligheidscultuur in organisaties verbeteren Wilt u aan de slag met de Safety Culture Ladder, maar weet u niet goed waar te beginnen? Het werken aan cultuur en gedrag kan soms abstract lijken. Gelukkig staat u er niet alleen voor. Het is mogelijk om de SCL zelfstandig te implementeren. Toch merken [&hellip;]\" \/>\n<meta property=\"og:url\" content=\"https:\/\/safetycultureladder.com\/de\/wissenspartner\/\" \/>\n<meta property=\"og:site_name\" content=\"Safety Culture Ladder\" \/>\n<meta property=\"article:modified_time\" content=\"2026-04-08T07:59:03+00:00\" \/>\n<meta name=\"twitter:card\" content=\"summary_large_image\" \/>\n<meta name=\"twitter:label1\" content=\"Gesch\u00e4tzte Lesezeit\" \/>\n\t<meta name=\"twitter:data1\" content=\"2 Minuten\" \/>\n<script type=\"application\/ld+json\" class=\"yoast-schema-graph\">{\"@context\":\"https:\/\/schema.org\",\"@graph\":[{\"@type\":\"WebPage\",\"@id\":\"https:\/\/safetycultureladder.com\/kennispartners\/\",\"url\":\"https:\/\/safetycultureladder.com\/kennispartners\/\",\"name\":\"Kennispartners - Safety Culture Ladder\",\"isPartOf\":{\"@id\":\"https:\/\/safetycultureladder.com\/en\/#website\"},\"datePublished\":\"2023-10-26T08:04:11+00:00\",\"dateModified\":\"2026-04-08T07:59:03+00:00\",\"breadcrumb\":{\"@id\":\"https:\/\/safetycultureladder.com\/kennispartners\/#breadcrumb\"},\"inLanguage\":\"de-DE\",\"potentialAction\":[{\"@type\":\"ReadAction\",\"target\":[\"https:\/\/safetycultureladder.com\/kennispartners\/\"]}]},{\"@type\":\"BreadcrumbList\",\"@id\":\"https:\/\/safetycultureladder.com\/kennispartners\/#breadcrumb\",\"itemListElement\":[{\"@type\":\"ListItem\",\"position\":1,\"name\":\"Home\",\"item\":\"https:\/\/safetycultureladder.com\/\"},{\"@type\":\"ListItem\",\"position\":2,\"name\":\"Kennispartners\"}]},{\"@type\":\"WebSite\",\"@id\":\"https:\/\/safetycultureladder.com\/en\/#website\",\"url\":\"https:\/\/safetycultureladder.com\/en\/\",\"name\":\"Safety Culture Ladder\",\"description\":\"\",\"publisher\":{\"@id\":\"https:\/\/safetycultureladder.com\/en\/#organization\"},\"potentialAction\":[{\"@type\":\"SearchAction\",\"target\":{\"@type\":\"EntryPoint\",\"urlTemplate\":\"https:\/\/safetycultureladder.com\/en\/?s={search_term_string}\"},\"query-input\":{\"@type\":\"PropertyValueSpecification\",\"valueRequired\":true,\"valueName\":\"search_term_string\"}}],\"inLanguage\":\"de-DE\"},{\"@type\":\"Organization\",\"@id\":\"https:\/\/safetycultureladder.com\/en\/#organization\",\"name\":\"Safety Culture Ladder\",\"url\":\"https:\/\/safetycultureladder.com\/en\/\",\"logo\":{\"@type\":\"ImageObject\",\"inLanguage\":\"de-DE\",\"@id\":\"https:\/\/safetycultureladder.com\/en\/#\/schema\/logo\/image\/\",\"url\":\"https:\/\/safetycultureladder.com\/app\/uploads\/2023\/09\/NEN-Safety-Culture-Ladder_Logo-RGB-1.svg\",\"contentUrl\":\"https:\/\/safetycultureladder.com\/app\/uploads\/2023\/09\/NEN-Safety-Culture-Ladder_Logo-RGB-1.svg\",\"width\":456,\"height\":36,\"caption\":\"Safety Culture Ladder\"},\"image\":{\"@id\":\"https:\/\/safetycultureladder.com\/en\/#\/schema\/logo\/image\/\"}}]}<\/script>\n<!-- \/ Yoast SEO plugin. -->","yoast_head_json":{"title":"Wissenspartner - Leiter der Sicherheitskultur","robots":{"index":"index","follow":"follow","max-snippet":"max-snippet:-1","max-image-preview":"max-image-preview:large","max-video-preview":"max-video-preview:-1"},"canonical":"https:\/\/safetycultureladder.com\/de\/wissenspartner\/","og_locale":"de_DE","og_type":"article","og_title":"Kennispartners - Safety Culture Ladder","og_description":"Hulp bij implementatie: SCL Kennispartners Veiligheidscultuur in organisaties verbeteren Wilt u aan de slag met de Safety Culture Ladder, maar weet u niet goed waar te beginnen? Het werken aan cultuur en gedrag kan soms abstract lijken. Gelukkig staat u er niet alleen voor. Het is mogelijk om de SCL zelfstandig te implementeren. Toch merken [&hellip;]","og_url":"https:\/\/safetycultureladder.com\/de\/wissenspartner\/","og_site_name":"Safety Culture Ladder","article_modified_time":"2026-04-08T07:59:03+00:00","twitter_card":"summary_large_image","twitter_misc":{"Gesch\u00e4tzte Lesezeit":"2 Minuten"},"schema":{"@context":"https:\/\/schema.org","@graph":[{"@type":"WebPage","@id":"https:\/\/safetycultureladder.com\/kennispartners\/","url":"https:\/\/safetycultureladder.com\/kennispartners\/","name":"Wissenspartner - Leiter der Sicherheitskultur","isPartOf":{"@id":"https:\/\/safetycultureladder.com\/en\/#website"},"datePublished":"2023-10-26T08:04:11+00:00","dateModified":"2026-04-08T07:59:03+00:00","breadcrumb":{"@id":"https:\/\/safetycultureladder.com\/kennispartners\/#breadcrumb"},"inLanguage":"de-DE","potentialAction":[{"@type":"ReadAction","target":["https:\/\/safetycultureladder.com\/kennispartners\/"]}]},{"@type":"BreadcrumbList","@id":"https:\/\/safetycultureladder.com\/kennispartners\/#breadcrumb","itemListElement":[{"@type":"ListItem","position":1,"name":"Home","item":"https:\/\/safetycultureladder.com\/"},{"@type":"ListItem","position":2,"name":"Kennispartners"}]},{"@type":"WebSite","@id":"https:\/\/safetycultureladder.com\/en\/#website","url":"https:\/\/safetycultureladder.com\/en\/","name":"Leiter f\u00fcr Sicherheitskultur","description":"","publisher":{"@id":"https:\/\/safetycultureladder.com\/en\/#organization"},"potentialAction":[{"@type":"SearchAction","target":{"@type":"EntryPoint","urlTemplate":"https:\/\/safetycultureladder.com\/en\/?s={search_term_string}"},"query-input":{"@type":"PropertyValueSpecification","valueRequired":true,"valueName":"search_term_string"}}],"inLanguage":"de-DE"},{"@type":"Organization","@id":"https:\/\/safetycultureladder.com\/en\/#organization","name":"Leiter f\u00fcr Sicherheitskultur","url":"https:\/\/safetycultureladder.com\/en\/","logo":{"@type":"ImageObject","inLanguage":"de-DE","@id":"https:\/\/safetycultureladder.com\/en\/#\/schema\/logo\/image\/","url":"https:\/\/safetycultureladder.com\/app\/uploads\/2023\/09\/NEN-Safety-Culture-Ladder_Logo-RGB-1.svg","contentUrl":"https:\/\/safetycultureladder.com\/app\/uploads\/2023\/09\/NEN-Safety-Culture-Ladder_Logo-RGB-1.svg","width":456,"height":36,"caption":"Safety Culture Ladder"},"image":{"@id":"https:\/\/safetycultureladder.com\/en\/#\/schema\/logo\/image\/"}}]}},"_links":{"self":[{"href":"https:\/\/safetycultureladder.com\/de\/wp-json\/wp\/v2\/pages\/1797","targetHints":{"allow":["GET"]}}],"collection":[{"href":"https:\/\/safetycultureladder.com\/de\/wp-json\/wp\/v2\/pages"}],"about":[{"href":"https:\/\/safetycultureladder.com\/de\/wp-json\/wp\/v2\/types\/page"}],"author":[{"embeddable":true,"href":"https:\/\/safetycultureladder.com\/de\/wp-json\/wp\/v2\/users\/1"}],"replies":[{"embeddable":true,"href":"https:\/\/safetycultureladder.com\/de\/wp-json\/wp\/v2\/comments?post=1797"}],"version-history":[{"count":148,"href":"https:\/\/safetycultureladder.com\/de\/wp-json\/wp\/v2\/pages\/1797\/revisions"}],"predecessor-version":[{"id":6977,"href":"https:\/\/safetycultureladder.com\/de\/wp-json\/wp\/v2\/pages\/1797\/revisions\/6977"}],"wp:attachment":[{"href":"https:\/\/safetycultureladder.com\/de\/wp-json\/wp\/v2\/media?parent=1797"}],"curies":[{"name":"wp","href":"https:\/\/api.w.org\/{rel}","templated":true}]}}