{"id":2345,"date":"2023-10-30T13:08:47","date_gmt":"2023-10-30T13:08:47","guid":{"rendered":"https:\/\/safetycultureladder.com\/?page_id=2345"},"modified":"2026-04-08T08:17:32","modified_gmt":"2026-04-08T08:17:32","slug":"bescheinigende-stellen-ci","status":"publish","type":"page","link":"https:\/\/safetycultureladder.com\/de\/certificerende-instellingen-ci\/","title":{"rendered":"Zertifizierungsstellen"},"content":{"rendered":"<div data-elementor-type=\"wp-page\" data-elementor-id=\"2345\" class=\"elementor elementor-2345\" data-elementor-post-type=\"page\">\n\t\t\t\t<div class=\"elementor-element elementor-element-23a3838 e-con-full e-flex e-con e-parent\" data-id=\"23a3838\" data-element_type=\"container\" data-e-type=\"container\" data-settings=\"{&quot;jet_parallax_layout_list&quot;:[],&quot;background_background&quot;:&quot;classic&quot;}\">\n\t\t<div class=\"elementor-element elementor-element-931c5f5 e-flex e-con-boxed e-con e-child\" data-id=\"931c5f5\" data-element_type=\"container\" data-e-type=\"container\" data-settings=\"{&quot;jet_parallax_layout_list&quot;:[]}\">\n\t\t\t\t\t<div class=\"e-con-inner\">\n\t\t<div class=\"elementor-element elementor-element-995c47d e-con-full e-flex e-con e-child\" data-id=\"995c47d\" data-element_type=\"container\" data-e-type=\"container\" data-settings=\"{&quot;jet_parallax_layout_list&quot;:[]}\">\n\t\t<div class=\"elementor-element elementor-element-3c283e6 e-con-full e-flex e-con e-child\" data-id=\"3c283e6\" data-element_type=\"container\" data-e-type=\"container\" data-settings=\"{&quot;jet_parallax_layout_list&quot;:[]}\">\n\t\t\t\t<div class=\"elementor-element elementor-element-7ca397b elementor-widget__width-initial elementor-widget-mobile__width-auto elementor-widget elementor-widget-heading\" data-id=\"7ca397b\" data-element_type=\"widget\" data-e-type=\"widget\" data-widget_type=\"heading.default\">\n\t\t\t\t<div class=\"elementor-widget-container\">\n\t\t\t\t\t<h1 class=\"elementor-heading-title elementor-size-default\">Zertifizierungsstellen<\/h1>\t\t\t\t<\/div>\n\t\t\t\t<\/div>\n\t\t\t\t<\/div>\n\t\t\t\t<\/div>\n\t\t<div class=\"elementor-element elementor-element-5ad1a78 e-con-full e-flex e-con e-child\" data-id=\"5ad1a78\" data-element_type=\"container\" data-e-type=\"container\" data-settings=\"{&quot;jet_parallax_layout_list&quot;:[]}\">\n\t\t\t\t<\/div>\n\t\t\t\t\t<\/div>\n\t\t\t\t<\/div>\n\t\t\t\t<\/div>\n\t\t<div class=\"elementor-element elementor-element-e2de220 e-flex e-con-boxed e-con e-parent\" data-id=\"e2de220\" data-element_type=\"container\" data-e-type=\"container\" data-settings=\"{&quot;jet_parallax_layout_list&quot;:[]}\">\n\t\t\t\t\t<div class=\"e-con-inner\">\n\t\t<div class=\"elementor-element elementor-element-3aa7a38 e-flex e-con-boxed e-con e-child\" data-id=\"3aa7a38\" data-element_type=\"container\" data-e-type=\"container\" data-settings=\"{&quot;jet_parallax_layout_list&quot;:[]}\">\n\t\t\t\t\t<div class=\"e-con-inner\">\n\t\t\t\t<div class=\"elementor-element elementor-element-2abbf1c elementor-widget elementor-widget-text-editor\" data-id=\"2abbf1c\" data-element_type=\"widget\" data-e-type=\"widget\" data-widget_type=\"text-editor.default\">\n\t\t\t\t<div class=\"elementor-widget-container\">\n\t\t\t\t\t\t\t\t\t<p>Praktische Informationen \u00fcber den Zertifizierungsprozess erhalten Sie bei einer Zertifizierungsstelle.<\/p><p>Die Erlangung eines SCL-Zertifikats erfolgt durch eine Bewertung durch einen unabh\u00e4ngigen Experten: eine Zertifizierungsstelle. Auf dieser Seite stellen wir Zertifizierungsstellen vor, die vom NEN autorisiert wurden, als unabh\u00e4ngige Dritte eine Einstufung durchzuf\u00fchren und auf dieser Grundlage ein Safety Culture Ladder-Zertifikat oder eine Erkl\u00e4rung auszustellen.<\/p>\t\t\t\t\t\t\t\t<\/div>\n\t\t\t\t<\/div>\n\t\t\t\t<div class=\"elementor-element elementor-element-cd54cbd elementor-widget elementor-widget-text-editor\" data-id=\"cd54cbd\" data-element_type=\"widget\" data-e-type=\"widget\" data-widget_type=\"text-editor.default\">\n\t\t\t\t<div class=\"elementor-widget-container\">\n\t\t\t\t\t<style>.elementor-element-cd54cbd{display:none !important}<\/style>\t\t\t\t<\/div>\n\t\t\t\t<\/div>\n\t\t\t\t<div class=\"elementor-element elementor-element-687a2ea elementor-widget elementor-widget-text-editor\" data-id=\"687a2ea\" data-element_type=\"widget\" data-e-type=\"widget\" data-no-translation=\"\" data-widget_type=\"text-editor.default\">\n\t\t\t\t<div class=\"elementor-widget-container\">\n\t\t\t\t\t<style>.elementor-element-687a2ea{display:none !important}<\/style>\t\t\t\t<\/div>\n\t\t\t\t<\/div>\n\t\t\t\t<div class=\"elementor-element elementor-element-00c6659 elementor-widget elementor-widget-text-editor\" data-id=\"00c6659\" data-element_type=\"widget\" data-e-type=\"widget\" data-no-translation=\"\" data-widget_type=\"text-editor.default\">\n\t\t\t\t<div class=\"elementor-widget-container\">\n\t\t\t\t\t\t\t\t\t<ul><li><a href=\"https:\/\/www.zert-bau.de\/\">Zertifizierung Bau <\/a><\/li><li><a href=\"https:\/\/www.tuv-nord.com\/en\/tuv-nord-worldwide\/\">TUV NORD<\/a> <em><br \/><\/em><\/li><li class=\"x_MsoListParagraph\"><a href=\"https:\/\/www.tuv.com\/netherlands\/nl\/\">T\u00dcV Rheinland<\/a><\/li><li class=\"x_MsoListParagraph\"><span lang=\"EN-US\"><a href=\"https:\/\/www.lrqa.com\/de-de\/\">LRQA Deutschland GmbH<\/a>\u00a0 <\/span><\/li><li class=\"x_MsoListParagraph\"><a href=\"https:\/\/www.safetycenter.ch\/\"><span lang=\"EN-US\">Swiss Safety Center AG\u00a0 <\/span><\/a><\/li><li class=\"x_MsoListParagraph\"><a href=\"https:\/\/www.dekra.nl\/en\/home\/\"><span lang=\"EN-US\">Dekra<\/span><\/a><\/li><li><a href=\"https:\/\/www.dnv.nl\/\"><span lang=\"EN-US\">DNV<\/span><\/a><\/li><li><a href=\"https:\/\/www.kiwa.com\/de\/de\/uber-kiwa\/tochterfirmen\/kiwa-international-cert-gmbh\/\">Kiwa International Cert GmbH<\/a><\/li><\/ul>\t\t\t\t\t\t\t\t<\/div>\n\t\t\t\t<\/div>\n\t\t\t\t\t<\/div>\n\t\t\t\t<\/div>\n\t\t\t\t\t<\/div>\n\t\t\t\t<\/div>\n\t\t\t\t<\/div>","protected":false},"excerpt":{"rendered":"<p>Certificerende Instellingen (CI) Voor praktische informatie over het certificatieproces kunt u contact opnemen met een Certificerende Instelling. Een SCL- certificaat behalen gebeurt door middel van een beoordeling door een onafhankelijke deskundige: een Certificerende Instelling. Op deze pagina tonen we certificerende instellingen die door NEN bevoegd zijn verklaard om als onafhankelijke derde partij een ladderbeoordeling te [&hellip;]<\/p>\n","protected":false},"author":1,"featured_media":0,"parent":0,"menu_order":0,"comment_status":"closed","ping_status":"closed","template":"","meta":{"_acf_changed":false,"footnotes":""},"class_list":["post-2345","page","type-page","status-publish","hentry"],"acf":[],"yoast_head":"<!-- This site is optimized with the Yoast SEO plugin v27.4 - https:\/\/yoast.com\/product\/yoast-seo-wordpress\/ -->\n<title>Certificerende Instellingen (CI) - Safety Culture Ladder<\/title>\n<meta name=\"robots\" content=\"index, follow, max-snippet:-1, max-image-preview:large, max-video-preview:-1\" \/>\n<link rel=\"canonical\" href=\"https:\/\/safetycultureladder.com\/de\/bescheinigende-stellen-ci\/\" \/>\n<meta property=\"og:locale\" content=\"de_DE\" \/>\n<meta property=\"og:type\" content=\"article\" \/>\n<meta property=\"og:title\" content=\"Certificerende Instellingen (CI) - Safety Culture Ladder\" \/>\n<meta property=\"og:description\" content=\"Certificerende Instellingen (CI) Voor praktische informatie over het certificatieproces kunt u contact opnemen met een Certificerende Instelling. Een SCL- certificaat behalen gebeurt door middel van een beoordeling door een onafhankelijke deskundige: een Certificerende Instelling. Op deze pagina tonen we certificerende instellingen die door NEN bevoegd zijn verklaard om als onafhankelijke derde partij een ladderbeoordeling te [&hellip;]\" \/>\n<meta property=\"og:url\" content=\"https:\/\/safetycultureladder.com\/de\/bescheinigende-stellen-ci\/\" \/>\n<meta property=\"og:site_name\" content=\"Safety Culture Ladder\" \/>\n<meta property=\"article:modified_time\" content=\"2026-04-08T08:17:32+00:00\" \/>\n<meta name=\"twitter:card\" content=\"summary_large_image\" \/>\n<meta name=\"twitter:label1\" content=\"Gesch\u00e4tzte Lesezeit\" \/>\n\t<meta name=\"twitter:data1\" content=\"2 Minuten\" \/>\n<script type=\"application\/ld+json\" class=\"yoast-schema-graph\">{\"@context\":\"https:\\\/\\\/schema.org\",\"@graph\":[{\"@type\":\"WebPage\",\"@id\":\"https:\\\/\\\/safetycultureladder.com\\\/certificerende-instellingen-ci\\\/\",\"url\":\"https:\\\/\\\/safetycultureladder.com\\\/certificerende-instellingen-ci\\\/\",\"name\":\"Certificerende Instellingen (CI) - Safety Culture Ladder\",\"isPartOf\":{\"@id\":\"https:\\\/\\\/safetycultureladder.com\\\/en\\\/#website\"},\"datePublished\":\"2023-10-30T13:08:47+00:00\",\"dateModified\":\"2026-04-08T08:17:32+00:00\",\"breadcrumb\":{\"@id\":\"https:\\\/\\\/safetycultureladder.com\\\/certificerende-instellingen-ci\\\/#breadcrumb\"},\"inLanguage\":\"de-DE\",\"potentialAction\":[{\"@type\":\"ReadAction\",\"target\":[\"https:\\\/\\\/safetycultureladder.com\\\/certificerende-instellingen-ci\\\/\"]}]},{\"@type\":\"BreadcrumbList\",\"@id\":\"https:\\\/\\\/safetycultureladder.com\\\/certificerende-instellingen-ci\\\/#breadcrumb\",\"itemListElement\":[{\"@type\":\"ListItem\",\"position\":1,\"name\":\"Home\",\"item\":\"https:\\\/\\\/safetycultureladder.com\\\/\"},{\"@type\":\"ListItem\",\"position\":2,\"name\":\"Certificerende Instellingen (CI)\"}]},{\"@type\":\"WebSite\",\"@id\":\"https:\\\/\\\/safetycultureladder.com\\\/en\\\/#website\",\"url\":\"https:\\\/\\\/safetycultureladder.com\\\/en\\\/\",\"name\":\"Safety Culture Ladder\",\"description\":\"\",\"publisher\":{\"@id\":\"https:\\\/\\\/safetycultureladder.com\\\/en\\\/#organization\"},\"potentialAction\":[{\"@type\":\"SearchAction\",\"target\":{\"@type\":\"EntryPoint\",\"urlTemplate\":\"https:\\\/\\\/safetycultureladder.com\\\/en\\\/?s={search_term_string}\"},\"query-input\":{\"@type\":\"PropertyValueSpecification\",\"valueRequired\":true,\"valueName\":\"search_term_string\"}}],\"inLanguage\":\"de-DE\"},{\"@type\":\"Organization\",\"@id\":\"https:\\\/\\\/safetycultureladder.com\\\/en\\\/#organization\",\"name\":\"Safety Culture Ladder\",\"url\":\"https:\\\/\\\/safetycultureladder.com\\\/en\\\/\",\"logo\":{\"@type\":\"ImageObject\",\"inLanguage\":\"de-DE\",\"@id\":\"https:\\\/\\\/safetycultureladder.com\\\/en\\\/#\\\/schema\\\/logo\\\/image\\\/\",\"url\":\"https:\\\/\\\/safetycultureladder.com\\\/app\\\/uploads\\\/2023\\\/09\\\/NEN-Safety-Culture-Ladder_Logo-RGB-1.svg\",\"contentUrl\":\"https:\\\/\\\/safetycultureladder.com\\\/app\\\/uploads\\\/2023\\\/09\\\/NEN-Safety-Culture-Ladder_Logo-RGB-1.svg\",\"width\":456,\"height\":36,\"caption\":\"Safety Culture Ladder\"},\"image\":{\"@id\":\"https:\\\/\\\/safetycultureladder.com\\\/en\\\/#\\\/schema\\\/logo\\\/image\\\/\"}}]}<\/script>\n<!-- \/ Yoast SEO plugin. -->","yoast_head_json":{"title":"Zertifizierungsstellen (CI) - Leiter der Sicherheitskultur","robots":{"index":"index","follow":"follow","max-snippet":"max-snippet:-1","max-image-preview":"max-image-preview:large","max-video-preview":"max-video-preview:-1"},"canonical":"https:\/\/safetycultureladder.com\/de\/bescheinigende-stellen-ci\/","og_locale":"de_DE","og_type":"article","og_title":"Certificerende Instellingen (CI) - Safety Culture Ladder","og_description":"Certificerende Instellingen (CI) Voor praktische informatie over het certificatieproces kunt u contact opnemen met een Certificerende Instelling. Een SCL- certificaat behalen gebeurt door middel van een beoordeling door een onafhankelijke deskundige: een Certificerende Instelling. Op deze pagina tonen we certificerende instellingen die door NEN bevoegd zijn verklaard om als onafhankelijke derde partij een ladderbeoordeling te [&hellip;]","og_url":"https:\/\/safetycultureladder.com\/de\/bescheinigende-stellen-ci\/","og_site_name":"Safety Culture Ladder","article_modified_time":"2026-04-08T08:17:32+00:00","twitter_card":"summary_large_image","twitter_misc":{"Gesch\u00e4tzte Lesezeit":"2 Minuten"},"schema":{"@context":"https:\/\/schema.org","@graph":[{"@type":"WebPage","@id":"https:\/\/safetycultureladder.com\/certificerende-instellingen-ci\/","url":"https:\/\/safetycultureladder.com\/certificerende-instellingen-ci\/","name":"Zertifizierungsstellen (CI) - Leiter der Sicherheitskultur","isPartOf":{"@id":"https:\/\/safetycultureladder.com\/en\/#website"},"datePublished":"2023-10-30T13:08:47+00:00","dateModified":"2026-04-08T08:17:32+00:00","breadcrumb":{"@id":"https:\/\/safetycultureladder.com\/certificerende-instellingen-ci\/#breadcrumb"},"inLanguage":"de-DE","potentialAction":[{"@type":"ReadAction","target":["https:\/\/safetycultureladder.com\/certificerende-instellingen-ci\/"]}]},{"@type":"BreadcrumbList","@id":"https:\/\/safetycultureladder.com\/certificerende-instellingen-ci\/#breadcrumb","itemListElement":[{"@type":"ListItem","position":1,"name":"Home","item":"https:\/\/safetycultureladder.com\/"},{"@type":"ListItem","position":2,"name":"Certificerende Instellingen (CI)"}]},{"@type":"WebSite","@id":"https:\/\/safetycultureladder.com\/en\/#website","url":"https:\/\/safetycultureladder.com\/en\/","name":"Leiter f\u00fcr Sicherheitskultur","description":"","publisher":{"@id":"https:\/\/safetycultureladder.com\/en\/#organization"},"potentialAction":[{"@type":"SearchAction","target":{"@type":"EntryPoint","urlTemplate":"https:\/\/safetycultureladder.com\/en\/?s={search_term_string}"},"query-input":{"@type":"PropertyValueSpecification","valueRequired":true,"valueName":"search_term_string"}}],"inLanguage":"de-DE"},{"@type":"Organization","@id":"https:\/\/safetycultureladder.com\/en\/#organization","name":"Leiter f\u00fcr Sicherheitskultur","url":"https:\/\/safetycultureladder.com\/en\/","logo":{"@type":"ImageObject","inLanguage":"de-DE","@id":"https:\/\/safetycultureladder.com\/en\/#\/schema\/logo\/image\/","url":"https:\/\/safetycultureladder.com\/app\/uploads\/2023\/09\/NEN-Safety-Culture-Ladder_Logo-RGB-1.svg","contentUrl":"https:\/\/safetycultureladder.com\/app\/uploads\/2023\/09\/NEN-Safety-Culture-Ladder_Logo-RGB-1.svg","width":456,"height":36,"caption":"Safety Culture Ladder"},"image":{"@id":"https:\/\/safetycultureladder.com\/en\/#\/schema\/logo\/image\/"}}]}},"_links":{"self":[{"href":"https:\/\/safetycultureladder.com\/de\/wp-json\/wp\/v2\/pages\/2345","targetHints":{"allow":["GET"]}}],"collection":[{"href":"https:\/\/safetycultureladder.com\/de\/wp-json\/wp\/v2\/pages"}],"about":[{"href":"https:\/\/safetycultureladder.com\/de\/wp-json\/wp\/v2\/types\/page"}],"author":[{"embeddable":true,"href":"https:\/\/safetycultureladder.com\/de\/wp-json\/wp\/v2\/users\/1"}],"replies":[{"embeddable":true,"href":"https:\/\/safetycultureladder.com\/de\/wp-json\/wp\/v2\/comments?post=2345"}],"version-history":[{"count":88,"href":"https:\/\/safetycultureladder.com\/de\/wp-json\/wp\/v2\/pages\/2345\/revisions"}],"predecessor-version":[{"id":6983,"href":"https:\/\/safetycultureladder.com\/de\/wp-json\/wp\/v2\/pages\/2345\/revisions\/6983"}],"wp:attachment":[{"href":"https:\/\/safetycultureladder.com\/de\/wp-json\/wp\/v2\/media?parent=2345"}],"curies":[{"name":"wp","href":"https:\/\/api.w.org\/{rel}","templated":true}]}}