{"id":1344,"date":"2023-10-24T12:42:49","date_gmt":"2023-10-24T12:42:49","guid":{"rendered":"https:\/\/safetycultureladder.com\/?page_id=1344"},"modified":"2026-04-13T13:11:47","modified_gmt":"2026-04-13T13:11:47","slug":"autres-secteurs","status":"publish","type":"page","link":"https:\/\/safetycultureladder.com\/fr\/overige-sectoren\/","title":{"rendered":"Autres secteurs"},"content":{"rendered":"<div data-elementor-type=\"wp-page\" data-elementor-id=\"1344\" class=\"elementor elementor-1344\" data-elementor-post-type=\"page\">\n\t\t\t\t<div class=\"elementor-element elementor-element-3f6a5b6 e-con-full e-flex e-con e-parent\" data-id=\"3f6a5b6\" data-element_type=\"container\" data-e-type=\"container\" data-settings=\"{&quot;jet_parallax_layout_list&quot;:[],&quot;background_background&quot;:&quot;classic&quot;}\">\n\t\t<div class=\"elementor-element elementor-element-266261c e-flex e-con-boxed e-con e-child\" data-id=\"266261c\" data-element_type=\"container\" data-e-type=\"container\" data-settings=\"{&quot;jet_parallax_layout_list&quot;:[]}\">\n\t\t\t\t\t<div class=\"e-con-inner\">\n\t\t<div class=\"elementor-element elementor-element-62f524c e-con-full e-flex e-con e-child\" data-id=\"62f524c\" data-element_type=\"container\" data-e-type=\"container\" data-settings=\"{&quot;jet_parallax_layout_list&quot;:[]}\">\n\t\t<div class=\"elementor-element elementor-element-78774a7 e-con-full e-flex e-con e-child\" data-id=\"78774a7\" data-element_type=\"container\" data-e-type=\"container\" data-settings=\"{&quot;jet_parallax_layout_list&quot;:[]}\">\n\t\t\t\t<div class=\"elementor-element elementor-element-3541965 elementor-widget__width-initial elementor-widget-mobile__width-auto elementor-widget elementor-widget-heading\" data-id=\"3541965\" data-element_type=\"widget\" data-e-type=\"widget\" data-widget_type=\"heading.default\">\n\t\t\t\t<div class=\"elementor-widget-container\">\n\t\t\t\t\t<h1 class=\"elementor-heading-title elementor-size-default\">Pour qui<\/h1>\t\t\t\t<\/div>\n\t\t\t\t<\/div>\n\t\t\t\t<div class=\"elementor-element elementor-element-95ed270 elementor-widget elementor-widget-text-editor\" data-id=\"95ed270\" data-element_type=\"widget\" data-e-type=\"widget\" data-widget_type=\"text-editor.default\">\n\t\t\t\t<div class=\"elementor-widget-container\">\n\t\t\t\t\t\t\t\t\tLe SCL contribue \u00e0 r\u00e9duire le nombre de situations dangereuses et malsaines sur le lieu de travail. \t\t\t\t\t\t\t\t<\/div>\n\t\t\t\t<\/div>\n\t\t\t\t<\/div>\n\t\t\t\t<\/div>\n\t\t<div class=\"elementor-element elementor-element-c70efd8 e-con-full e-flex e-con e-child\" data-id=\"c70efd8\" data-element_type=\"container\" data-e-type=\"container\" data-settings=\"{&quot;jet_parallax_layout_list&quot;:[]}\">\n\t\t\t\t<\/div>\n\t\t\t\t\t<\/div>\n\t\t\t\t<\/div>\n\t\t\t\t<\/div>\n\t\t<div class=\"elementor-element elementor-element-5c56c0c e-flex e-con-boxed e-con e-parent\" data-id=\"5c56c0c\" data-element_type=\"container\" data-e-type=\"container\" data-settings=\"{&quot;jet_parallax_layout_list&quot;:[]}\">\n\t\t\t\t\t<div class=\"e-con-inner\">\n\t\t<div class=\"elementor-element elementor-element-9fbff4d e-flex e-con-boxed e-con e-child\" data-id=\"9fbff4d\" data-element_type=\"container\" data-e-type=\"container\" data-settings=\"{&quot;jet_parallax_layout_list&quot;:[]}\">\n\t\t\t\t\t<div class=\"e-con-inner\">\n\t\t\t\t<div class=\"elementor-element elementor-element-b003a6b elementor-widget__width-initial elementor-widget elementor-widget-heading\" data-id=\"b003a6b\" data-element_type=\"widget\" data-e-type=\"widget\" data-widget_type=\"heading.default\">\n\t\t\t\t<div class=\"elementor-widget-container\">\n\t\t\t\t\t<h2 class=\"elementor-heading-title elementor-size-default\">Le SCL concerne tous les secteurs <\/h2>\t\t\t\t<\/div>\n\t\t\t\t<\/div>\n\t\t\t\t<div class=\"elementor-element elementor-element-a201325 elementor-widget elementor-widget-text-editor\" data-id=\"a201325\" data-element_type=\"widget\" data-e-type=\"widget\" data-widget_type=\"text-editor.default\">\n\t\t\t\t<div class=\"elementor-widget-container\">\n\t\t\t\t\t\t\t\t\t<p style=\"text-align: left;\">L'\u00e9chelle de la culture de la s\u00e9curit\u00e9 est con\u00e7ue pour \u00eatre applicable dans tous les secteurs. Elle permet de r\u00e9duire le nombre de situations dangereuses et malsaines sur le lieu de travail. Il en r\u00e9sulte une diminution des incidents, de l'absent\u00e9isme et des dommages. Un environnement de travail s\u00fbr est important pour toute entreprise, quel que soit le secteur.<\/p><p style=\"text-align: left;\">Consultez les diff\u00e9rents t\u00e9moignages ci-dessous.<\/p>\t\t\t\t\t\t\t\t<\/div>\n\t\t\t\t<\/div>\n\t\t<div class=\"elementor-element elementor-element-e460562 e-con-full e-flex e-con e-child\" data-id=\"e460562\" data-element_type=\"container\" data-e-type=\"container\" data-settings=\"{&quot;jet_parallax_layout_list&quot;:[]}\">\n\t\t\t\t<div class=\"elementor-element elementor-element-17992be elementor-grid-3 elementor-grid-tablet-2 elementor-grid-mobile-1 elementor-posts--thumbnail-top elementor-posts__hover-gradient elementor-widget elementor-widget-posts\" data-id=\"17992be\" data-element_type=\"widget\" data-e-type=\"widget\" data-settings=\"{&quot;pagination_type&quot;:&quot;numbers&quot;,&quot;cards_columns&quot;:&quot;3&quot;,&quot;cards_columns_tablet&quot;:&quot;2&quot;,&quot;cards_columns_mobile&quot;:&quot;1&quot;,&quot;cards_row_gap&quot;:{&quot;unit&quot;:&quot;px&quot;,&quot;size&quot;:35,&quot;sizes&quot;:[]},&quot;cards_row_gap_tablet&quot;:{&quot;unit&quot;:&quot;px&quot;,&quot;size&quot;:&quot;&quot;,&quot;sizes&quot;:[]},&quot;cards_row_gap_mobile&quot;:{&quot;unit&quot;:&quot;px&quot;,&quot;size&quot;:&quot;&quot;,&quot;sizes&quot;:[]}}\" data-widget_type=\"posts.cards\">\n\t\t\t\t<div class=\"elementor-widget-container\">\n\t\t\t\t\t\t\t<div class=\"elementor-posts-container elementor-posts elementor-posts--skin-cards elementor-grid\" role=\"list\">\n\t\t\t\t<article class=\"elementor-post elementor-grid-item post-2878 post type-post status-publish format-standard has-post-thumbnail hentry category-testimonials\" role=\"listitem\">\n\t\t\t<div class=\"elementor-post__card\">\n\t\t\t\t<a class=\"elementor-post__thumbnail__link\" href=\"https:\/\/safetycultureladder.com\/fr\/de-safety-culture-ladder-heeft-eneco-veiliger-gemaakt\/\" tabindex=\"-1\" ><div class=\"elementor-post__thumbnail\"><img fetchpriority=\"high\" decoding=\"async\" width=\"300\" height=\"214\" src=\"https:\/\/safetycultureladder.com\/app\/uploads\/2023\/11\/eneco-300x214.jpg\" class=\"attachment-medium size-medium wp-image-3308\" alt=\"\" srcset=\"https:\/\/safetycultureladder.com\/app\/uploads\/2023\/11\/eneco-300x214.jpg 300w, https:\/\/safetycultureladder.com\/app\/uploads\/2023\/11\/eneco-18x12.jpg 18w, https:\/\/safetycultureladder.com\/app\/uploads\/2023\/11\/eneco.jpg 700w\" sizes=\"(max-width: 300px) 100vw, 300px\" \/><\/div><\/a>\n\t\t\t\t<div class=\"elementor-post__text\">\n\t\t\t\t<h3 class=\"elementor-post__title\">\n\t\t\t<a href=\"https:\/\/safetycultureladder.com\/fr\/de-safety-culture-ladder-heeft-eneco-veiliger-gemaakt\/\" >\n\t\t\t\tL'\u00e9chelle de la culture de la s\u00e9curit\u00e9 a rendu Eneco plus s\u00fbr\t\t\t<\/a>\n\t\t<\/h3>\n\t\t\t\t<div class=\"elementor-post__excerpt\">\n\t\t\t<p>De nombreuses entreprises ont couvert le sujet de la s\u00e9curit\u00e9 avec toutes sortes d'accords et de r\u00e8gles. Mais une composante importante est souvent oubli\u00e9e. L'attitude et le comportement des<\/p>\n\t\t<\/div>\n\t\t\n\t\t<a class=\"elementor-post__read-more\" href=\"https:\/\/safetycultureladder.com\/fr\/de-safety-culture-ladder-heeft-eneco-veiliger-gemaakt\/\" aria-label=\"En savoir plus sur l&#039;\u00e9chelle de la culture de la s\u00e9curit\u00e9 qui a rendu Eneco plus s\u00fbr\" tabindex=\"-1\" >\n\t\t\tLire la suite \"\t\t<\/a>\n\n\t\t\t\t<\/div>\n\t\t\t\t\t<\/div>\n\t\t<\/article>\n\t\t\t\t<article class=\"elementor-post elementor-grid-item post-2877 post type-post status-publish format-standard has-post-thumbnail hentry category-testimonials\" role=\"listitem\">\n\t\t\t<div class=\"elementor-post__card\">\n\t\t\t\t<a class=\"elementor-post__thumbnail__link\" href=\"https:\/\/safetycultureladder.com\/fr\/scl-heeft-veiligheidsreputatie-van-prorail-verhoogd\/\" tabindex=\"-1\" ><div class=\"elementor-post__thumbnail\"><img decoding=\"async\" width=\"300\" height=\"214\" src=\"https:\/\/safetycultureladder.com\/app\/uploads\/2023\/11\/prorail-300x214.jpg\" class=\"attachment-medium size-medium wp-image-3282\" alt=\"\" srcset=\"https:\/\/safetycultureladder.com\/app\/uploads\/2023\/11\/prorail-300x214.jpg 300w, https:\/\/safetycultureladder.com\/app\/uploads\/2023\/11\/prorail-18x12.jpg 18w, https:\/\/safetycultureladder.com\/app\/uploads\/2023\/11\/prorail.jpg 700w\" sizes=\"(max-width: 300px) 100vw, 300px\" \/><\/div><\/a>\n\t\t\t\t<div class=\"elementor-post__text\">\n\t\t\t\t<h3 class=\"elementor-post__title\">\n\t\t\t<a href=\"https:\/\/safetycultureladder.com\/fr\/scl-heeft-veiligheidsreputatie-van-prorail-verhoogd\/\" >\n\t\t\t\tSCL a renforc\u00e9 la r\u00e9putation de s\u00e9curit\u00e9 de ProRail\t\t\t<\/a>\n\t\t<\/h3>\n\t\t\t\t<div class=\"elementor-post__excerpt\">\n\t\t\t<p>Dieter van Delft, de ProRail, peut \u00eatre consid\u00e9r\u00e9 comme le p\u00e8re spirituel de l'\u00e9chelle de la culture de la s\u00e9curit\u00e9. Il aime<\/p>\n\t\t<\/div>\n\t\t\n\t\t<a class=\"elementor-post__read-more\" href=\"https:\/\/safetycultureladder.com\/fr\/scl-heeft-veiligheidsreputatie-van-prorail-verhoogd\/\" aria-label=\"Plus d&#039;informations sur SCL a renforc\u00e9 la r\u00e9putation de ProRail en mati\u00e8re de s\u00e9curit\u00e9\" tabindex=\"-1\" >\n\t\t\tLire la suite \"\t\t<\/a>\n\n\t\t\t\t<\/div>\n\t\t\t\t\t<\/div>\n\t\t<\/article>\n\t\t\t\t<article class=\"elementor-post elementor-grid-item post-2830 post type-post status-publish format-standard has-post-thumbnail hentry category-testimonials\" role=\"listitem\">\n\t\t\t<div class=\"elementor-post__card\">\n\t\t\t\t<a class=\"elementor-post__thumbnail__link\" href=\"https:\/\/safetycultureladder.com\/fr\/scl-en-bam-nederland-zijn-een-succescombinatie\/\" tabindex=\"-1\" ><div class=\"elementor-post__thumbnail\"><img decoding=\"async\" width=\"300\" height=\"214\" src=\"https:\/\/safetycultureladder.com\/app\/uploads\/2023\/11\/bam-300x214.jpg\" class=\"attachment-medium size-medium wp-image-3307\" alt=\"\" srcset=\"https:\/\/safetycultureladder.com\/app\/uploads\/2023\/11\/bam-300x214.jpg 300w, https:\/\/safetycultureladder.com\/app\/uploads\/2023\/11\/bam-18x12.jpg 18w, https:\/\/safetycultureladder.com\/app\/uploads\/2023\/11\/bam.jpg 700w\" sizes=\"(max-width: 300px) 100vw, 300px\" \/><\/div><\/a>\n\t\t\t\t<div class=\"elementor-post__text\">\n\t\t\t\t<h3 class=\"elementor-post__title\">\n\t\t\t<a href=\"https:\/\/safetycultureladder.com\/fr\/scl-en-bam-nederland-zijn-een-succescombinatie\/\" >\n\t\t\t\tSCL et BAM Pays-Bas : une combinaison r\u00e9ussie\t\t\t<\/a>\n\t\t<\/h3>\n\t\t\t\t<div class=\"elementor-post__excerpt\">\n\t\t\t<p>Chez BAM Pays-Bas, l'\u00e9chelle de la culture de la s\u00e9curit\u00e9 (SCL) a trouv\u00e9 un terrain fertile. Les diff\u00e9rentes facettes de cette philosophie forment l'un des deux courants suivants<\/p>\n\t\t<\/div>\n\t\t\n\t\t<a class=\"elementor-post__read-more\" href=\"https:\/\/safetycultureladder.com\/fr\/scl-en-bam-nederland-zijn-een-succescombinatie\/\" aria-label=\"En savoir plus sur la combinaison r\u00e9ussie entre SCL et BAM Pays-Bas\" tabindex=\"-1\" >\n\t\t\tLire la suite \"\t\t<\/a>\n\n\t\t\t\t<\/div>\n\t\t\t\t\t<\/div>\n\t\t<\/article>\n\t\t\t\t<\/div>\n\t\t\n\t\t\t\t\t\t<\/div>\n\t\t\t\t<\/div>\n\t\t\t\t<\/div>\n\t\t\t\t\t<\/div>\n\t\t\t\t<\/div>\n\t\t\t\t\t<\/div>\n\t\t\t\t<\/div>\n\t\t<div class=\"elementor-element elementor-element-b152a04 e-flex e-con-boxed e-con e-parent\" data-id=\"b152a04\" data-element_type=\"container\" data-e-type=\"container\" data-settings=\"{&quot;background_background&quot;:&quot;classic&quot;,&quot;jet_parallax_layout_list&quot;:[]}\">\n\t\t\t\t\t<div class=\"e-con-inner\">\n\t\t<div class=\"elementor-element elementor-element-108df0e e-flex e-con-boxed e-con e-child\" data-id=\"108df0e\" data-element_type=\"container\" data-e-type=\"container\" data-settings=\"{&quot;jet_parallax_layout_list&quot;:[]}\">\n\t\t\t\t\t<div class=\"e-con-inner\">\n\t\t\t\t<div class=\"elementor-element elementor-element-7b4b584 elementor-widget elementor-widget-image\" data-id=\"7b4b584\" data-element_type=\"widget\" data-e-type=\"widget\" data-widget_type=\"image.default\">\n\t\t\t\t<div class=\"elementor-widget-container\">\n\t\t\t\t\t\t\t\t\t\t\t\t\t\t\t<img loading=\"lazy\" decoding=\"async\" width=\"2000\" height=\"1204\" src=\"https:\/\/safetycultureladder.com\/app\/uploads\/2023\/11\/proces-scl.jpg\" class=\"attachment-full size-full wp-image-3161\" alt=\"\" srcset=\"https:\/\/safetycultureladder.com\/app\/uploads\/2023\/11\/proces-scl.jpg 2000w, https:\/\/safetycultureladder.com\/app\/uploads\/2023\/11\/proces-scl-300x181.jpg 300w, https:\/\/safetycultureladder.com\/app\/uploads\/2023\/11\/proces-scl-1024x616.jpg 1024w, https:\/\/safetycultureladder.com\/app\/uploads\/2023\/11\/proces-scl-768x462.jpg 768w, https:\/\/safetycultureladder.com\/app\/uploads\/2023\/11\/proces-scl-1536x925.jpg 1536w, https:\/\/safetycultureladder.com\/app\/uploads\/2023\/11\/proces-scl-18x12.jpg 18w\" sizes=\"(max-width: 2000px) 100vw, 2000px\" \/>\t\t\t\t\t\t\t\t\t\t\t\t\t\t\t<\/div>\n\t\t\t\t<\/div>\n\t\t\t\t\t<\/div>\n\t\t\t\t<\/div>\n\t\t<div class=\"elementor-element elementor-element-8d4b930 e-flex e-con-boxed e-con e-child\" data-id=\"8d4b930\" data-element_type=\"container\" data-e-type=\"container\" data-settings=\"{&quot;jet_parallax_layout_list&quot;:[]}\">\n\t\t\t\t\t<div class=\"e-con-inner\">\n\t\t\t\t<div class=\"elementor-element elementor-element-d70b2ab elementor-widget__width-auto elementor-widget elementor-widget-heading\" data-id=\"d70b2ab\" data-element_type=\"widget\" data-e-type=\"widget\" data-widget_type=\"heading.default\">\n\t\t\t\t<div class=\"elementor-widget-container\">\n\t\t\t\t\t<h2 class=\"elementor-heading-title elementor-size-default\">Travailler en s\u00e9curit\u00e9, c'est travailler ensemble<\/h2>\t\t\t\t<\/div>\n\t\t\t\t<\/div>\n\t\t\t\t<div class=\"elementor-element elementor-element-e838cb2 elementor-widget elementor-widget-text-editor\" data-id=\"e838cb2\" data-element_type=\"widget\" data-e-type=\"widget\" data-widget_type=\"text-editor.default\">\n\t\t\t\t<div class=\"elementor-widget-container\">\n\t\t\t\t\t\t\t\t\t<p>Travailler en toute s\u00e9curit\u00e9 ne consiste pas seulement \u00e0 se conformer aux r\u00e8gles de s\u00e9curit\u00e9. La base d'un environnement de travail s\u00fbr a tout \u00e0 voir avec l'attitude, le comportement et la culture. L'\u00e9chelle de la culture de la s\u00e9curit\u00e9 motive les entreprises et leurs fournisseurs \u00e0 travailler de mani\u00e8re s\u00fbre et saine. Elle ne fait pas de distinction entre les clients, les entrepreneurs ou les fournisseurs. Travailler en s\u00e9curit\u00e9, c'est travailler ensemble. L'\u00e9chelle de la culture de la s\u00e9curit\u00e9 divise la sensibilisation \u00e0 la s\u00e9curit\u00e9 et le comportement en <a href=\"https:\/\/safetycultureladder.com\/omschrijving-treden-scl\/\">cinq \u00e9tapes<\/a>.\u00a0<\/p>\t\t\t\t\t\t\t\t<\/div>\n\t\t\t\t<\/div>\n\t\t\t\t<div class=\"elementor-element elementor-element-867584a elementor-widget elementor-widget-button\" data-id=\"867584a\" data-element_type=\"widget\" data-e-type=\"widget\" data-widget_type=\"button.default\">\n\t\t\t\t<div class=\"elementor-widget-container\">\n\t\t\t\t\t\t\t\t\t<div class=\"elementor-button-wrapper\">\n\t\t\t\t\t<a class=\"elementor-button elementor-button-link elementor-size-sm\" href=\"https:\/\/safetycultureladder.com\/fr\/scl-producten\/\">\n\t\t\t\t\t\t<span class=\"elementor-button-content-wrapper\">\n\t\t\t\t\t\t\t\t\t<span class=\"elementor-button-text\">Voir les produits<\/span>\n\t\t\t\t\t<\/span>\n\t\t\t\t\t<\/a>\n\t\t\t\t<\/div>\n\t\t\t\t\t\t\t\t<\/div>\n\t\t\t\t<\/div>\n\t\t\t\t\t<\/div>\n\t\t\t\t<\/div>\n\t\t\t\t\t<\/div>\n\t\t\t\t<\/div>\n\t\t\t\t<\/div>","protected":false},"excerpt":{"rendered":"<p>Voor wie De SCL draagt bij aan het terugdringen van het aantal onveilige en ongezonde situaties op de werkvloer. De SCL is voor alle sectoren De Safety Culture Ladder is zo ontworpen dat het in alle sectoren toepasbaar is. Het draagt bij aan het terugdringen van het aantal onveilige en ongezonde situaties op de werkvloer. [&hellip;]<\/p>\n","protected":false},"author":1,"featured_media":0,"parent":0,"menu_order":0,"comment_status":"closed","ping_status":"closed","template":"","meta":{"_acf_changed":false,"footnotes":""},"class_list":["post-1344","page","type-page","status-publish","hentry"],"acf":[],"yoast_head":"<!-- This site is optimized with the Yoast SEO plugin v27.4 - https:\/\/yoast.com\/product\/yoast-seo-wordpress\/ -->\n<title>Overige sectoren - Safety Culture Ladder<\/title>\n<meta name=\"robots\" content=\"index, follow, max-snippet:-1, max-image-preview:large, max-video-preview:-1\" \/>\n<link rel=\"canonical\" href=\"https:\/\/safetycultureladder.com\/fr\/autres-secteurs\/\" \/>\n<meta property=\"og:locale\" content=\"fr_FR\" \/>\n<meta property=\"og:type\" content=\"article\" \/>\n<meta property=\"og:title\" content=\"Overige sectoren - Safety Culture Ladder\" \/>\n<meta property=\"og:description\" content=\"Voor wie De SCL draagt bij aan het terugdringen van het aantal onveilige en ongezonde situaties op de werkvloer. De SCL is voor alle sectoren De Safety Culture Ladder is zo ontworpen dat het in alle sectoren toepasbaar is. Het draagt bij aan het terugdringen van het aantal onveilige en ongezonde situaties op de werkvloer. [&hellip;]\" \/>\n<meta property=\"og:url\" content=\"https:\/\/safetycultureladder.com\/fr\/autres-secteurs\/\" \/>\n<meta property=\"og:site_name\" content=\"Safety Culture Ladder\" \/>\n<meta property=\"article:modified_time\" content=\"2026-04-13T13:11:47+00:00\" \/>\n<meta property=\"og:image\" content=\"https:\/\/safetycultureladder.com\/app\/uploads\/2023\/11\/proces-scl.jpg\" \/>\n<meta name=\"twitter:card\" content=\"summary_large_image\" \/>\n<meta name=\"twitter:label1\" content=\"Dur\u00e9e de lecture estim\u00e9e\" \/>\n\t<meta name=\"twitter:data1\" content=\"4 minutes\" \/>\n<script type=\"application\/ld+json\" class=\"yoast-schema-graph\">{\"@context\":\"https:\\\/\\\/schema.org\",\"@graph\":[{\"@type\":\"WebPage\",\"@id\":\"https:\\\/\\\/safetycultureladder.com\\\/overige-sectoren\\\/\",\"url\":\"https:\\\/\\\/safetycultureladder.com\\\/overige-sectoren\\\/\",\"name\":\"Overige sectoren - Safety Culture Ladder\",\"isPartOf\":{\"@id\":\"https:\\\/\\\/safetycultureladder.com\\\/en\\\/#website\"},\"primaryImageOfPage\":{\"@id\":\"https:\\\/\\\/safetycultureladder.com\\\/overige-sectoren\\\/#primaryimage\"},\"image\":{\"@id\":\"https:\\\/\\\/safetycultureladder.com\\\/overige-sectoren\\\/#primaryimage\"},\"thumbnailUrl\":\"https:\\\/\\\/safetycultureladder.com\\\/app\\\/uploads\\\/2023\\\/11\\\/proces-scl.jpg\",\"datePublished\":\"2023-10-24T12:42:49+00:00\",\"dateModified\":\"2026-04-13T13:11:47+00:00\",\"breadcrumb\":{\"@id\":\"https:\\\/\\\/safetycultureladder.com\\\/overige-sectoren\\\/#breadcrumb\"},\"inLanguage\":\"fr-FR\",\"potentialAction\":[{\"@type\":\"ReadAction\",\"target\":[\"https:\\\/\\\/safetycultureladder.com\\\/overige-sectoren\\\/\"]}]},{\"@type\":\"ImageObject\",\"inLanguage\":\"fr-FR\",\"@id\":\"https:\\\/\\\/safetycultureladder.com\\\/overige-sectoren\\\/#primaryimage\",\"url\":\"https:\\\/\\\/safetycultureladder.com\\\/app\\\/uploads\\\/2023\\\/11\\\/proces-scl.jpg\",\"contentUrl\":\"https:\\\/\\\/safetycultureladder.com\\\/app\\\/uploads\\\/2023\\\/11\\\/proces-scl.jpg\"},{\"@type\":\"BreadcrumbList\",\"@id\":\"https:\\\/\\\/safetycultureladder.com\\\/overige-sectoren\\\/#breadcrumb\",\"itemListElement\":[{\"@type\":\"ListItem\",\"position\":1,\"name\":\"Home\",\"item\":\"https:\\\/\\\/safetycultureladder.com\\\/\"},{\"@type\":\"ListItem\",\"position\":2,\"name\":\"Overige sectoren\"}]},{\"@type\":\"WebSite\",\"@id\":\"https:\\\/\\\/safetycultureladder.com\\\/en\\\/#website\",\"url\":\"https:\\\/\\\/safetycultureladder.com\\\/en\\\/\",\"name\":\"Safety Culture Ladder\",\"description\":\"\",\"publisher\":{\"@id\":\"https:\\\/\\\/safetycultureladder.com\\\/en\\\/#organization\"},\"potentialAction\":[{\"@type\":\"SearchAction\",\"target\":{\"@type\":\"EntryPoint\",\"urlTemplate\":\"https:\\\/\\\/safetycultureladder.com\\\/en\\\/?s={search_term_string}\"},\"query-input\":{\"@type\":\"PropertyValueSpecification\",\"valueRequired\":true,\"valueName\":\"search_term_string\"}}],\"inLanguage\":\"fr-FR\"},{\"@type\":\"Organization\",\"@id\":\"https:\\\/\\\/safetycultureladder.com\\\/en\\\/#organization\",\"name\":\"Safety Culture Ladder\",\"url\":\"https:\\\/\\\/safetycultureladder.com\\\/en\\\/\",\"logo\":{\"@type\":\"ImageObject\",\"inLanguage\":\"fr-FR\",\"@id\":\"https:\\\/\\\/safetycultureladder.com\\\/en\\\/#\\\/schema\\\/logo\\\/image\\\/\",\"url\":\"https:\\\/\\\/safetycultureladder.com\\\/app\\\/uploads\\\/2023\\\/09\\\/NEN-Safety-Culture-Ladder_Logo-RGB-1.svg\",\"contentUrl\":\"https:\\\/\\\/safetycultureladder.com\\\/app\\\/uploads\\\/2023\\\/09\\\/NEN-Safety-Culture-Ladder_Logo-RGB-1.svg\",\"width\":456,\"height\":36,\"caption\":\"Safety Culture Ladder\"},\"image\":{\"@id\":\"https:\\\/\\\/safetycultureladder.com\\\/en\\\/#\\\/schema\\\/logo\\\/image\\\/\"}}]}<\/script>\n<!-- \/ Yoast SEO plugin. -->","yoast_head_json":{"title":"Autres secteurs - \u00c9chelle de la culture de la s\u00e9curit\u00e9","robots":{"index":"index","follow":"follow","max-snippet":"max-snippet:-1","max-image-preview":"max-image-preview:large","max-video-preview":"max-video-preview:-1"},"canonical":"https:\/\/safetycultureladder.com\/fr\/autres-secteurs\/","og_locale":"fr_FR","og_type":"article","og_title":"Overige sectoren - Safety Culture Ladder","og_description":"Voor wie De SCL draagt bij aan het terugdringen van het aantal onveilige en ongezonde situaties op de werkvloer. De SCL is voor alle sectoren De Safety Culture Ladder is zo ontworpen dat het in alle sectoren toepasbaar is. Het draagt bij aan het terugdringen van het aantal onveilige en ongezonde situaties op de werkvloer. [&hellip;]","og_url":"https:\/\/safetycultureladder.com\/fr\/autres-secteurs\/","og_site_name":"Safety Culture Ladder","article_modified_time":"2026-04-13T13:11:47+00:00","og_image":[{"url":"https:\/\/safetycultureladder.com\/app\/uploads\/2023\/11\/proces-scl.jpg","type":"","width":"","height":""}],"twitter_card":"summary_large_image","twitter_misc":{"Dur\u00e9e de lecture estim\u00e9e":"4 minutes"},"schema":{"@context":"https:\/\/schema.org","@graph":[{"@type":"WebPage","@id":"https:\/\/safetycultureladder.com\/overige-sectoren\/","url":"https:\/\/safetycultureladder.com\/overige-sectoren\/","name":"Autres secteurs - \u00c9chelle de la culture de la s\u00e9curit\u00e9","isPartOf":{"@id":"https:\/\/safetycultureladder.com\/en\/#website"},"primaryImageOfPage":{"@id":"https:\/\/safetycultureladder.com\/overige-sectoren\/#primaryimage"},"image":{"@id":"https:\/\/safetycultureladder.com\/overige-sectoren\/#primaryimage"},"thumbnailUrl":"https:\/\/safetycultureladder.com\/app\/uploads\/2023\/11\/proces-scl.jpg","datePublished":"2023-10-24T12:42:49+00:00","dateModified":"2026-04-13T13:11:47+00:00","breadcrumb":{"@id":"https:\/\/safetycultureladder.com\/overige-sectoren\/#breadcrumb"},"inLanguage":"fr-FR","potentialAction":[{"@type":"ReadAction","target":["https:\/\/safetycultureladder.com\/overige-sectoren\/"]}]},{"@type":"ImageObject","inLanguage":"fr-FR","@id":"https:\/\/safetycultureladder.com\/overige-sectoren\/#primaryimage","url":"https:\/\/safetycultureladder.com\/app\/uploads\/2023\/11\/proces-scl.jpg","contentUrl":"https:\/\/safetycultureladder.com\/app\/uploads\/2023\/11\/proces-scl.jpg"},{"@type":"BreadcrumbList","@id":"https:\/\/safetycultureladder.com\/overige-sectoren\/#breadcrumb","itemListElement":[{"@type":"ListItem","position":1,"name":"Home","item":"https:\/\/safetycultureladder.com\/"},{"@type":"ListItem","position":2,"name":"Overige sectoren"}]},{"@type":"WebSite","@id":"https:\/\/safetycultureladder.com\/en\/#website","url":"https:\/\/safetycultureladder.com\/en\/","name":"\u00c9chelle de la culture de la s\u00e9curit\u00e9","description":"","publisher":{"@id":"https:\/\/safetycultureladder.com\/en\/#organization"},"potentialAction":[{"@type":"SearchAction","target":{"@type":"EntryPoint","urlTemplate":"https:\/\/safetycultureladder.com\/en\/?s={search_term_string}"},"query-input":{"@type":"PropertyValueSpecification","valueRequired":true,"valueName":"search_term_string"}}],"inLanguage":"fr-FR"},{"@type":"Organization","@id":"https:\/\/safetycultureladder.com\/en\/#organization","name":"\u00c9chelle de la culture de la s\u00e9curit\u00e9","url":"https:\/\/safetycultureladder.com\/en\/","logo":{"@type":"ImageObject","inLanguage":"fr-FR","@id":"https:\/\/safetycultureladder.com\/en\/#\/schema\/logo\/image\/","url":"https:\/\/safetycultureladder.com\/app\/uploads\/2023\/09\/NEN-Safety-Culture-Ladder_Logo-RGB-1.svg","contentUrl":"https:\/\/safetycultureladder.com\/app\/uploads\/2023\/09\/NEN-Safety-Culture-Ladder_Logo-RGB-1.svg","width":456,"height":36,"caption":"Safety Culture Ladder"},"image":{"@id":"https:\/\/safetycultureladder.com\/en\/#\/schema\/logo\/image\/"}}]}},"_links":{"self":[{"href":"https:\/\/safetycultureladder.com\/fr\/wp-json\/wp\/v2\/pages\/1344","targetHints":{"allow":["GET"]}}],"collection":[{"href":"https:\/\/safetycultureladder.com\/fr\/wp-json\/wp\/v2\/pages"}],"about":[{"href":"https:\/\/safetycultureladder.com\/fr\/wp-json\/wp\/v2\/types\/page"}],"author":[{"embeddable":true,"href":"https:\/\/safetycultureladder.com\/fr\/wp-json\/wp\/v2\/users\/1"}],"replies":[{"embeddable":true,"href":"https:\/\/safetycultureladder.com\/fr\/wp-json\/wp\/v2\/comments?post=1344"}],"version-history":[{"count":109,"href":"https:\/\/safetycultureladder.com\/fr\/wp-json\/wp\/v2\/pages\/1344\/revisions"}],"predecessor-version":[{"id":7047,"href":"https:\/\/safetycultureladder.com\/fr\/wp-json\/wp\/v2\/pages\/1344\/revisions\/7047"}],"wp:attachment":[{"href":"https:\/\/safetycultureladder.com\/fr\/wp-json\/wp\/v2\/media?parent=1344"}],"curies":[{"name":"wp","href":"https:\/\/api.w.org\/{rel}","templated":true}]}}