{"id":1775,"date":"2023-10-26T07:43:31","date_gmt":"2023-10-26T07:43:31","guid":{"rendered":"https:\/\/safetycultureladder.com\/?page_id=1775"},"modified":"2026-04-08T08:05:49","modified_gmt":"2026-04-08T08:05:49","slug":"loutil-web-scl","status":"publish","type":"page","link":"https:\/\/safetycultureladder.com\/fr\/loutil-web-scl\/","title":{"rendered":"L'outil web SCL"},"content":{"rendered":"<div data-elementor-type=\"wp-page\" data-elementor-id=\"1775\" class=\"elementor elementor-1775\" data-elementor-post-type=\"page\">\n\t\t\t\t<div class=\"elementor-element elementor-element-23a3838 e-con-full e-flex e-con e-parent\" data-id=\"23a3838\" data-element_type=\"container\" data-settings=\"{&quot;jet_parallax_layout_list&quot;:[],&quot;background_background&quot;:&quot;classic&quot;}\">\n\t\t<div class=\"elementor-element elementor-element-931c5f5 e-flex e-con-boxed e-con e-child\" data-id=\"931c5f5\" data-element_type=\"container\" data-settings=\"{&quot;jet_parallax_layout_list&quot;:[]}\">\n\t\t\t\t\t<div class=\"e-con-inner\">\n\t\t<div class=\"elementor-element elementor-element-995c47d e-con-full e-flex e-con e-child\" data-id=\"995c47d\" data-element_type=\"container\" data-settings=\"{&quot;jet_parallax_layout_list&quot;:[]}\">\n\t\t<div class=\"elementor-element elementor-element-3c283e6 e-con-full e-flex e-con e-child\" data-id=\"3c283e6\" data-element_type=\"container\" data-settings=\"{&quot;jet_parallax_layout_list&quot;:[]}\">\n\t\t\t\t<div class=\"elementor-element elementor-element-7ca397b elementor-widget__width-initial elementor-widget-mobile__width-auto elementor-widget elementor-widget-heading\" data-id=\"7ca397b\" data-element_type=\"widget\" data-widget_type=\"heading.default\">\n\t\t\t\t<div class=\"elementor-widget-container\">\n\t\t\t\t\t<h1 class=\"elementor-heading-title elementor-size-default\">L'outil web SCL <\/h1>\t\t\t\t<\/div>\n\t\t\t\t<\/div>\n\t\t\t\t<div class=\"elementor-element elementor-element-f3af78f elementor-widget elementor-widget-text-editor\" data-id=\"f3af78f\" data-element_type=\"widget\" data-widget_type=\"text-editor.default\">\n\t\t\t\t<div class=\"elementor-widget-container\">\n\t\t\t\t\t\t\t\t\tQuel est le niveau de sensibilisation \u00e0 la s\u00e9curit\u00e9 au sein de votre organisation \u00e0 l'heure actuelle ? D\u00e9couvrez-le en utilisant l'outil web. \t\t\t\t\t\t\t\t<\/div>\n\t\t\t\t<\/div>\n\t\t\t\t<\/div>\n\t\t\t\t<\/div>\n\t\t<div class=\"elementor-element elementor-element-5ad1a78 e-con-full e-flex e-con e-child\" data-id=\"5ad1a78\" data-element_type=\"container\" data-settings=\"{&quot;jet_parallax_layout_list&quot;:[]}\">\n\t\t\t\t<\/div>\n\t\t\t\t\t<\/div>\n\t\t\t\t<\/div>\n\t\t\t\t<\/div>\n\t\t<div class=\"elementor-element elementor-element-e2de220 e-flex e-con-boxed e-con e-parent\" data-id=\"e2de220\" data-element_type=\"container\" data-settings=\"{&quot;jet_parallax_layout_list&quot;:[]}\">\n\t\t\t\t\t<div class=\"e-con-inner\">\n\t\t<div class=\"elementor-element elementor-element-3aa7a38 e-flex e-con-boxed e-con e-child\" data-id=\"3aa7a38\" data-element_type=\"container\" data-settings=\"{&quot;jet_parallax_layout_list&quot;:[]}\">\n\t\t\t\t\t<div class=\"e-con-inner\">\n\t\t\t\t<div class=\"elementor-element elementor-element-f011fa5 elementor-widget__width-initial elementor-widget elementor-widget-heading\" data-id=\"f011fa5\" data-element_type=\"widget\" data-widget_type=\"heading.default\">\n\t\t\t\t<div class=\"elementor-widget-container\">\n\t\t\t\t\t<h2 class=\"elementor-heading-title elementor-size-default\">Commencer \u00e0 utiliser l'outil web <\/h2>\t\t\t\t<\/div>\n\t\t\t\t<\/div>\n\t\t\t\t<div class=\"elementor-element elementor-element-2abbf1c elementor-widget elementor-widget-text-editor\" data-id=\"2abbf1c\" data-element_type=\"widget\" data-widget_type=\"text-editor.default\">\n\t\t\t\t<div class=\"elementor-widget-container\">\n\t\t\t\t\t\t\t\t\tAvant d'envisager la certification, il est bon de jeter un premier coup d'\u0153il \u00e0 l'int\u00e9rieur de l'entreprise. Quel est le niveau de sensibilisation \u00e0 la s\u00e9curit\u00e9 dans votre organisation ? Demandez l'aide de votre responsable KAM ou de votre responsable de la s\u00e9curit\u00e9. Ils peuvent faire remplir un questionnaire pr\u00eat \u00e0 l'emploi. Il est important que chaque employ\u00e9 remplisse ce questionnaire, \u00e0 tous les niveaux de l'organisation. Les r\u00e9sultats fournissent une vue d'ensemble. Vous voyez o\u00f9 il y a des domaines \u00e0 am\u00e9liorer et o\u00f9 votre organisation obtient d\u00e9j\u00e0 de bons r\u00e9sultats.  \t\t\t\t\t\t\t\t<\/div>\n\t\t\t\t<\/div>\n\t\t\t\t\t<\/div>\n\t\t\t\t<\/div>\n\t\t\t\t\t<\/div>\n\t\t\t\t<\/div>\n\t\t<div class=\"elementor-element elementor-element-b6375d3 e-flex e-con-boxed e-con e-parent\" data-id=\"b6375d3\" data-element_type=\"container\" data-settings=\"{&quot;background_background&quot;:&quot;classic&quot;,&quot;jet_parallax_layout_list&quot;:[]}\">\n\t\t\t\t\t<div class=\"e-con-inner\">\n\t\t<div class=\"elementor-element elementor-element-42277be e-flex e-con-boxed e-con e-child\" data-id=\"42277be\" data-element_type=\"container\" data-settings=\"{&quot;jet_parallax_layout_list&quot;:[]}\">\n\t\t\t\t\t<div class=\"e-con-inner\">\n\t\t\t\t<div class=\"elementor-element elementor-element-3cc8859 elementor-widget elementor-widget-image\" data-id=\"3cc8859\" data-element_type=\"widget\" data-widget_type=\"image.default\">\n\t\t\t\t<div class=\"elementor-widget-container\">\n\t\t\t\t\t\t\t\t\t\t\t\t\t\t\t<img fetchpriority=\"high\" decoding=\"async\" width=\"2000\" height=\"1204\" src=\"https:\/\/safetycultureladder.com\/app\/uploads\/2023\/11\/proces-scl.jpg\" class=\"attachment-full size-full wp-image-3161\" alt=\"\" srcset=\"https:\/\/safetycultureladder.com\/app\/uploads\/2023\/11\/proces-scl.jpg 2000w, https:\/\/safetycultureladder.com\/app\/uploads\/2023\/11\/proces-scl-300x181.jpg 300w, https:\/\/safetycultureladder.com\/app\/uploads\/2023\/11\/proces-scl-1024x616.jpg 1024w, https:\/\/safetycultureladder.com\/app\/uploads\/2023\/11\/proces-scl-768x462.jpg 768w, https:\/\/safetycultureladder.com\/app\/uploads\/2023\/11\/proces-scl-1536x925.jpg 1536w, https:\/\/safetycultureladder.com\/app\/uploads\/2023\/11\/proces-scl-18x12.jpg 18w\" sizes=\"(max-width: 2000px) 100vw, 2000px\" \/>\t\t\t\t\t\t\t\t\t\t\t\t\t\t\t<\/div>\n\t\t\t\t<\/div>\n\t\t\t\t\t<\/div>\n\t\t\t\t<\/div>\n\t\t<div class=\"elementor-element elementor-element-0a0e04e e-flex e-con-boxed e-con e-child\" data-id=\"0a0e04e\" data-element_type=\"container\" data-settings=\"{&quot;jet_parallax_layout_list&quot;:[]}\">\n\t\t\t\t\t<div class=\"e-con-inner\">\n\t\t\t\t<div class=\"elementor-element elementor-element-1bf5c05 elementor-widget__width-auto elementor-widget elementor-widget-heading\" data-id=\"1bf5c05\" data-element_type=\"widget\" data-widget_type=\"heading.default\">\n\t\t\t\t<div class=\"elementor-widget-container\">\n\t\t\t\t\t<h2 class=\"elementor-heading-title elementor-size-default\">L'outil web offre : <\/h2>\t\t\t\t<\/div>\n\t\t\t\t<\/div>\n\t\t\t\t<div class=\"elementor-element elementor-element-f2d2b9c elementor-widget elementor-widget-text-editor\" data-id=\"f2d2b9c\" data-element_type=\"widget\" data-widget_type=\"text-editor.default\">\n\t\t\t\t<div class=\"elementor-widget-container\">\n\t\t\t\t\t\t\t\t\t<ul><li>Outil d'enqu\u00eate : envoi du questionnaire SCL aux employ\u00e9s<\/li><li>Plan d'action : pr\u00e9paration d'un plan d'action (disponible \u00e0 partir de la fin de l'ann\u00e9e 2023) pour travailler \u00e0 l'\u00e9tape souhait\u00e9e.<\/li><li>Fichier en ligne : t\u00e9l\u00e9chargement et collecte de la documentation du SCL \u00e0 partager avec des tiers (par exemple, des auditeurs ou des consultants)<\/li><\/ul>\t\t\t\t\t\t\t\t<\/div>\n\t\t\t\t<\/div>\n\t\t\t\t<div class=\"elementor-element elementor-element-809e1dd elementor-widget elementor-widget-button\" data-id=\"809e1dd\" data-element_type=\"widget\" data-widget_type=\"button.default\">\n\t\t\t\t<div class=\"elementor-widget-container\">\n\t\t\t\t\t\t\t\t\t<div class=\"elementor-button-wrapper\">\n\t\t\t\t\t<a class=\"elementor-button elementor-button-link elementor-size-sm\" href=\"https:\/\/www.webtoolscl.nl\/\" target=\"_blank\">\n\t\t\t\t\t\t<span class=\"elementor-button-content-wrapper\">\n\t\t\t\t\t\t\t\t\t<span class=\"elementor-button-text\">Vers l'outil web<\/span>\n\t\t\t\t\t<\/span>\n\t\t\t\t\t<\/a>\n\t\t\t\t<\/div>\n\t\t\t\t\t\t\t\t<\/div>\n\t\t\t\t<\/div>\n\t\t\t\t\t<\/div>\n\t\t\t\t<\/div>\n\t\t\t\t\t<\/div>\n\t\t\t\t<\/div>\n\t\t\t\t<\/div>","protected":false},"excerpt":{"rendered":"<p>L'outil web SCL Quel est le niveau de sensibilisation \u00e0 la s\u00e9curit\u00e9 dans votre organisation \u00e0 l'heure actuelle ? D\u00e9couvrez-le en utilisant l'outil web. Pour commencer \u00e0 utiliser l'outil web Avant d'envisager une certification, il est bon de jeter un premier coup d'\u0153il \u00e0 l'int\u00e9rieur de l'outil web. Quel est le niveau de sensibilisation \u00e0 la s\u00e9curit\u00e9 dans [...]<\/p>","protected":false},"author":1,"featured_media":0,"parent":0,"menu_order":0,"comment_status":"closed","ping_status":"closed","template":"","meta":{"_acf_changed":false,"footnotes":""},"class_list":["post-1775","page","type-page","status-publish","hentry"],"acf":[],"yoast_head":"<!-- This site is optimized with the Yoast SEO plugin v26.7 - https:\/\/yoast.com\/wordpress\/plugins\/seo\/ -->\n<title>De SCL webtool - Safety Culture Ladder<\/title>\n<meta name=\"robots\" content=\"index, follow, max-snippet:-1, max-image-preview:large, max-video-preview:-1\" \/>\n<link rel=\"canonical\" href=\"https:\/\/safetycultureladder.com\/fr\/loutil-web-scl\/\" \/>\n<meta property=\"og:locale\" content=\"fr_FR\" \/>\n<meta property=\"og:type\" content=\"article\" \/>\n<meta property=\"og:title\" content=\"De SCL webtool - Safety Culture Ladder\" \/>\n<meta property=\"og:description\" content=\"De SCL webtool Hoe groot is het veiligheidsbewustzijn op dit moment in uw organisatie? Ontdek het door gebruik te maken van de webtool. Van start gaan met behulp van de webtool Voordat u certificatie overweegt, is het goed om een eerste blik naar binnen te werpen. Hoe groot is het veiligheidsbewustzijn op dit moment in [&hellip;]\" \/>\n<meta property=\"og:url\" content=\"https:\/\/safetycultureladder.com\/fr\/loutil-web-scl\/\" \/>\n<meta property=\"og:site_name\" content=\"Safety Culture Ladder\" \/>\n<meta property=\"article:modified_time\" content=\"2026-04-08T08:05:49+00:00\" \/>\n<meta property=\"og:image\" content=\"https:\/\/safetycultureladder.com\/app\/uploads\/2023\/11\/proces-scl.jpg\" \/>\n\t<meta property=\"og:image:width\" content=\"2000\" \/>\n\t<meta property=\"og:image:height\" content=\"1204\" \/>\n\t<meta property=\"og:image:type\" content=\"image\/jpeg\" \/>\n<meta name=\"twitter:card\" content=\"summary_large_image\" \/>\n<meta name=\"twitter:label1\" content=\"Dur\u00e9e de lecture estim\u00e9e\" \/>\n\t<meta name=\"twitter:data1\" content=\"1 minute\" \/>\n<script type=\"application\/ld+json\" class=\"yoast-schema-graph\">{\"@context\":\"https:\/\/schema.org\",\"@graph\":[{\"@type\":\"WebPage\",\"@id\":\"https:\/\/safetycultureladder.com\/de-scl-webtool\/\",\"url\":\"https:\/\/safetycultureladder.com\/de-scl-webtool\/\",\"name\":\"De SCL webtool - Safety Culture Ladder\",\"isPartOf\":{\"@id\":\"https:\/\/safetycultureladder.com\/en\/#website\"},\"primaryImageOfPage\":{\"@id\":\"https:\/\/safetycultureladder.com\/de-scl-webtool\/#primaryimage\"},\"image\":{\"@id\":\"https:\/\/safetycultureladder.com\/de-scl-webtool\/#primaryimage\"},\"thumbnailUrl\":\"https:\/\/safetycultureladder.com\/app\/uploads\/2023\/11\/proces-scl.jpg\",\"datePublished\":\"2023-10-26T07:43:31+00:00\",\"dateModified\":\"2026-04-08T08:05:49+00:00\",\"breadcrumb\":{\"@id\":\"https:\/\/safetycultureladder.com\/de-scl-webtool\/#breadcrumb\"},\"inLanguage\":\"fr-FR\",\"potentialAction\":[{\"@type\":\"ReadAction\",\"target\":[\"https:\/\/safetycultureladder.com\/de-scl-webtool\/\"]}]},{\"@type\":\"ImageObject\",\"inLanguage\":\"fr-FR\",\"@id\":\"https:\/\/safetycultureladder.com\/de-scl-webtool\/#primaryimage\",\"url\":\"https:\/\/safetycultureladder.com\/app\/uploads\/2023\/11\/proces-scl.jpg\",\"contentUrl\":\"https:\/\/safetycultureladder.com\/app\/uploads\/2023\/11\/proces-scl.jpg\"},{\"@type\":\"BreadcrumbList\",\"@id\":\"https:\/\/safetycultureladder.com\/de-scl-webtool\/#breadcrumb\",\"itemListElement\":[{\"@type\":\"ListItem\",\"position\":1,\"name\":\"Home\",\"item\":\"https:\/\/safetycultureladder.com\/\"},{\"@type\":\"ListItem\",\"position\":2,\"name\":\"De SCL webtool\"}]},{\"@type\":\"WebSite\",\"@id\":\"https:\/\/safetycultureladder.com\/en\/#website\",\"url\":\"https:\/\/safetycultureladder.com\/en\/\",\"name\":\"Safety Culture Ladder\",\"description\":\"\",\"publisher\":{\"@id\":\"https:\/\/safetycultureladder.com\/en\/#organization\"},\"potentialAction\":[{\"@type\":\"SearchAction\",\"target\":{\"@type\":\"EntryPoint\",\"urlTemplate\":\"https:\/\/safetycultureladder.com\/en\/?s={search_term_string}\"},\"query-input\":{\"@type\":\"PropertyValueSpecification\",\"valueRequired\":true,\"valueName\":\"search_term_string\"}}],\"inLanguage\":\"fr-FR\"},{\"@type\":\"Organization\",\"@id\":\"https:\/\/safetycultureladder.com\/en\/#organization\",\"name\":\"Safety Culture Ladder\",\"url\":\"https:\/\/safetycultureladder.com\/en\/\",\"logo\":{\"@type\":\"ImageObject\",\"inLanguage\":\"fr-FR\",\"@id\":\"https:\/\/safetycultureladder.com\/en\/#\/schema\/logo\/image\/\",\"url\":\"https:\/\/safetycultureladder.com\/app\/uploads\/2023\/09\/NEN-Safety-Culture-Ladder_Logo-RGB-1.svg\",\"contentUrl\":\"https:\/\/safetycultureladder.com\/app\/uploads\/2023\/09\/NEN-Safety-Culture-Ladder_Logo-RGB-1.svg\",\"width\":456,\"height\":36,\"caption\":\"Safety Culture Ladder\"},\"image\":{\"@id\":\"https:\/\/safetycultureladder.com\/en\/#\/schema\/logo\/image\/\"}}]}<\/script>\n<!-- \/ Yoast SEO plugin. -->","yoast_head_json":{"title":"L'outil web SCL - \u00c9chelle de la culture de la s\u00e9curit\u00e9","robots":{"index":"index","follow":"follow","max-snippet":"max-snippet:-1","max-image-preview":"max-image-preview:large","max-video-preview":"max-video-preview:-1"},"canonical":"https:\/\/safetycultureladder.com\/fr\/loutil-web-scl\/","og_locale":"fr_FR","og_type":"article","og_title":"De SCL webtool - Safety Culture Ladder","og_description":"De SCL webtool Hoe groot is het veiligheidsbewustzijn op dit moment in uw organisatie? Ontdek het door gebruik te maken van de webtool. Van start gaan met behulp van de webtool Voordat u certificatie overweegt, is het goed om een eerste blik naar binnen te werpen. Hoe groot is het veiligheidsbewustzijn op dit moment in [&hellip;]","og_url":"https:\/\/safetycultureladder.com\/fr\/loutil-web-scl\/","og_site_name":"Safety Culture Ladder","article_modified_time":"2026-04-08T08:05:49+00:00","og_image":[{"width":2000,"height":1204,"url":"https:\/\/safetycultureladder.com\/app\/uploads\/2023\/11\/proces-scl.jpg","type":"image\/jpeg"}],"twitter_card":"summary_large_image","twitter_misc":{"Dur\u00e9e de lecture estim\u00e9e":"1 minute"},"schema":{"@context":"https:\/\/schema.org","@graph":[{"@type":"WebPage","@id":"https:\/\/safetycultureladder.com\/de-scl-webtool\/","url":"https:\/\/safetycultureladder.com\/de-scl-webtool\/","name":"L'outil web SCL - \u00c9chelle de la culture de la s\u00e9curit\u00e9","isPartOf":{"@id":"https:\/\/safetycultureladder.com\/en\/#website"},"primaryImageOfPage":{"@id":"https:\/\/safetycultureladder.com\/de-scl-webtool\/#primaryimage"},"image":{"@id":"https:\/\/safetycultureladder.com\/de-scl-webtool\/#primaryimage"},"thumbnailUrl":"https:\/\/safetycultureladder.com\/app\/uploads\/2023\/11\/proces-scl.jpg","datePublished":"2023-10-26T07:43:31+00:00","dateModified":"2026-04-08T08:05:49+00:00","breadcrumb":{"@id":"https:\/\/safetycultureladder.com\/de-scl-webtool\/#breadcrumb"},"inLanguage":"fr-FR","potentialAction":[{"@type":"ReadAction","target":["https:\/\/safetycultureladder.com\/de-scl-webtool\/"]}]},{"@type":"ImageObject","inLanguage":"fr-FR","@id":"https:\/\/safetycultureladder.com\/de-scl-webtool\/#primaryimage","url":"https:\/\/safetycultureladder.com\/app\/uploads\/2023\/11\/proces-scl.jpg","contentUrl":"https:\/\/safetycultureladder.com\/app\/uploads\/2023\/11\/proces-scl.jpg"},{"@type":"BreadcrumbList","@id":"https:\/\/safetycultureladder.com\/de-scl-webtool\/#breadcrumb","itemListElement":[{"@type":"ListItem","position":1,"name":"Home","item":"https:\/\/safetycultureladder.com\/"},{"@type":"ListItem","position":2,"name":"De SCL webtool"}]},{"@type":"WebSite","@id":"https:\/\/safetycultureladder.com\/en\/#website","url":"https:\/\/safetycultureladder.com\/en\/","name":"\u00c9chelle de la culture de la s\u00e9curit\u00e9","description":"","publisher":{"@id":"https:\/\/safetycultureladder.com\/en\/#organization"},"potentialAction":[{"@type":"SearchAction","target":{"@type":"EntryPoint","urlTemplate":"https:\/\/safetycultureladder.com\/en\/?s={search_term_string}"},"query-input":{"@type":"PropertyValueSpecification","valueRequired":true,"valueName":"search_term_string"}}],"inLanguage":"fr-FR"},{"@type":"Organization","@id":"https:\/\/safetycultureladder.com\/en\/#organization","name":"\u00c9chelle de la culture de la s\u00e9curit\u00e9","url":"https:\/\/safetycultureladder.com\/en\/","logo":{"@type":"ImageObject","inLanguage":"fr-FR","@id":"https:\/\/safetycultureladder.com\/en\/#\/schema\/logo\/image\/","url":"https:\/\/safetycultureladder.com\/app\/uploads\/2023\/09\/NEN-Safety-Culture-Ladder_Logo-RGB-1.svg","contentUrl":"https:\/\/safetycultureladder.com\/app\/uploads\/2023\/09\/NEN-Safety-Culture-Ladder_Logo-RGB-1.svg","width":456,"height":36,"caption":"Safety Culture Ladder"},"image":{"@id":"https:\/\/safetycultureladder.com\/en\/#\/schema\/logo\/image\/"}}]}},"_links":{"self":[{"href":"https:\/\/safetycultureladder.com\/fr\/wp-json\/wp\/v2\/pages\/1775","targetHints":{"allow":["GET"]}}],"collection":[{"href":"https:\/\/safetycultureladder.com\/fr\/wp-json\/wp\/v2\/pages"}],"about":[{"href":"https:\/\/safetycultureladder.com\/fr\/wp-json\/wp\/v2\/types\/page"}],"author":[{"embeddable":true,"href":"https:\/\/safetycultureladder.com\/fr\/wp-json\/wp\/v2\/users\/1"}],"replies":[{"embeddable":true,"href":"https:\/\/safetycultureladder.com\/fr\/wp-json\/wp\/v2\/comments?post=1775"}],"version-history":[{"count":41,"href":"https:\/\/safetycultureladder.com\/fr\/wp-json\/wp\/v2\/pages\/1775\/revisions"}],"predecessor-version":[{"id":6980,"href":"https:\/\/safetycultureladder.com\/fr\/wp-json\/wp\/v2\/pages\/1775\/revisions\/6980"}],"wp:attachment":[{"href":"https:\/\/safetycultureladder.com\/fr\/wp-json\/wp\/v2\/media?parent=1775"}],"curies":[{"name":"wp","href":"https:\/\/api.w.org\/{rel}","templated":true}]}}