{"id":4690,"date":"2023-12-14T14:06:27","date_gmt":"2023-12-14T14:06:27","guid":{"rendered":"https:\/\/safetycultureladder.com\/?page_id=4690"},"modified":"2023-12-18T07:58:13","modified_gmt":"2023-12-18T07:58:13","slug":"abonnement-au-bulletin-dinformation","status":"publish","type":"page","link":"https:\/\/safetycultureladder.com\/fr\/abonnement-au-bulletin-dinformation\/","title":{"rendered":"S'abonner \u00e0 la lettre d'information"},"content":{"rendered":"<div data-elementor-type=\"wp-page\" data-elementor-id=\"4690\" class=\"elementor elementor-4690\" data-elementor-post-type=\"page\">\n\t\t\t\t<div class=\"elementor-element elementor-element-fe96089 e-flex e-con-boxed e-con e-parent\" data-id=\"fe96089\" data-element_type=\"container\" data-settings=\"{&quot;background_background&quot;:&quot;classic&quot;,&quot;jet_parallax_layout_list&quot;:[]}\">\n\t\t\t\t\t<div class=\"e-con-inner\">\n\t\t<div class=\"elementor-element elementor-element-01b753a e-flex e-con-boxed e-con e-child\" data-id=\"01b753a\" data-element_type=\"container\" data-settings=\"{&quot;jet_parallax_layout_list&quot;:[]}\">\n\t\t\t\t\t<div class=\"e-con-inner\">\n\t\t\t\t<div class=\"elementor-element elementor-element-db62f9b elementor-widget__width-initial elementor-widget-mobile__width-auto elementor-widget elementor-widget-heading\" data-id=\"db62f9b\" data-element_type=\"widget\" data-widget_type=\"heading.default\">\n\t\t\t\t<div class=\"elementor-widget-container\">\n\t\t\t\t\t<h1 class=\"elementor-heading-title elementor-size-default\">S'abonner \u00e0 la newsletter<\/h1>\t\t\t\t<\/div>\n\t\t\t\t<\/div>\n\t\t\t\t<div class=\"elementor-element elementor-element-409234d elementor-widget elementor-widget-text-editor\" data-id=\"409234d\" data-element_type=\"widget\" data-no-translation=\"\" data-widget_type=\"text-editor.default\">\n\t\t\t\t<div class=\"elementor-widget-container\">\n\t\t\t\t\t<style>.elementor-element-409234d{display:none !important}<\/style>\t\t\t\t<\/div>\n\t\t\t\t<\/div>\n\t\t\t\t<div class=\"elementor-element elementor-element-994f92f elementor-widget elementor-widget-text-editor\" data-id=\"994f92f\" data-element_type=\"widget\" data-no-translation=\"\" data-widget_type=\"text-editor.default\">\n\t\t\t\t<div class=\"elementor-widget-container\">\n\t\t\t\t\t<style>.elementor-element-994f92f{display:none !important}<\/style>\t\t\t\t<\/div>\n\t\t\t\t<\/div>\n\t\t\t\t<div class=\"elementor-element elementor-element-54c9166 elementor-widget elementor-widget-text-editor\" data-id=\"54c9166\" data-element_type=\"widget\" data-no-translation=\"\" data-widget_type=\"text-editor.default\">\n\t\t\t\t<div class=\"elementor-widget-container\">\n\t\t\t\t\t<style>.elementor-element-54c9166{display:none !important}<\/style>\t\t\t\t<\/div>\n\t\t\t\t<\/div>\n\t\t\t\t\t<\/div>\n\t\t\t\t<\/div>\n\t\t\t\t\t<\/div>\n\t\t\t\t<\/div>\n\t\t\t\t<\/div>","protected":false},"excerpt":{"rendered":"<p>S'abonner \u00e0 la newsletter<\/p>","protected":false},"author":1,"featured_media":0,"parent":0,"menu_order":0,"comment_status":"closed","ping_status":"closed","template":"","meta":{"_acf_changed":false,"footnotes":""},"class_list":["post-4690","page","type-page","status-publish","hentry"],"acf":[],"yoast_head":"<!-- This site is optimized with the Yoast SEO plugin v26.7 - https:\/\/yoast.com\/wordpress\/plugins\/seo\/ -->\n<title>Inschrijven nieuwsbrief - Safety Culture Ladder<\/title>\n<meta name=\"robots\" content=\"index, follow, max-snippet:-1, max-image-preview:large, max-video-preview:-1\" \/>\n<link rel=\"canonical\" href=\"https:\/\/safetycultureladder.com\/fr\/abonnement-au-bulletin-dinformation\/\" \/>\n<meta property=\"og:locale\" content=\"fr_FR\" \/>\n<meta property=\"og:type\" content=\"article\" \/>\n<meta property=\"og:title\" content=\"Inschrijven nieuwsbrief - Safety Culture Ladder\" \/>\n<meta property=\"og:description\" content=\"Schrijf u in voor onze nieuwsbrief\" \/>\n<meta property=\"og:url\" content=\"https:\/\/safetycultureladder.com\/fr\/abonnement-au-bulletin-dinformation\/\" \/>\n<meta property=\"og:site_name\" content=\"Safety Culture Ladder\" \/>\n<meta property=\"article:modified_time\" content=\"2023-12-18T07:58:13+00:00\" \/>\n<meta name=\"twitter:card\" content=\"summary_large_image\" \/>\n<meta name=\"twitter:label1\" content=\"Dur\u00e9e de lecture estim\u00e9e\" \/>\n\t<meta name=\"twitter:data1\" content=\"1 minute\" \/>\n<script type=\"application\/ld+json\" class=\"yoast-schema-graph\">{\"@context\":\"https:\/\/schema.org\",\"@graph\":[{\"@type\":\"WebPage\",\"@id\":\"https:\/\/safetycultureladder.com\/inschrijven-nieuwsbrief\/\",\"url\":\"https:\/\/safetycultureladder.com\/inschrijven-nieuwsbrief\/\",\"name\":\"Inschrijven nieuwsbrief - Safety Culture Ladder\",\"isPartOf\":{\"@id\":\"https:\/\/safetycultureladder.com\/en\/#website\"},\"datePublished\":\"2023-12-14T14:06:27+00:00\",\"dateModified\":\"2023-12-18T07:58:13+00:00\",\"breadcrumb\":{\"@id\":\"https:\/\/safetycultureladder.com\/inschrijven-nieuwsbrief\/#breadcrumb\"},\"inLanguage\":\"fr-FR\",\"potentialAction\":[{\"@type\":\"ReadAction\",\"target\":[\"https:\/\/safetycultureladder.com\/inschrijven-nieuwsbrief\/\"]}]},{\"@type\":\"BreadcrumbList\",\"@id\":\"https:\/\/safetycultureladder.com\/inschrijven-nieuwsbrief\/#breadcrumb\",\"itemListElement\":[{\"@type\":\"ListItem\",\"position\":1,\"name\":\"Home\",\"item\":\"https:\/\/safetycultureladder.com\/\"},{\"@type\":\"ListItem\",\"position\":2,\"name\":\"Inschrijven nieuwsbrief\"}]},{\"@type\":\"WebSite\",\"@id\":\"https:\/\/safetycultureladder.com\/en\/#website\",\"url\":\"https:\/\/safetycultureladder.com\/en\/\",\"name\":\"Safety Culture Ladder\",\"description\":\"\",\"publisher\":{\"@id\":\"https:\/\/safetycultureladder.com\/en\/#organization\"},\"potentialAction\":[{\"@type\":\"SearchAction\",\"target\":{\"@type\":\"EntryPoint\",\"urlTemplate\":\"https:\/\/safetycultureladder.com\/en\/?s={search_term_string}\"},\"query-input\":{\"@type\":\"PropertyValueSpecification\",\"valueRequired\":true,\"valueName\":\"search_term_string\"}}],\"inLanguage\":\"fr-FR\"},{\"@type\":\"Organization\",\"@id\":\"https:\/\/safetycultureladder.com\/en\/#organization\",\"name\":\"Safety Culture Ladder\",\"url\":\"https:\/\/safetycultureladder.com\/en\/\",\"logo\":{\"@type\":\"ImageObject\",\"inLanguage\":\"fr-FR\",\"@id\":\"https:\/\/safetycultureladder.com\/en\/#\/schema\/logo\/image\/\",\"url\":\"https:\/\/safetycultureladder.com\/app\/uploads\/2023\/09\/NEN-Safety-Culture-Ladder_Logo-RGB-1.svg\",\"contentUrl\":\"https:\/\/safetycultureladder.com\/app\/uploads\/2023\/09\/NEN-Safety-Culture-Ladder_Logo-RGB-1.svg\",\"width\":456,\"height\":36,\"caption\":\"Safety Culture Ladder\"},\"image\":{\"@id\":\"https:\/\/safetycultureladder.com\/en\/#\/schema\/logo\/image\/\"}}]}<\/script>\n<!-- \/ Yoast SEO plugin. -->","yoast_head_json":{"title":"S'abonner \u00e0 la lettre d'information - \u00c9chelle de culture de la s\u00e9curit\u00e9","robots":{"index":"index","follow":"follow","max-snippet":"max-snippet:-1","max-image-preview":"max-image-preview:large","max-video-preview":"max-video-preview:-1"},"canonical":"https:\/\/safetycultureladder.com\/fr\/abonnement-au-bulletin-dinformation\/","og_locale":"fr_FR","og_type":"article","og_title":"Inschrijven nieuwsbrief - Safety Culture Ladder","og_description":"Schrijf u in voor onze nieuwsbrief","og_url":"https:\/\/safetycultureladder.com\/fr\/abonnement-au-bulletin-dinformation\/","og_site_name":"Safety Culture Ladder","article_modified_time":"2023-12-18T07:58:13+00:00","twitter_card":"summary_large_image","twitter_misc":{"Dur\u00e9e de lecture estim\u00e9e":"1 minute"},"schema":{"@context":"https:\/\/schema.org","@graph":[{"@type":"WebPage","@id":"https:\/\/safetycultureladder.com\/inschrijven-nieuwsbrief\/","url":"https:\/\/safetycultureladder.com\/inschrijven-nieuwsbrief\/","name":"S'abonner \u00e0 la lettre d'information - \u00c9chelle de culture de la s\u00e9curit\u00e9","isPartOf":{"@id":"https:\/\/safetycultureladder.com\/en\/#website"},"datePublished":"2023-12-14T14:06:27+00:00","dateModified":"2023-12-18T07:58:13+00:00","breadcrumb":{"@id":"https:\/\/safetycultureladder.com\/inschrijven-nieuwsbrief\/#breadcrumb"},"inLanguage":"fr-FR","potentialAction":[{"@type":"ReadAction","target":["https:\/\/safetycultureladder.com\/inschrijven-nieuwsbrief\/"]}]},{"@type":"BreadcrumbList","@id":"https:\/\/safetycultureladder.com\/inschrijven-nieuwsbrief\/#breadcrumb","itemListElement":[{"@type":"ListItem","position":1,"name":"Home","item":"https:\/\/safetycultureladder.com\/"},{"@type":"ListItem","position":2,"name":"Inschrijven nieuwsbrief"}]},{"@type":"WebSite","@id":"https:\/\/safetycultureladder.com\/en\/#website","url":"https:\/\/safetycultureladder.com\/en\/","name":"\u00c9chelle de la culture de la s\u00e9curit\u00e9","description":"","publisher":{"@id":"https:\/\/safetycultureladder.com\/en\/#organization"},"potentialAction":[{"@type":"SearchAction","target":{"@type":"EntryPoint","urlTemplate":"https:\/\/safetycultureladder.com\/en\/?s={search_term_string}"},"query-input":{"@type":"PropertyValueSpecification","valueRequired":true,"valueName":"search_term_string"}}],"inLanguage":"fr-FR"},{"@type":"Organization","@id":"https:\/\/safetycultureladder.com\/en\/#organization","name":"\u00c9chelle de la culture de la s\u00e9curit\u00e9","url":"https:\/\/safetycultureladder.com\/en\/","logo":{"@type":"ImageObject","inLanguage":"fr-FR","@id":"https:\/\/safetycultureladder.com\/en\/#\/schema\/logo\/image\/","url":"https:\/\/safetycultureladder.com\/app\/uploads\/2023\/09\/NEN-Safety-Culture-Ladder_Logo-RGB-1.svg","contentUrl":"https:\/\/safetycultureladder.com\/app\/uploads\/2023\/09\/NEN-Safety-Culture-Ladder_Logo-RGB-1.svg","width":456,"height":36,"caption":"Safety Culture Ladder"},"image":{"@id":"https:\/\/safetycultureladder.com\/en\/#\/schema\/logo\/image\/"}}]}},"_links":{"self":[{"href":"https:\/\/safetycultureladder.com\/fr\/wp-json\/wp\/v2\/pages\/4690","targetHints":{"allow":["GET"]}}],"collection":[{"href":"https:\/\/safetycultureladder.com\/fr\/wp-json\/wp\/v2\/pages"}],"about":[{"href":"https:\/\/safetycultureladder.com\/fr\/wp-json\/wp\/v2\/types\/page"}],"author":[{"embeddable":true,"href":"https:\/\/safetycultureladder.com\/fr\/wp-json\/wp\/v2\/users\/1"}],"replies":[{"embeddable":true,"href":"https:\/\/safetycultureladder.com\/fr\/wp-json\/wp\/v2\/comments?post=4690"}],"version-history":[{"count":46,"href":"https:\/\/safetycultureladder.com\/fr\/wp-json\/wp\/v2\/pages\/4690\/revisions"}],"predecessor-version":[{"id":4770,"href":"https:\/\/safetycultureladder.com\/fr\/wp-json\/wp\/v2\/pages\/4690\/revisions\/4770"}],"wp:attachment":[{"href":"https:\/\/safetycultureladder.com\/fr\/wp-json\/wp\/v2\/media?parent=4690"}],"curies":[{"name":"wp","href":"https:\/\/api.w.org\/{rel}","templated":true}]}}